{"id":425,"date":"2022-09-26T14:32:39","date_gmt":"2022-09-26T12:32:39","guid":{"rendered":"https:\/\/www.university-press.fau.de\/produkt\/translating-the-determination-of-subjective-customer-perceptions-from-the-health-care-sector-to-the-service-industry\/"},"modified":"2025-01-03T18:55:33","modified_gmt":"2025-01-03T17:55:33","slug":"978-3-96147-092-1","status":"publish","type":"product","link":"https:\/\/www.university-press.fau.de\/en\/product\/978-3-96147-092-1\/","title":{"rendered":"Translating the determination of subjective customer perceptions from the health care sector to the service industry"},"content":{"rendered":"<p>Die Automobilindustrie befindet sich in einem disruptiven Wandel, in dem die Differenzierung zum Wettbewerb \u00fcber das Auto als Produkt alleine nicht mehr ausreicht. Den Kunden in den Mittelpunkt zu stellen, ist das wichtigste resultierende Ziel der Service Industrie. Die Konsequenz ist der Wandel von einem produkt-orientierten Unternehmen zu einem service-orientierten Unternehmen, in dem das Produkt Auto ein Instrument ist, um die Kundenzufriedenheit zu maximieren. Die subjektive Wahrnehmung der Kunden korrekt zu erfassen und zu verstehen ist die daraus resultierende Herausforderung vor der die Unternehmen derzeit stehen. Um den maximalen Behandlungserfolg aus Sicht der Patienten im medizinischen Umfeld zu erreichen, bildet der Patientenfokus seit Jahren ein Kernelement des klinischen Sektors. Die Erfassung der subjektiv wahrgenommenen Pateientenzufriedenheit ist in zahlreichen Studien ausgiebig erforscht und durch etablierte Erhebungs-Methoden validiert.<\/p>\n<p>Das Ziel dieser Arbeit bildet der Wissenstransfer zur Erfassung der wahrgenommenen Zufriedenheit aus dem klinischen Sektor auf die Automobilindustrie. In einem Praxisbeispiel werden Management-Implikationen und Empfehlungen zur Verbesserung der aktuellen Erfassung der wahrgenommenen Kundenzufriedenheit in der Automobilindustrie erarbeitet. Jede Serviceaktion eines Fahrzeugs generiert massenhaft Daten. Durch die Beantwortung der folgenden zwei Fragen, zeigt diese Arbeit auf, wie der Nutzen aus diesen Daten maximiert werden kann: 1. K\u00f6nnen unzufriedene Kunden noch w\u00e4hrend der Service-Interaktion klassifiziert werden, basierend auf den w\u00e4hrenddessen generierten Daten? 2. K\u00f6nnen die Indikatoren der Unzufriedenheit aus den Daten der Serviceprozesse abgeleitet werden?<\/p>\n<p>Durch die Beantwortung dieser Fragen k\u00f6nnen auf Basis dieser Arbeit neue datengetriebene Gesch\u00e4ftsmodelle f\u00fcr die Automobilindustrie entwickelt werden, um das Ziel die Kundenzufriedenheit zu maximieren, erreichen zu k\u00f6nnen.<\/p>","protected":false},"excerpt":{"rendered":"<p>Die Automobilindustrie befindet sich in einem disruptiven Wandel, in dem die Differenzierung zum Wettbewerb \u00fcber das Auto als Produkt alleine nicht mehr ausreicht. Den Kunden in den Mittelpunkt zu stellen, ist das wichtigste resultierende Ziel der Service Industrie. Die Konsequenz ist der Wandel von einem produkt-orientierten Unternehmen zu einem service-orientierten Unternehmen, in dem das Produkt [&hellip;]<\/p>\n","protected":false},"featured_media":1141,"comment_status":"open","ping_status":"closed","template":"","meta":{"_acf_changed":false},"product_brand":[],"product_cat":[40],"product_tag":[],"class_list":{"0":"post-425","1":"product","2":"type-product","3":"status-publish","4":"has-post-thumbnail","6":"product_cat-einzeltitel","7":"has-post-title","8":"has-post-date","9":"has-post-category","10":"has-post-tag","11":"has-post-comment","12":"has-post-author","13":"","15":"first","16":"instock","17":"taxable","18":"shipping-taxable","19":"purchasable","20":"product-type-simple"},"acf":{"autor":"Meinzer, Stefan","orcid":"","ror":"","herausgeber":"","orcid_hrsg":"","rorhrsg":"","bearbeiter":"","sonstige_beteiligte_personen":"","untertitel":"","zusatz":"","jahr":"2018","zeitschrift":"","serie":"","serie_name":"","serie_band":"","serie_jahr":"","serie_titel_band":"","vortrage":"","issn":"","isbn":"","isbn13":"978-3-96147-092-1","seiten":"xvii,146","sonstiges":"","band":"","auflage":"","opus":9805,"dspace":"9805","e-isbn_pdf":"978-3-96147-093-8","doi":"https:\/\/doi.org\/10.25593\/978-3-96147-093-8","epub":"","e-isbn_epub":"","doi_epub":"","html":"","e-isbn_html":"","doi_html":"","e-isbn_reader":"","doi_reader":"","digibib":"","urn":"urn:nbn:de:bvb:29-opus4-98059","supplementary_material":"","sprache":["Englisch"],"ausgabe":"Softcover","suche":" 9783961470921 9783961470938  ","lizenz":"BY-NC-ND-4","bemerkung":""},"builder_content":"","_links":{"self":[{"href":"https:\/\/www.university-press.fau.de\/en\/wp-json\/wp\/v2\/product\/425","targetHints":{"allow":["GET"]}}],"collection":[{"href":"https:\/\/www.university-press.fau.de\/en\/wp-json\/wp\/v2\/product"}],"about":[{"href":"https:\/\/www.university-press.fau.de\/en\/wp-json\/wp\/v2\/types\/product"}],"replies":[{"embeddable":true,"href":"https:\/\/www.university-press.fau.de\/en\/wp-json\/wp\/v2\/comments?post=425"}],"wp:featuredmedia":[{"embeddable":true,"href":"https:\/\/www.university-press.fau.de\/en\/wp-json\/wp\/v2\/media\/1141"}],"wp:attachment":[{"href":"https:\/\/www.university-press.fau.de\/en\/wp-json\/wp\/v2\/media?parent=425"}],"wp:term":[{"taxonomy":"product_brand","embeddable":true,"href":"https:\/\/www.university-press.fau.de\/en\/wp-json\/wp\/v2\/product_brand?post=425"},{"taxonomy":"product_cat","embeddable":true,"href":"https:\/\/www.university-press.fau.de\/en\/wp-json\/wp\/v2\/product_cat?post=425"},{"taxonomy":"product_tag","embeddable":true,"href":"https:\/\/www.university-press.fau.de\/en\/wp-json\/wp\/v2\/product_tag?post=425"}],"curies":[{"name":"wp","href":"https:\/\/api.w.org\/{rel}","templated":true}]}}