{"id":426,"date":"2022-09-26T14:32:40","date_gmt":"2022-09-26T12:32:40","guid":{"rendered":"https:\/\/www.university-press.fau.de\/produkt\/reformatorische-freiheit\/"},"modified":"2025-01-03T18:53:01","modified_gmt":"2025-01-03T17:53:01","slug":"978-3-96147-125-6","status":"publish","type":"product","link":"https:\/\/www.university-press.fau.de\/en\/product\/978-3-96147-125-6\/","title":{"rendered":"Reformatorische Freiheit"},"content":{"rendered":"<p>Freiheit war ein zentrales Thema und Anliegen der Reformation. Die Beitr\u00e4ge dieses Buches zeigen, dass Luthers Begriff der Freiheit prim\u00e4r religi\u00f6s-theologisch gepr\u00e4gt war und erst indirekt, \u00fcber Aufkl\u00e4rung und Neuprotestantismus, auch kirchen- und gesellschaftspolitisch wirksam wurde.<\/p>","protected":false},"excerpt":{"rendered":"<p>Freiheit war ein zentrales Thema und Anliegen der Reformation. Die Beitr\u00e4ge dieses Buches zeigen, dass Luthers Begriff der Freiheit prim\u00e4r religi\u00f6s-theologisch gepr\u00e4gt war und erst indirekt, \u00fcber Aufkl\u00e4rung und Neuprotestantismus, auch kirchen- und gesellschaftspolitisch wirksam wurde.<\/p>","protected":false},"featured_media":1140,"comment_status":"open","ping_status":"closed","template":"","meta":{"_acf_changed":false},"product_brand":[],"product_cat":[40],"product_tag":[],"class_list":{"0":"post-426","1":"product","2":"type-product","3":"status-publish","4":"has-post-thumbnail","6":"product_cat-einzeltitel","7":"has-post-title","8":"has-post-date","9":"has-post-category","10":"has-post-tag","11":"has-post-comment","12":"has-post-author","13":"","15":"first","16":"instock","17":"taxable","18":"shipping-taxable","19":"purchasable","20":"product-type-simple"},"acf":{"autor":"Beuttler, Ulrich","orcid":"","ror":"","herausgeber":"","orcid_hrsg":"","rorhrsg":"","bearbeiter":"","sonstige_beteiligte_personen":"","untertitel":"","zusatz":"","jahr":"2018","zeitschrift":"","serie":"","serie_name":"","serie_band":"","serie_jahr":"","serie_titel_band":"","vortrage":"","issn":"","isbn":"","isbn13":"978-3-96147-125-6","seiten":"iv, 90","sonstiges":"","band":"","auflage":"","opus":9987,"dspace":"9987","e-isbn_pdf":"978-3-96147-126-3","doi":"https:\/\/doi.org\/10.25593\/978-3-96147-126-3","epub":"","e-isbn_epub":"","doi_epub":"","html":"","e-isbn_html":"","doi_html":"","e-isbn_reader":"","doi_reader":"","digibib":"","urn":"urn:nbn:de:bvb:29-opus4-99870","supplementary_material":"","sprache":["Deutsch"],"ausgabe":"Softcover","suche":" 9783961471256 9783961471263  ","lizenz":"BY-NC-ND-4","bemerkung":""},"builder_content":"","_links":{"self":[{"href":"https:\/\/www.university-press.fau.de\/en\/wp-json\/wp\/v2\/product\/426","targetHints":{"allow":["GET"]}}],"collection":[{"href":"https:\/\/www.university-press.fau.de\/en\/wp-json\/wp\/v2\/product"}],"about":[{"href":"https:\/\/www.university-press.fau.de\/en\/wp-json\/wp\/v2\/types\/product"}],"replies":[{"embeddable":true,"href":"https:\/\/www.university-press.fau.de\/en\/wp-json\/wp\/v2\/comments?post=426"}],"wp:featuredmedia":[{"embeddable":true,"href":"https:\/\/www.university-press.fau.de\/en\/wp-json\/wp\/v2\/media\/1140"}],"wp:attachment":[{"href":"https:\/\/www.university-press.fau.de\/en\/wp-json\/wp\/v2\/media?parent=426"}],"wp:term":[{"taxonomy":"product_brand","embeddable":true,"href":"https:\/\/www.university-press.fau.de\/en\/wp-json\/wp\/v2\/product_brand?post=426"},{"taxonomy":"product_cat","embeddable":true,"href":"https:\/\/www.university-press.fau.de\/en\/wp-json\/wp\/v2\/product_cat?post=426"},{"taxonomy":"product_tag","embeddable":true,"href":"https:\/\/www.university-press.fau.de\/en\/wp-json\/wp\/v2\/product_tag?post=426"}],"curies":[{"name":"wp","href":"https:\/\/api.w.org\/{rel}","templated":true}]}}