{"id":427,"date":"2022-09-26T14:32:42","date_gmt":"2022-09-26T12:32:42","guid":{"rendered":"https:\/\/www.university-press.fau.de\/produkt\/unternehmensweite-modellierung-und-simulation-von-produktionssystemen-der-prozessindustrie-am-beispiel-von-brauereien\/"},"modified":"2025-01-03T18:51:12","modified_gmt":"2025-01-03T17:51:12","slug":"978-3-96147-129-4","status":"publish","type":"product","link":"https:\/\/www.university-press.fau.de\/en\/product\/978-3-96147-129-4\/","title":{"rendered":"Unternehmensweite Modellierung und Simulation von Produktionssystemen der Prozessindustrie am Beispiel von Brauereien"},"content":{"rendered":"<p>Die Nachfrage nach einer nachhaltigen Produktion von Chemikalien, Lebensmitteln und Pharmazeutika steigt stetig. Diese Arbeit zeigt, wie die Digitalisierung und Virtualisierung, basierend auf Modellierung und Simulation, zur ganzheitlichen Analyse von Produktionssystemen der Prozessindustrie und zur Steigerung der Nachhaltigkeit der Produktion am Beispiel von Brauereien eingesetzt werden kann. Ein neuartiges Tool, basierend auf Referenznetzen, Java, Datenbanksystemen und einem Modellkopplungsmechanismus namens Balance-Flows wurde hierf\u00fcr entwickelt. Mit diesem Tool wurden Brauereien aus einer unternehmensweiten Perspektive, inklusive der Abteilungen W\u00fcrzeherstellung, Bierherstellung, Abf\u00fcllung und Reinigung, virtualisiert. Dieses Tool bietet eine gro\u00dfe Unterst\u00fctzung bei der Quantifizierung \u00f6kologischer und \u00f6konomischer Einsparpotenziale, die anhand verschiedener Fallbeispiele aufgezeigt wurden: Die Installation einer zweiten W\u00fcrzepfanne in einer Brauerei erh\u00f6ht die Produktionskapazit\u00e4t um 30 %. Der Austausch einer bestimmten W\u00fcrzepumpe f\u00fchrte zu einer Einsparung von 30 kWh pro Woche und ein zus\u00e4tzlicher Stapelwassertank in der Clean-In-Place-Anlage einer Brauerei reduziert den Frischwasserbedarf um 5000 kg pro Woche. Die \u00c4nderung des Produktionsplans erm\u00f6glicht Einsparungen im zweistelligen Prozentbereich aufgrund von schwankenden Strompreisen. Die aufgezeigten Einsparpotenziale stehen dabei im Kontext des gesamten Unternehmens und basieren jeweils auf einen einzelnen \u201edigitalen Zwilling\u201c der betrachteten Brauerei. Die ganzheitliche Analyse der verschiedenen Abteilungen von Brauereien f\u00fchrte zu zahlreichen \u00f6kologischen und \u00f6konomischen Erkenntnissen. Die neuartige Virtualisierungsmethode bietet eine hervorragende Grundlage f\u00fcr die Modellierung und Simulation typischer Entit\u00e4ten chargenorientierter Produktionssysteme der Prozessindustrie (Rezepte, Prozesse und Ger\u00e4te) und ist eine gro\u00dfe Hilfe f\u00fcr Betriebsleiter und Ingenieure.<\/p>","protected":false},"excerpt":{"rendered":"<p>Die Nachfrage nach einer nachhaltigen Produktion von Chemikalien, Lebensmitteln und Pharmazeutika steigt stetig. Diese Arbeit zeigt, wie die Digitalisierung und Virtualisierung, basierend auf Modellierung und Simulation, zur ganzheitlichen Analyse von Produktionssystemen der Prozessindustrie und zur Steigerung der Nachhaltigkeit der Produktion am Beispiel von Brauereien eingesetzt werden kann. Ein neuartiges Tool, basierend auf Referenznetzen, Java, Datenbanksystemen [&hellip;]<\/p>\n","protected":false},"featured_media":1139,"comment_status":"open","ping_status":"closed","template":"","meta":{"_acf_changed":false},"product_brand":[],"product_cat":[40],"product_tag":[],"class_list":{"0":"post-427","1":"product","2":"type-product","3":"status-publish","4":"has-post-thumbnail","6":"product_cat-einzeltitel","7":"has-post-title","8":"has-post-date","9":"has-post-category","10":"has-post-tag","11":"has-post-comment","12":"has-post-author","13":"","15":"first","16":"instock","17":"taxable","18":"shipping-taxable","19":"purchasable","20":"product-type-simple"},"acf":{"autor":"Hubert, Stefan Richard","orcid":"","ror":"","herausgeber":"","orcid_hrsg":"","rorhrsg":"","bearbeiter":"","sonstige_beteiligte_personen":"","untertitel":"","zusatz":"","jahr":"2018","zeitschrift":"","serie":"","serie_name":"","serie_band":"","serie_jahr":"","serie_titel_band":"","vortrage":"","issn":"","isbn":"","isbn13":"978-3-96147-129-4","seiten":"xxii, 239","sonstiges":"","band":"","auflage":"","opus":9994,"dspace":"9994","e-isbn_pdf":"978-3-96147-130-0","doi":"https:\/\/doi.org\/10.25593\/978-3-96147-130-0","epub":"","e-isbn_epub":"","doi_epub":"","html":"","e-isbn_html":"","doi_html":"","e-isbn_reader":"","doi_reader":"","digibib":"","urn":"urn:nbn:de:bvb:29-opus4-99941","supplementary_material":"","sprache":["Deutsch"],"ausgabe":"Softcover","suche":" 9783961471294 9783961471300  ","lizenz":"BY-NC-ND-4","bemerkung":""},"builder_content":"","_links":{"self":[{"href":"https:\/\/www.university-press.fau.de\/en\/wp-json\/wp\/v2\/product\/427","targetHints":{"allow":["GET"]}}],"collection":[{"href":"https:\/\/www.university-press.fau.de\/en\/wp-json\/wp\/v2\/product"}],"about":[{"href":"https:\/\/www.university-press.fau.de\/en\/wp-json\/wp\/v2\/types\/product"}],"replies":[{"embeddable":true,"href":"https:\/\/www.university-press.fau.de\/en\/wp-json\/wp\/v2\/comments?post=427"}],"wp:featuredmedia":[{"embeddable":true,"href":"https:\/\/www.university-press.fau.de\/en\/wp-json\/wp\/v2\/media\/1139"}],"wp:attachment":[{"href":"https:\/\/www.university-press.fau.de\/en\/wp-json\/wp\/v2\/media?parent=427"}],"wp:term":[{"taxonomy":"product_brand","embeddable":true,"href":"https:\/\/www.university-press.fau.de\/en\/wp-json\/wp\/v2\/product_brand?post=427"},{"taxonomy":"product_cat","embeddable":true,"href":"https:\/\/www.university-press.fau.de\/en\/wp-json\/wp\/v2\/product_cat?post=427"},{"taxonomy":"product_tag","embeddable":true,"href":"https:\/\/www.university-press.fau.de\/en\/wp-json\/wp\/v2\/product_tag?post=427"}],"curies":[{"name":"wp","href":"https:\/\/api.w.org\/{rel}","templated":true}]}}