{"id":428,"date":"2022-09-26T14:32:43","date_gmt":"2022-09-26T12:32:43","guid":{"rendered":"https:\/\/www.university-press.fau.de\/produkt\/die-hohenzollern-und-die-fau\/"},"modified":"2026-02-03T15:31:34","modified_gmt":"2026-02-03T14:31:34","slug":"978-3-96147-143-0","status":"publish","type":"product","link":"https:\/\/www.university-press.fau.de\/en\/product\/978-3-96147-143-0\/","title":{"rendered":"Die Hohenzollern und die FAU"},"content":{"rendered":"<p>Die Friedrich-Alexander-Universit\u00e4t Erlangen-N\u00fcrnberg ist dem Hause Hohenzollern seit ihrer Gr\u00fcndung vor 275 Jahren besonders verbunden. Gegenst\u00e4ndliche Zeugen dieser reichen Vergangenheit sind an der Universit\u00e4t vielfach \u00fcberliefert, insbesondere die Markgr\u00e4fliche Hausbibliothek, die der Gr\u00fcnder Markgraf Friedrich von Bayreuth (1711-1763) seiner neuen Alma Mater hinterlie\u00df, die Bibliothek seiner ber\u00fchmten Gattin Markgr\u00e4fin Wilhelmine von Bayreuth (1709-1758) und die Ansbacher Schlo\u00dfbibliothek aber auch weitere, teils bislang nicht erschlossene markgr\u00e4fliche Bibliotheken. Der Ausstellungskatalog soll darum den Bogen von der Zeit der Hohenzollern zum Heute spannen.<\/p>\n<p>Prof. Dr. Georg Seiderer stellt die Erlanger Gr\u00fcndung in den Kontext der anderen Hohenzollernschen Universit\u00e4tsgr\u00fcndungen der Fr\u00fchen Neuzeit, w\u00e4hrend Dr. Clemens Wachter die f\u00fcr Repr\u00e4sentation und das \u00f6ffentliche Auftreten der Universit\u00e4t wichtigen Insignien und Amtszeichen der Friedrich-Alexander-Universit\u00e4t erstmals beschreibt. Dr. Martin Boss, Prof. Dr. Matthias G\u00f6bbels, Andreas Murgan und Christian Abe liefern eine Beschreibung der Erinnerungsmedaillen, die am 4. November 1743 anl\u00e4sslich der Gr\u00fcndungsfeier der Universit\u00e4t an das Volk verteilt wurden. Dr. Andreas Jakob berichtet \u00fcber die Hohenzollern und andere F\u00fcrsten im heutigen Stadtbild und f\u00f6rdert dabei zutage, wie vielf\u00e4ltig die Universit\u00e4tsstadt Erlangen mit den Hohenzollern verbunden ist. Ein weiterer Schwerpunkt liegt auf der Erforschung bislang wenig bekannter hohenzollerscher Bibliotheken, die sich ebenfalls im Besitz der Universit\u00e4t befinden. Elisabeth Engl und Susann Weickert untersuchen zudem, wie sich Markgr\u00e4fin Friederike Louise von Brandenburg-Ansbach (1714-1784) als B\u00fcchersammlerin und Leserin bet\u00e4tigte. Ronja Greger erschlie\u00dft abschlie\u00dfend, aufbauend auf ihrer eigenen Masterarbeit und der Masterarbeit von Julia Schwab, die bislang nicht katalogisierte Privatbibliothek von Markgr\u00e4fin Sophie Caroline Marie von Brandenburg-Bayreuth (1737-1817). Dr. Christina Hofmann-Randall berichtet \u00fcber den Versuch, die Markgr\u00e4fliche Hausbibliothek, die die Grundlage der Universit\u00e4tsbibliothek bildete, virtuell zu rekonstruieren und untersucht, welche Objekte des Bayreuther Naturalienkabinetts Markgraf Friedrichs von Bayreuth und der Wunderkammer der Ansbacher Markgrafen sich in den Erlanger Universit\u00e4tssammlungen noch erhalten haben.<\/p>\n<p>Der zweite Teil des Bandes, der Katalogteil, dokumentiert eine Vielzahl der erhaltenen Gegenst\u00e4nde und Schriftst\u00fccke, die einen Einblick in das Gepr\u00e4ge und wissenschaftliche Leben der Friedrich-Alexander-Universit\u00e4t bieten \u2013 begonnen bei Amtskette und Zepter des Pr\u00e4sidenten \u00fcber zahlreiche Zeugnisse des Wissenschaftsbetriebes bis hin zu den die Universit\u00e4t begr\u00fcndenden Urkunden und Statuten.<\/p>","protected":false},"excerpt":{"rendered":"<p>Die Friedrich-Alexander-Universit\u00e4t Erlangen-N\u00fcrnberg ist dem Hause Hohenzollern seit ihrer Gr\u00fcndung vor 275 Jahren besonders verbunden. Gegenst\u00e4ndliche Zeugen dieser reichen Vergangenheit sind an der Universit\u00e4t vielfach \u00fcberliefert, insbesondere die Markgr\u00e4fliche Hausbibliothek, die der Gr\u00fcnder Markgraf Friedrich von Bayreuth (1711-1763) seiner neuen Alma Mater hinterlie\u00df, die Bibliothek seiner ber\u00fchmten Gattin Markgr\u00e4fin Wilhelmine von Bayreuth (1709-1758) und die [&hellip;]<\/p>\n","protected":false},"featured_media":1137,"comment_status":"open","ping_status":"closed","template":"","meta":{"_acf_changed":false},"product_brand":[],"product_cat":[40],"product_tag":[],"class_list":{"0":"post-428","1":"product","2":"type-product","3":"status-publish","4":"has-post-thumbnail","6":"product_cat-einzeltitel","7":"has-post-title","8":"has-post-date","9":"has-post-category","10":"has-post-tag","11":"has-post-comment","12":"has-post-author","13":"","15":"first","16":"instock","17":"taxable","18":"shipping-taxable","19":"purchasable","20":"product-type-simple"},"acf":{"autor":"","orcid":"","ror":"","herausgeber":"Hofmann-Randall, Christina","orcid_hrsg":"","rorhrsg":"","bearbeiter":"","sonstige_beteiligte_personen":"","untertitel":"Vergangenheit und Gegenwart.","zusatz":"","jahr":"2018","zeitschrift":"","serie":"","serie_name":"","serie_band":"","serie_jahr":"","serie_titel_band":"","vortrage":"","issn":"","isbn":"","isbn13":"978-3-96147-143-0","seiten":"284","sonstiges":"","band":"","auflage":"","opus":10072,"dspace":"10072","e-isbn_pdf":"978-3-96147-144-7 ","doi":"https:\/\/doi.org\/10.25593\/978-3-96147-144-7","epub":"","e-isbn_epub":"","doi_epub":"","html":"","e-isbn_html":"","doi_html":"","e-isbn_reader":"","doi_reader":"","digibib":"","urn":"urn:nbn:de:bvb:29-opus4-100723","supplementary_material":"","sprache":["Deutsch"],"ausgabe":"Softcover","suche":" 9783961471430 9783961471447   ","lizenz":"BY-NC-4","bemerkung":"110 Exemplare im Verlagsschrank\r\n8 Exemplare an Gesch\u00e4ftsstelle (04.12.2024)"},"builder_content":"","_links":{"self":[{"href":"https:\/\/www.university-press.fau.de\/en\/wp-json\/wp\/v2\/product\/428","targetHints":{"allow":["GET"]}}],"collection":[{"href":"https:\/\/www.university-press.fau.de\/en\/wp-json\/wp\/v2\/product"}],"about":[{"href":"https:\/\/www.university-press.fau.de\/en\/wp-json\/wp\/v2\/types\/product"}],"replies":[{"embeddable":true,"href":"https:\/\/www.university-press.fau.de\/en\/wp-json\/wp\/v2\/comments?post=428"}],"wp:featuredmedia":[{"embeddable":true,"href":"https:\/\/www.university-press.fau.de\/en\/wp-json\/wp\/v2\/media\/1137"}],"wp:attachment":[{"href":"https:\/\/www.university-press.fau.de\/en\/wp-json\/wp\/v2\/media?parent=428"}],"wp:term":[{"taxonomy":"product_brand","embeddable":true,"href":"https:\/\/www.university-press.fau.de\/en\/wp-json\/wp\/v2\/product_brand?post=428"},{"taxonomy":"product_cat","embeddable":true,"href":"https:\/\/www.university-press.fau.de\/en\/wp-json\/wp\/v2\/product_cat?post=428"},{"taxonomy":"product_tag","embeddable":true,"href":"https:\/\/www.university-press.fau.de\/en\/wp-json\/wp\/v2\/product_tag?post=428"}],"curies":[{"name":"wp","href":"https:\/\/api.w.org\/{rel}","templated":true}]}}