{"id":431,"date":"2022-09-26T14:32:48","date_gmt":"2022-09-26T12:32:48","guid":{"rendered":"https:\/\/www.university-press.fau.de\/produkt\/akzeptiere\/"},"modified":"2025-01-03T18:46:31","modified_gmt":"2025-01-03T17:46:31","slug":"978-396147-131-7","status":"publish","type":"product","link":"https:\/\/www.university-press.fau.de\/en\/product\/978-396147-131-7\/","title":{"rendered":"Akzeptiere"},"content":{"rendered":"<p>Die \u00bbStockholmer Ausstellung 1930. Kunstgewerbe, Bauen und Wohnen\u00ab (\u203aStockholmsutst\u00e4llningen 1930 av konstindustri, konsthantverk och hemsl\u00f6jd\u2039) sowie das im Jahr darauf von den Ausstellungsmachern \u2013 Gunnar Asplund, Wolter Gahn, Sven Markelius, Gregor Paulsson, Eskil Sundahl und Uno \u00c5hr\u00e9n \u2013 publizierte Acceptera-Manifest markieren nicht nur in Schweden, sondern auch in den anderen nordischen L\u00e4ndern den Durchbruch der Moderne. In Acceptera (\u203aAkzeptiere\u2039) propagieren die Autoren unter dem Stichwort \u00bbFunktionalismus\u00ab, oder kurz \u00bbFunkis\u00ab, eine Moderne in Architektur, Stadtplanung und Kunsthandwerk, die das Produkt eines unabwendbaren Fortschritts ist und die es zu \u00bbakzeptieren\u00ab gilt \u2014 so der Titel der Schrift. In den folgenden Jahren avanciert dieser Funktionalismus zu einem gleicherma\u00dfen \u00e4sthetischen wie politischen Programm f\u00fcr den Umbau Schwedens zu einem sprichw\u00f6rtlich als \u00bbfolkhem\u00ab (\u203aVolksheim\u2039) bezeichneten Wohlfahrtsstaat.<\/p>\n<p>Dieses Buch macht dem interessierten Leser den Text des Acceptera-Manifests erstmals auf deutsch zug\u00e4nglich. Au\u00dferdem wird die Geschichte des Buches untersucht: es werden die verschiedenen Str\u00f6mungen und Entwicklungen skizziert, die zur Stockholmer Ausstellung und zur Publikation von Acceptera beitragen; und es werden die Rezeption und Wirkung des Buches betrachtet. Schlie\u00dflich ist diese Ausgabe mit umfangreichen Anmerkungen versehen, ihre Gestaltung folgt dem schwedischen Original von 1931, da diese ein integraler Bestandteil des Buches ist.<\/p>","protected":false},"excerpt":{"rendered":"<p>Die \u00bbStockholmer Ausstellung 1930. Kunstgewerbe, Bauen und Wohnen\u00ab (\u203aStockholmsutst\u00e4llningen 1930 av konstindustri, konsthantverk och hemsl\u00f6jd\u2039) sowie das im Jahr darauf von den Ausstellungsmachern \u2013 Gunnar Asplund, Wolter Gahn, Sven Markelius, Gregor Paulsson, Eskil Sundahl und Uno \u00c5hr\u00e9n \u2013 publizierte Acceptera-Manifest markieren nicht nur in Schweden, sondern auch in den anderen nordischen L\u00e4ndern den Durchbruch der [&hellip;]<\/p>\n","protected":false},"featured_media":1132,"comment_status":"open","ping_status":"closed","template":"","meta":{"_acf_changed":false},"product_brand":[],"product_cat":[40],"product_tag":[],"class_list":{"0":"post-431","1":"product","2":"type-product","3":"status-publish","4":"has-post-thumbnail","6":"product_cat-einzeltitel","7":"has-post-title","8":"has-post-date","9":"has-post-category","10":"has-post-tag","11":"has-post-comment","12":"has-post-author","13":"","15":"first","16":"instock","17":"taxable","18":"shipping-taxable","19":"purchasable","20":"product-type-simple"},"acf":{"autor":"Seelow, Atli Magnus","orcid":"","ror":"","herausgeber":"","orcid_hrsg":"","rorhrsg":"","bearbeiter":"","sonstige_beteiligte_personen":"","untertitel":"Das Buch und seine Geschichte. Deutsche \u00dcbersetzung mit Einleitung und Kommentar von Atli Magnus Seelow","zusatz":"Text von Gunnar Asplund, Wolter Gahn, Sven Markelius, Gregor Paulsson, Eskil Sundahl, Uno \u00c5hr\u00e9n","jahr":"2018","zeitschrift":"","serie":"","serie_name":"","serie_band":"","serie_jahr":"","serie_titel_band":"","vortrage":"","issn":"","isbn":"","isbn13":"978-396147-131-7","seiten":"xciii, 240","sonstiges":"","band":"","auflage":"","opus":10383,"dspace":"10383","e-isbn_pdf":"978-3-96147-132-4","doi":"https:\/\/doi.org\/10.25593\/978-3-96147-132-4","epub":"","e-isbn_epub":"","doi_epub":"","html":"","e-isbn_html":"","doi_html":"","e-isbn_reader":"","doi_reader":"","digibib":"","urn":"urn:nbn:de:bvb:29-opus4-103839","supplementary_material":"","sprache":["Deutsch"],"ausgabe":"Softcover","suche":" 9783961471317 9783961471324  ","lizenz":"BY-NC-ND-4","bemerkung":""},"builder_content":"","_links":{"self":[{"href":"https:\/\/www.university-press.fau.de\/en\/wp-json\/wp\/v2\/product\/431","targetHints":{"allow":["GET"]}}],"collection":[{"href":"https:\/\/www.university-press.fau.de\/en\/wp-json\/wp\/v2\/product"}],"about":[{"href":"https:\/\/www.university-press.fau.de\/en\/wp-json\/wp\/v2\/types\/product"}],"replies":[{"embeddable":true,"href":"https:\/\/www.university-press.fau.de\/en\/wp-json\/wp\/v2\/comments?post=431"}],"wp:featuredmedia":[{"embeddable":true,"href":"https:\/\/www.university-press.fau.de\/en\/wp-json\/wp\/v2\/media\/1132"}],"wp:attachment":[{"href":"https:\/\/www.university-press.fau.de\/en\/wp-json\/wp\/v2\/media?parent=431"}],"wp:term":[{"taxonomy":"product_brand","embeddable":true,"href":"https:\/\/www.university-press.fau.de\/en\/wp-json\/wp\/v2\/product_brand?post=431"},{"taxonomy":"product_cat","embeddable":true,"href":"https:\/\/www.university-press.fau.de\/en\/wp-json\/wp\/v2\/product_cat?post=431"},{"taxonomy":"product_tag","embeddable":true,"href":"https:\/\/www.university-press.fau.de\/en\/wp-json\/wp\/v2\/product_tag?post=431"}],"curies":[{"name":"wp","href":"https:\/\/api.w.org\/{rel}","templated":true}]}}