{"id":432,"date":"2022-09-26T14:32:49","date_gmt":"2022-09-26T12:32:49","guid":{"rendered":"https:\/\/www.university-press.fau.de\/produkt\/nachhaltige-faserverstaerkte-kunststoffe-im-spritzguss\/"},"modified":"2023-12-13T13:38:47","modified_gmt":"2023-12-13T12:38:47","slug":"978-3-96147-186-7","status":"publish","type":"product","link":"https:\/\/www.university-press.fau.de\/en\/product\/978-3-96147-186-7\/","title":{"rendered":"Nachhaltige faserverst\u00e4rkte Kunststoffe im Spritzguss"},"content":{"rendered":"<p>Der Einsatz von nachwachsenden Rohstoffen und von Recycling-Werkstoffen in Faserverbundwerkstoffen als Leichtbauwerkstoff vereint viele Aspekte der Nachhaltigkeit. Auf der Basis dieser Arbeit soll naturfaserverst\u00e4rkten Kunststoffen (NFK) und Kunststoffen, verst\u00e4rkt mit rezyklierten Kohlenstofffasern (rCFK), ein Zugang f\u00fcr den Einsatz als spritzgegossenes Serienbauteil im Automobilbereich er\u00f6ffnet werden. Damit Designer und Ingenieure einen derartigen Werkstoff im Produktentwicklungsprozess im Automobilbereich einsetzen k\u00f6nnen, muss dieser mit numerischen Simulationen abgebildet werden k\u00f6nnen. Aktuell sind in den kommerziellen Software-Programmen f\u00fcr Spritzguss-Simulationen vor allem Modelle f\u00fcr Glasfasern integriert. Naturfasern und rezyklierte Kohlenstofffasern besitzen jedoch eine viel gr\u00f6\u00dfere Variation ihrer morphologischen und mechanischen Eigenschaften, was die direkte \u00dcbertragung bestehender Modelle erschwert. Zu Beginn dieser Arbeit gab es noch keine Modelle zur Simulation von spritzgegossenen NFK. Daher galt es, diese L\u00fccke zu schlie\u00dfen.<\/p>\n<p>Die vorliegende Arbeit ist damit ein wichtiger Schritt in Richtung des fr\u00fchzeitigen Einsatzes von Simulationstools im Produktentwicklungsprozess von NFK und rCFK, damit Designer und Ingenieure in der Zukunft bei der Werkstoffauswahl im gr\u00f6\u00dferen Umfang nachhaltige Verbundwerkstoffe ber\u00fccksichtigen k\u00f6nnen.<\/p>","protected":false},"excerpt":{"rendered":"<p>Der Einsatz von nachwachsenden Rohstoffen und von Recycling-Werkstoffen in Faserverbundwerkstoffen als Leichtbauwerkstoff vereint viele Aspekte der Nachhaltigkeit. Auf der Basis dieser Arbeit soll naturfaserverst\u00e4rkten Kunststoffen (NFK) und Kunststoffen, verst\u00e4rkt mit rezyklierten Kohlenstofffasern (rCFK), ein Zugang f\u00fcr den Einsatz als spritzgegossenes Serienbauteil im Automobilbereich er\u00f6ffnet werden. Damit Designer und Ingenieure einen derartigen Werkstoff im Produktentwicklungsprozess im [&hellip;]<\/p>\n","protected":false},"featured_media":1131,"comment_status":"open","ping_status":"closed","template":"","meta":{"_acf_changed":false},"product_brand":[],"product_cat":[40],"product_tag":[],"class_list":{"0":"post-432","1":"product","2":"type-product","3":"status-publish","4":"has-post-thumbnail","6":"product_cat-einzeltitel","7":"has-post-title","8":"has-post-date","9":"has-post-category","10":"has-post-tag","11":"has-post-comment","12":"has-post-author","13":"","15":"first","16":"instock","17":"taxable","18":"shipping-taxable","19":"purchasable","20":"product-type-simple"},"acf":{"autor":"Albrecht, Katharina","orcid":"","ror":"","herausgeber":"","orcid_hrsg":"","rorhrsg":"","bearbeiter":"","sonstige_beteiligte_personen":"","untertitel":"Faserorientierung und Fasersch\u00e4digung in Experiment und Simulation","zusatz":"","jahr":"2019","zeitschrift":"","serie":"","serie_name":"","serie_band":"","serie_jahr":"","serie_titel_band":"","vortrage":"","issn":"","isbn":"","isbn13":"978-3-96147-186-7","seiten":"xiv, 169","sonstiges":"","band":"","auflage":"","opus":"","dspace":"11067","e-isbn_pdf":"978-3-96147-187-4","doi":"https:\/\/doi.org\/10.25593\/978-3-96147-187-4","epub":"","e-isbn_epub":"","doi_epub":"","html":"","e-isbn_html":"","doi_html":"","e-isbn_reader":"","doi_reader":"","digibib":"","urn":"urn:nbn:de:bvb:29-opus4-110675","supplementary_material":"","sprache":["Deutsch"],"ausgabe":"Softcover","suche":" 9783961471867 9783961471874  ","lizenz":"BY-4","bemerkung":""},"builder_content":"","_links":{"self":[{"href":"https:\/\/www.university-press.fau.de\/en\/wp-json\/wp\/v2\/product\/432","targetHints":{"allow":["GET"]}}],"collection":[{"href":"https:\/\/www.university-press.fau.de\/en\/wp-json\/wp\/v2\/product"}],"about":[{"href":"https:\/\/www.university-press.fau.de\/en\/wp-json\/wp\/v2\/types\/product"}],"replies":[{"embeddable":true,"href":"https:\/\/www.university-press.fau.de\/en\/wp-json\/wp\/v2\/comments?post=432"}],"wp:featuredmedia":[{"embeddable":true,"href":"https:\/\/www.university-press.fau.de\/en\/wp-json\/wp\/v2\/media\/1131"}],"wp:attachment":[{"href":"https:\/\/www.university-press.fau.de\/en\/wp-json\/wp\/v2\/media?parent=432"}],"wp:term":[{"taxonomy":"product_brand","embeddable":true,"href":"https:\/\/www.university-press.fau.de\/en\/wp-json\/wp\/v2\/product_brand?post=432"},{"taxonomy":"product_cat","embeddable":true,"href":"https:\/\/www.university-press.fau.de\/en\/wp-json\/wp\/v2\/product_cat?post=432"},{"taxonomy":"product_tag","embeddable":true,"href":"https:\/\/www.university-press.fau.de\/en\/wp-json\/wp\/v2\/product_tag?post=432"}],"curies":[{"name":"wp","href":"https:\/\/api.w.org\/{rel}","templated":true}]}}