{"id":433,"date":"2022-09-26T14:32:50","date_gmt":"2022-09-26T12:32:50","guid":{"rendered":"https:\/\/www.university-press.fau.de\/produkt\/hartman-ouwe-arme-heinriche-2\/"},"modified":"2023-12-13T13:35:22","modified_gmt":"2023-12-13T12:35:22","slug":"978-3-96147-204-8","status":"publish","type":"product","link":"https:\/\/www.university-press.fau.de\/en\/product\/978-3-96147-204-8\/","title":{"rendered":"Hartman: Ouwe! Arme Heinriche"},"content":{"rendered":"<p>Das Werk enth\u00e4lt \u00dcberlegungen zum \u00dcbersetzen an sich, besonders aber mittelalterlicher Literatur, zwei kommentierte \u00dcbersetzungen des \u201eArmen Heinrich\u201c von Hartmann von Aue und von Teilen des \u201eParzival\u201c von Wolfram von Eschenbach.<\/p>","protected":false},"excerpt":{"rendered":"<p>Das Werk enth\u00e4lt \u00dcberlegungen zum \u00dcbersetzen an sich, besonders aber mittelalterlicher Literatur, zwei kommentierte \u00dcbersetzungen des \u201eArmen Heinrich\u201c von Hartmann von Aue und von Teilen des \u201eParzival\u201c von Wolfram von Eschenbach.<\/p>","protected":false},"featured_media":1130,"comment_status":"open","ping_status":"closed","template":"","meta":{"_acf_changed":false},"product_brand":[],"product_cat":[40],"product_tag":[39],"class_list":{"0":"post-433","1":"product","2":"type-product","3":"status-publish","4":"has-post-thumbnail","6":"product_cat-einzeltitel","7":"product_tag-nur-als-online-publikation","8":"has-post-title","9":"has-post-date","10":"has-post-category","11":"has-post-tag","12":"has-post-comment","13":"has-post-author","14":"","16":"first","17":"outofstock","18":"taxable","19":"shipping-taxable","20":"product-type-simple"},"acf":{"autor":"Peschel, Dietmar","orcid":"","ror":"","herausgeber":"","orcid_hrsg":"","rorhrsg":"","bearbeiter":"","sonstige_beteiligte_personen":"","untertitel":"Nachgedacht am \u00dcbersetzen, ge\u00fcbt an Heinrichen","zusatz":"","jahr":"2019","zeitschrift":"","serie":"","serie_name":"","serie_band":"","serie_jahr":"","serie_titel_band":"","vortrage":"","issn":"","isbn":"","isbn13":"978-3-96147-204-8","seiten":"113","sonstiges":"","band":"","auflage":"2., korrigierte Auflage","opus":"","dspace":"11074","e-isbn_pdf":"978-3-96147-204-8","doi":"https:\/\/doi.org\/10.25593\/978-3-96147-204-8","epub":"","e-isbn_epub":"","doi_epub":"","html":"","e-isbn_html":"","doi_html":"","e-isbn_reader":"","doi_reader":"","digibib":"","urn":"urn:nbn:de:bvb:29-opus4-110749","supplementary_material":"","sprache":["Deutsch"],"ausgabe":"Softcover","suche":" 9783961472048 9783961472048  ","lizenz":"BY-4","bemerkung":""},"builder_content":"","_links":{"self":[{"href":"https:\/\/www.university-press.fau.de\/en\/wp-json\/wp\/v2\/product\/433","targetHints":{"allow":["GET"]}}],"collection":[{"href":"https:\/\/www.university-press.fau.de\/en\/wp-json\/wp\/v2\/product"}],"about":[{"href":"https:\/\/www.university-press.fau.de\/en\/wp-json\/wp\/v2\/types\/product"}],"replies":[{"embeddable":true,"href":"https:\/\/www.university-press.fau.de\/en\/wp-json\/wp\/v2\/comments?post=433"}],"wp:featuredmedia":[{"embeddable":true,"href":"https:\/\/www.university-press.fau.de\/en\/wp-json\/wp\/v2\/media\/1130"}],"wp:attachment":[{"href":"https:\/\/www.university-press.fau.de\/en\/wp-json\/wp\/v2\/media?parent=433"}],"wp:term":[{"taxonomy":"product_brand","embeddable":true,"href":"https:\/\/www.university-press.fau.de\/en\/wp-json\/wp\/v2\/product_brand?post=433"},{"taxonomy":"product_cat","embeddable":true,"href":"https:\/\/www.university-press.fau.de\/en\/wp-json\/wp\/v2\/product_cat?post=433"},{"taxonomy":"product_tag","embeddable":true,"href":"https:\/\/www.university-press.fau.de\/en\/wp-json\/wp\/v2\/product_tag?post=433"}],"curies":[{"name":"wp","href":"https:\/\/api.w.org\/{rel}","templated":true}]}}