{"id":434,"date":"2022-09-26T14:32:50","date_gmt":"2022-09-26T12:32:50","guid":{"rendered":"https:\/\/www.university-press.fau.de\/produkt\/properties-and-reactions-of-transition-metals-and-transition-metal-complexes-in-ionic-liquids\/"},"modified":"2024-12-19T17:04:29","modified_gmt":"2024-12-19T16:04:29","slug":"978-3-96147-231-4","status":"publish","type":"product","link":"https:\/\/www.university-press.fau.de\/en\/product\/978-3-96147-231-4\/","title":{"rendered":"Properties and Reactions of Transition Metals and Transition Metal Complexes in Ionic Liquids"},"content":{"rendered":"<div id=\"result-data\">\n<div id=\"abstract\">\n<p>Im Rahmen dieser Doktorarbeit wurden Untersuchungen an ionischen Fl\u00fcssigkeiten (ILs) im Zusammenhang mit IL-\u00dcbergangsmetallreaktionen durchgef\u00fchrt. Insbesondere wurden die thermochromatische Umwandlung einer Kobaltthiocyanat-haltigen IL, die Charakterisierung von Polyhalogenid ILs sowie die, Korrosion von Metallen der Gruppe 11 durch Trihalogenid-ILs und Komproportionierung von Kupfermetallen und Cu(II)-Salzen in L\u00f6sung behandelt. Alle Untersuchungen wurde mittels R\u00f6ntgenphotoelektronenspektroskopie (XPS) durchgef\u00fchrt, welche durch andere Techniken wie Massenspektrometrie (MS) und Rasterelektronenmikroskopie (SEM) erg\u00e4nzt wurde.<\/p>\n<\/div>\n<\/div>\n<div id=\"services\" class=\"services-menu\"><\/div>","protected":false},"excerpt":{"rendered":"<p>Im Rahmen dieser Doktorarbeit wurden Untersuchungen an ionischen Fl\u00fcssigkeiten (ILs) im Zusammenhang mit IL-\u00dcbergangsmetallreaktionen durchgef\u00fchrt. Insbesondere wurden die thermochromatische Umwandlung einer Kobaltthiocyanat-haltigen IL, die Charakterisierung von Polyhalogenid ILs sowie die, Korrosion von Metallen der Gruppe 11 durch Trihalogenid-ILs und Komproportionierung von Kupfermetallen und Cu(II)-Salzen in L\u00f6sung behandelt. Alle Untersuchungen wurde mittels R\u00f6ntgenphotoelektronenspektroskopie (XPS) durchgef\u00fchrt, welche [&hellip;]<\/p>\n","protected":false},"featured_media":1128,"comment_status":"open","ping_status":"closed","template":"","meta":{"_acf_changed":false},"product_brand":[],"product_cat":[40],"product_tag":[],"class_list":{"0":"post-434","1":"product","2":"type-product","3":"status-publish","4":"has-post-thumbnail","6":"product_cat-einzeltitel","7":"has-post-title","8":"has-post-date","9":"has-post-category","10":"has-post-tag","11":"has-post-comment","12":"has-post-author","13":"","15":"first","16":"instock","17":"taxable","18":"shipping-taxable","19":"purchasable","20":"product-type-simple"},"acf":{"autor":"May, Benjamin David William","orcid":"","ror":"","herausgeber":"","orcid_hrsg":"","rorhrsg":"","bearbeiter":"","sonstige_beteiligte_personen":"","untertitel":"","zusatz":"","jahr":"2019","zeitschrift":"","serie":"","serie_name":"","serie_band":"","serie_jahr":"","serie_titel_band":"","vortrage":"","issn":"","isbn":"","isbn13":"978-3-96147-231-4","seiten":"ix, 160","sonstiges":"","band":"","auflage":"","opus":"","dspace":"12134","e-isbn_pdf":"978-3-96147-232-1","doi":"https:\/\/doi.org\/10.25593\/978-3-96147-232-1","epub":"","e-isbn_epub":"","doi_epub":"","html":"","e-isbn_html":"","doi_html":"","e-isbn_reader":"","doi_reader":"","digibib":"","urn":"urn:nbn:de:bvb:29-opus4-121349","supplementary_material":"","sprache":["Englisch"],"ausgabe":"Softcover","suche":" 9783961472314 9783961472321  ","lizenz":"BY-4","bemerkung":""},"builder_content":"","_links":{"self":[{"href":"https:\/\/www.university-press.fau.de\/en\/wp-json\/wp\/v2\/product\/434","targetHints":{"allow":["GET"]}}],"collection":[{"href":"https:\/\/www.university-press.fau.de\/en\/wp-json\/wp\/v2\/product"}],"about":[{"href":"https:\/\/www.university-press.fau.de\/en\/wp-json\/wp\/v2\/types\/product"}],"replies":[{"embeddable":true,"href":"https:\/\/www.university-press.fau.de\/en\/wp-json\/wp\/v2\/comments?post=434"}],"wp:featuredmedia":[{"embeddable":true,"href":"https:\/\/www.university-press.fau.de\/en\/wp-json\/wp\/v2\/media\/1128"}],"wp:attachment":[{"href":"https:\/\/www.university-press.fau.de\/en\/wp-json\/wp\/v2\/media?parent=434"}],"wp:term":[{"taxonomy":"product_brand","embeddable":true,"href":"https:\/\/www.university-press.fau.de\/en\/wp-json\/wp\/v2\/product_brand?post=434"},{"taxonomy":"product_cat","embeddable":true,"href":"https:\/\/www.university-press.fau.de\/en\/wp-json\/wp\/v2\/product_cat?post=434"},{"taxonomy":"product_tag","embeddable":true,"href":"https:\/\/www.university-press.fau.de\/en\/wp-json\/wp\/v2\/product_tag?post=434"}],"curies":[{"name":"wp","href":"https:\/\/api.w.org\/{rel}","templated":true}]}}