{"id":435,"date":"2022-09-26T14:32:52","date_gmt":"2022-09-26T12:32:52","guid":{"rendered":"https:\/\/www.university-press.fau.de\/produkt\/30-jahre-frauenbeauftragte-an-der-friedrich-alexander-universitaet-erlangen-nuernberg\/"},"modified":"2024-12-19T17:02:55","modified_gmt":"2024-12-19T16:02:55","slug":"978-3-96147-211-6","status":"publish","type":"product","link":"https:\/\/www.university-press.fau.de\/en\/product\/978-3-96147-211-6\/","title":{"rendered":"30 Jahre Frauenbeauftragte an der Friedrich-Alexander-Universit\u00e4t Erlangen-N\u00fcrnberg"},"content":{"rendered":"<p>Die Chronik dokumentiert 30 Jahre Gleichstellungsarbeit an der Friedrich-Alexander-Universit\u00e4t Erlangen-N\u00fcrnberg in ihrer facettenreichen Entwicklung. Nach einer Einf\u00fchrung in die Geschichte der Wissenschaftlerinnen an den deutschen Universit\u00e4ten und an der Friedrich-Alexander-Universit\u00e4t bis zum Einsetzen der offiziellen Frauenf\u00f6rderung im Jahre 1989 werden die wichtigsten Ma\u00dfnahmen und Initiativen, die in den dann folgenden drei Dekaden durch die Arbeit der Frauenbeauftragten in Gang gesetzt wurden, geschildert und danach in einer detaillierten und reich bebilderten chronologischen \u00dcbersicht dargestellt. Im Anschluss daran folgen ausf\u00fchrlichere Berichte \u00fcber die wichtigsten Felder der Gleichstellungsarbeit, Auflistungen der mit Preisen ausgezeichneten Projekte sowie ein kurzer \u00dcberblick \u00fcber die Frauen- und Genderforschung in Deutschland und an der Friedrich-Alexander-Universit\u00e4t. Die Chronik endet mit einer Bestandsaufnahme der aktuellen Situation und einem Ausblick auf die zuk\u00fcnftigen Aufgaben und Desiderate des Amtes.<\/p>\n<p>Der Chronik, der ein umfangreiches Literaturstudium zugrunde liegt, basiert auf zahlreichen Archivdokumenten, die teilweise in einem elektronischen Anhang verf\u00fcgbar sind. Vor diesem Hintergrund wird erstmals das \u00fcber 30 Jahre gezeigte Engagement zahlreicher Akteurinnen und Akteure an der Friedrich-Alexander-Universit\u00e4t deutlich, das hiermit entsprechend gew\u00fcrdigt werden soll. Zugleich wirft die Chronik Schlaglichter auf den gesellschaftspolitischen Rahmen, in dem sich dieses Engagement entwickelt hat, auf die Erfolge, die es zu verzeichnen hat, aber auch auf die Defizite, die noch zu beklagen sind.<\/p>","protected":false},"excerpt":{"rendered":"<p>Die Chronik dokumentiert 30 Jahre Gleichstellungsarbeit an der Friedrich-Alexander-Universit\u00e4t Erlangen-N\u00fcrnberg in ihrer facettenreichen Entwicklung. Nach einer Einf\u00fchrung in die Geschichte der Wissenschaftlerinnen an den deutschen Universit\u00e4ten und an der Friedrich-Alexander-Universit\u00e4t bis zum Einsetzen der offiziellen Frauenf\u00f6rderung im Jahre 1989 werden die wichtigsten Ma\u00dfnahmen und Initiativen, die in den dann folgenden drei Dekaden durch die Arbeit [&hellip;]<\/p>\n","protected":false},"featured_media":1127,"comment_status":"open","ping_status":"closed","template":"","meta":{"_acf_changed":false},"product_brand":[],"product_cat":[40],"product_tag":[],"class_list":{"0":"post-435","1":"product","2":"type-product","3":"status-publish","4":"has-post-thumbnail","6":"product_cat-einzeltitel","7":"has-post-title","8":"has-post-date","9":"has-post-category","10":"has-post-tag","11":"has-post-comment","12":"has-post-author","13":"","15":"first","16":"instock","17":"taxable","18":"shipping-taxable","19":"purchasable","20":"product-type-simple"},"acf":{"autor":"","orcid":"","ror":"","herausgeber":"Sabina Enzelberger, Manfred Enzelberger, Annette Keilhauer, Thomas A. H. Sch\u00f6ck, Renate Wittern-Sterzel","orcid_hrsg":"","rorhrsg":"","bearbeiter":"","sonstige_beteiligte_personen":"","untertitel":"","zusatz":"","jahr":"2019","zeitschrift":"","serie":"","serie_name":"","serie_band":"","serie_jahr":"","serie_titel_band":"","vortrage":"","issn":"","isbn":"","isbn13":"978-3-96147-211-6","seiten":"119","sonstiges":"","band":"","auflage":"","opus":11531,"dspace":"11531","e-isbn_pdf":"978-3-96147-212-3","doi":"https:\/\/doi.org\/10.25593\/978-3-96147-212-3","epub":"","e-isbn_epub":"","doi_epub":"","html":"","e-isbn_html":"","doi_html":"","e-isbn_reader":"","doi_reader":"","digibib":"","urn":"urn:nbn:de:bvb:29-opus4-115315","supplementary_material":"","sprache":["Deutsch"],"ausgabe":"Softcover","suche":" 9783961472116 9783961472123  ","lizenz":"BY-4","bemerkung":""},"builder_content":"","_links":{"self":[{"href":"https:\/\/www.university-press.fau.de\/en\/wp-json\/wp\/v2\/product\/435","targetHints":{"allow":["GET"]}}],"collection":[{"href":"https:\/\/www.university-press.fau.de\/en\/wp-json\/wp\/v2\/product"}],"about":[{"href":"https:\/\/www.university-press.fau.de\/en\/wp-json\/wp\/v2\/types\/product"}],"replies":[{"embeddable":true,"href":"https:\/\/www.university-press.fau.de\/en\/wp-json\/wp\/v2\/comments?post=435"}],"wp:featuredmedia":[{"embeddable":true,"href":"https:\/\/www.university-press.fau.de\/en\/wp-json\/wp\/v2\/media\/1127"}],"wp:attachment":[{"href":"https:\/\/www.university-press.fau.de\/en\/wp-json\/wp\/v2\/media?parent=435"}],"wp:term":[{"taxonomy":"product_brand","embeddable":true,"href":"https:\/\/www.university-press.fau.de\/en\/wp-json\/wp\/v2\/product_brand?post=435"},{"taxonomy":"product_cat","embeddable":true,"href":"https:\/\/www.university-press.fau.de\/en\/wp-json\/wp\/v2\/product_cat?post=435"},{"taxonomy":"product_tag","embeddable":true,"href":"https:\/\/www.university-press.fau.de\/en\/wp-json\/wp\/v2\/product_tag?post=435"}],"curies":[{"name":"wp","href":"https:\/\/api.w.org\/{rel}","templated":true}]}}