{"id":436,"date":"2022-09-26T14:32:53","date_gmt":"2022-09-26T12:32:53","guid":{"rendered":"https:\/\/www.university-press.fau.de\/produkt\/religionsunterricht-in-bayern\/"},"modified":"2025-01-03T15:20:28","modified_gmt":"2025-01-03T14:20:28","slug":"978-3-96147-241-3","status":"publish","type":"product","link":"https:\/\/www.university-press.fau.de\/en\/product\/978-3-96147-241-3\/","title":{"rendered":"Religionsunterricht in Bayern"},"content":{"rendered":"<p>Wie wird der Religionsunterricht in Bayern von der Bev\u00f6lkerung eingesch\u00e4tzt? Wie wichtig ist er f\u00fcr die Schule? Wie beliebt ist er im Vergleich zu anderen Unterrichtsf\u00e4chern? Diese und weitere Fragen waren Gegenstand einer repr\u00e4sentativen empirischen Befragung der bayerischen Bev\u00f6lkerung. Sie wurde im Auftrag der Evangelisch-Lutherischen Kirche in Bayern vom Umfrageinstitut Kantar EMNID im Herbst 2017 durchgef\u00fchrt. Der Band dokumentiert die Ergebnisse sowie deren Diskussion bei einem Symposium mit Expertinnen und Experten in N\u00fcrnberg. Dabei werden auch m\u00f6gliche Konsequenzen f\u00fcr die Weiterentwicklung des Religionsunterrichts in Bayern sowie f\u00fcr die damit verbundene wissenschaftliche Forschung in den Blick genommen.<\/p>","protected":false},"excerpt":{"rendered":"<p>Wie wird der Religionsunterricht in Bayern von der Bev\u00f6lkerung eingesch\u00e4tzt? Wie wichtig ist er f\u00fcr die Schule? Wie beliebt ist er im Vergleich zu anderen Unterrichtsf\u00e4chern? Diese und weitere Fragen waren Gegenstand einer repr\u00e4sentativen empirischen Befragung der bayerischen Bev\u00f6lkerung. Sie wurde im Auftrag der Evangelisch-Lutherischen Kirche in Bayern vom Umfrageinstitut Kantar EMNID im Herbst 2017 [&hellip;]<\/p>\n","protected":false},"featured_media":1126,"comment_status":"open","ping_status":"closed","template":"","meta":{"_acf_changed":false},"product_brand":[],"product_cat":[40],"product_tag":[],"class_list":{"0":"post-436","1":"product","2":"type-product","3":"status-publish","4":"has-post-thumbnail","6":"product_cat-einzeltitel","7":"has-post-title","8":"has-post-date","9":"has-post-category","10":"has-post-tag","11":"has-post-comment","12":"has-post-author","13":"","15":"first","16":"instock","17":"taxable","18":"shipping-taxable","19":"purchasable","20":"product-type-simple"},"acf":{"autor":"","orcid":"","ror":"","herausgeber":"Pirner, Manfred L.","orcid_hrsg":"","rorhrsg":"","bearbeiter":"","sonstige_beteiligte_personen":"","untertitel":"Eine repr\u00e4sentative Bev\u00f6lkerungsumfrage - Ergebnisse und Diskussion","zusatz":"","jahr":"2019","zeitschrift":"","serie":"","serie_name":"","serie_band":"","serie_jahr":"","serie_titel_band":"","vortrage":"","issn":"","isbn":"","isbn13":"978-3-96147-241-3","seiten":"i, 95, 92","sonstiges":"","band":"","auflage":"","opus":12393,"dspace":"12393","e-isbn_pdf":"978-3-96147-242-0","doi":"https:\/\/doi.org\/10.25593\/978-3-96147-242-0","epub":"","e-isbn_epub":"","doi_epub":"","html":"","e-isbn_html":"","doi_html":"","e-isbn_reader":"","doi_reader":"","digibib":"","urn":"urn:nbn:de:bvb:29-opus4-123934","supplementary_material":"","sprache":["Deutsch"],"ausgabe":"Softcover","suche":" 9783961472413 9783961472420  ","lizenz":"BY-4","bemerkung":""},"builder_content":"","_links":{"self":[{"href":"https:\/\/www.university-press.fau.de\/en\/wp-json\/wp\/v2\/product\/436","targetHints":{"allow":["GET"]}}],"collection":[{"href":"https:\/\/www.university-press.fau.de\/en\/wp-json\/wp\/v2\/product"}],"about":[{"href":"https:\/\/www.university-press.fau.de\/en\/wp-json\/wp\/v2\/types\/product"}],"replies":[{"embeddable":true,"href":"https:\/\/www.university-press.fau.de\/en\/wp-json\/wp\/v2\/comments?post=436"}],"wp:featuredmedia":[{"embeddable":true,"href":"https:\/\/www.university-press.fau.de\/en\/wp-json\/wp\/v2\/media\/1126"}],"wp:attachment":[{"href":"https:\/\/www.university-press.fau.de\/en\/wp-json\/wp\/v2\/media?parent=436"}],"wp:term":[{"taxonomy":"product_brand","embeddable":true,"href":"https:\/\/www.university-press.fau.de\/en\/wp-json\/wp\/v2\/product_brand?post=436"},{"taxonomy":"product_cat","embeddable":true,"href":"https:\/\/www.university-press.fau.de\/en\/wp-json\/wp\/v2\/product_cat?post=436"},{"taxonomy":"product_tag","embeddable":true,"href":"https:\/\/www.university-press.fau.de\/en\/wp-json\/wp\/v2\/product_tag?post=436"}],"curies":[{"name":"wp","href":"https:\/\/api.w.org\/{rel}","templated":true}]}}