{"id":437,"date":"2022-09-26T14:32:54","date_gmt":"2022-09-26T12:32:54","guid":{"rendered":"https:\/\/www.university-press.fau.de\/produkt\/wie-soll-ich-das-nun-wieder-verstehen-2\/"},"modified":"2023-12-08T13:36:59","modified_gmt":"2023-12-08T12:36:59","slug":"978-3-96147-243-7","status":"publish","type":"product","link":"https:\/\/www.university-press.fau.de\/en\/product\/978-3-96147-243-7\/","title":{"rendered":"Wie soll ich das nun wieder verstehen?"},"content":{"rendered":"<div id=\"result-data\">\n<div id=\"abstract\">\n<p>Sammlung von \u00dcbersetzungen alt- und mittelhochdeutscher Literatur sowie W.B. Yeats\u2018 \u201eThe Lake Isle of Innisfree\u201c und Sebasti\u00e1n de Yradiers \u201eLa Paloma\u201c, ins Deutsche \u00fcbersetzt.<\/p>\n<\/div>\n<\/div>\n<div id=\"services\" class=\"services-menu\"><\/div>","protected":false},"excerpt":{"rendered":"<p>Sammlung von \u00dcbersetzungen alt- und mittelhochdeutscher Literatur sowie W.B. Yeats\u2018 \u201eThe Lake Isle of Innisfree\u201c und Sebasti\u00e1n de Yradiers \u201eLa Paloma\u201c, ins Deutsche \u00fcbersetzt.<\/p>","protected":false},"featured_media":1124,"comment_status":"open","ping_status":"closed","template":"","meta":{"_acf_changed":false},"product_brand":[],"product_cat":[40],"product_tag":[39],"class_list":{"0":"post-437","1":"product","2":"type-product","3":"status-publish","4":"has-post-thumbnail","6":"product_cat-einzeltitel","7":"product_tag-nur-als-online-publikation","8":"has-post-title","9":"has-post-date","10":"has-post-category","11":"has-post-tag","12":"has-post-comment","13":"has-post-author","14":"","16":"first","17":"outofstock","18":"taxable","19":"shipping-taxable","20":"product-type-simple"},"acf":{"autor":"Peschel, Dietmar","orcid":"","ror":"","herausgeber":"","orcid_hrsg":"","rorhrsg":"","bearbeiter":"","sonstige_beteiligte_personen":"","untertitel":"M\u00f6gliche \u00dcbersetzungen zu allen m\u00f6glichen Leides-Leibes-Liebesgeschichten und Liedergedichten aus aller m\u00f6glichen Herren L\u00e4ndern, meist aus dem Mittelalter","zusatz":"","jahr":"2019","zeitschrift":"","serie":"","serie_name":"","serie_band":"","serie_jahr":"","serie_titel_band":"","vortrage":"","issn":"","isbn":"","isbn13":"978-3-96147-243-7","seiten":"482","sonstiges":"","band":"","auflage":"2. Auflage","opus":12332,"dspace":"12332","e-isbn_pdf":"978-3-96147-243-7","doi":"https:\/\/doi.org\/10.25593\/978-3-96147-243-7","epub":"","e-isbn_epub":"","doi_epub":"","html":"","e-isbn_html":"","doi_html":"","e-isbn_reader":"","doi_reader":"","digibib":"","urn":"urn:nbn:de:bvb:29-opus4-123327","supplementary_material":"","sprache":["Deutsch"],"ausgabe":"Softcover","suche":" 9783961472437 9783961472437  ","lizenz":"BY-4","bemerkung":""},"builder_content":"","_links":{"self":[{"href":"https:\/\/www.university-press.fau.de\/en\/wp-json\/wp\/v2\/product\/437","targetHints":{"allow":["GET"]}}],"collection":[{"href":"https:\/\/www.university-press.fau.de\/en\/wp-json\/wp\/v2\/product"}],"about":[{"href":"https:\/\/www.university-press.fau.de\/en\/wp-json\/wp\/v2\/types\/product"}],"replies":[{"embeddable":true,"href":"https:\/\/www.university-press.fau.de\/en\/wp-json\/wp\/v2\/comments?post=437"}],"wp:featuredmedia":[{"embeddable":true,"href":"https:\/\/www.university-press.fau.de\/en\/wp-json\/wp\/v2\/media\/1124"}],"wp:attachment":[{"href":"https:\/\/www.university-press.fau.de\/en\/wp-json\/wp\/v2\/media?parent=437"}],"wp:term":[{"taxonomy":"product_brand","embeddable":true,"href":"https:\/\/www.university-press.fau.de\/en\/wp-json\/wp\/v2\/product_brand?post=437"},{"taxonomy":"product_cat","embeddable":true,"href":"https:\/\/www.university-press.fau.de\/en\/wp-json\/wp\/v2\/product_cat?post=437"},{"taxonomy":"product_tag","embeddable":true,"href":"https:\/\/www.university-press.fau.de\/en\/wp-json\/wp\/v2\/product_tag?post=437"}],"curies":[{"name":"wp","href":"https:\/\/api.w.org\/{rel}","templated":true}]}}