{"id":440,"date":"2022-09-26T14:32:57","date_gmt":"2022-09-26T12:32:57","guid":{"rendered":"https:\/\/www.university-press.fau.de\/produkt\/herr-tristrant\/"},"modified":"2023-12-08T13:38:08","modified_gmt":"2023-12-08T12:38:08","slug":"978-3-96147-272-7","status":"publish","type":"product","link":"https:\/\/www.university-press.fau.de\/en\/product\/978-3-96147-272-7\/","title":{"rendered":"Herr Tristrant"},"content":{"rendered":"<p>a) Von Paul Ric\u0153urs Analyse will ich die Bedeutungslosigkeit der W\u00f6rter \u00fcbernehmen, die ihre Bedeutung erst in einem Zusammenhang der W\u00f6rter bekommen oder annehmen, die sie entscheidend erst beim Empf\u00e4nger und durch ihn haben. Entsprechend liegt meinen \u00dcbersetzungen der letzten Zeit eine Handschrift zugrunde und nicht eine Edition.<\/p>\n<p>b) Die durch den Trank erzwungene bedingungslose Liebe von Ysot, der Blonden, und Tristrant, und ihre Probleme gegen\u00fcber Marke, mit dem Ysot, la blonde, verheiratet ist und gegen\u00fcber der wei\u00dfh\u00e4ndigen Ysot, mit der Tristrant verheiratet ist.<\/p>","protected":false},"excerpt":{"rendered":"<p>a) Von Paul Ric\u0153urs Analyse will ich die Bedeutungslosigkeit der W\u00f6rter \u00fcbernehmen, die ihre Bedeutung erst in einem Zusammenhang der W\u00f6rter bekommen oder annehmen, die sie entscheidend erst beim Empf\u00e4nger und durch ihn haben. Entsprechend liegt meinen \u00dcbersetzungen der letzten Zeit eine Handschrift zugrunde und nicht eine Edition. b) Die durch den Trank erzwungene bedingungslose [&hellip;]<\/p>\n","protected":false},"featured_media":1121,"comment_status":"open","ping_status":"closed","template":"","meta":{"_acf_changed":false},"product_brand":[],"product_cat":[40],"product_tag":[39],"class_list":{"0":"post-440","1":"product","2":"type-product","3":"status-publish","4":"has-post-thumbnail","6":"product_cat-einzeltitel","7":"product_tag-nur-als-online-publikation","8":"has-post-title","9":"has-post-date","10":"has-post-category","11":"has-post-tag","12":"has-post-comment","13":"has-post-author","14":"","16":"first","17":"outofstock","18":"taxable","19":"shipping-taxable","20":"product-type-simple"},"acf":{"autor":"Peschel, Dietmar","orcid":"","ror":"","herausgeber":"","orcid_hrsg":"","rorhrsg":"","bearbeiter":"","sonstige_beteiligte_personen":"","untertitel":"(\u00dcbersetzung nach der M\u00fcnchener Handschrift M [Transkriptionshilfe: Edition Marold\/ Schr\u00f6der], wo die Handschrift ihre mechanischen L\u00fccken hat, nach der K\u00f6lner Hs. B [Transkriptionshilfe: Edition Ulrich von T\u00fcrheim: Thomas Kerth])","zusatz":"","jahr":"2019","zeitschrift":"","serie":"","serie_name":"","serie_band":"","serie_jahr":"","serie_titel_band":"","vortrage":"","issn":"","isbn":"","isbn13":"978-3-96147-272-7","seiten":"517","sonstiges":"","band":"","auflage":"","opus":12627,"dspace":"12627","e-isbn_pdf":"978-3-96147-272-7","doi":"https:\/\/doi.org\/10.25593\/978-3-96147-272-7","epub":"","e-isbn_epub":"","doi_epub":"","html":"","e-isbn_html":"","doi_html":"","e-isbn_reader":"","doi_reader":"","digibib":"","urn":"urn:nbn:de:bvb:29-opus4-126273","supplementary_material":"","sprache":["Deutsch"],"ausgabe":"Softcover","suche":" 9783961472727 9783961472727  ","lizenz":"BY-4","bemerkung":""},"builder_content":"","_links":{"self":[{"href":"https:\/\/www.university-press.fau.de\/en\/wp-json\/wp\/v2\/product\/440","targetHints":{"allow":["GET"]}}],"collection":[{"href":"https:\/\/www.university-press.fau.de\/en\/wp-json\/wp\/v2\/product"}],"about":[{"href":"https:\/\/www.university-press.fau.de\/en\/wp-json\/wp\/v2\/types\/product"}],"replies":[{"embeddable":true,"href":"https:\/\/www.university-press.fau.de\/en\/wp-json\/wp\/v2\/comments?post=440"}],"wp:featuredmedia":[{"embeddable":true,"href":"https:\/\/www.university-press.fau.de\/en\/wp-json\/wp\/v2\/media\/1121"}],"wp:attachment":[{"href":"https:\/\/www.university-press.fau.de\/en\/wp-json\/wp\/v2\/media?parent=440"}],"wp:term":[{"taxonomy":"product_brand","embeddable":true,"href":"https:\/\/www.university-press.fau.de\/en\/wp-json\/wp\/v2\/product_brand?post=440"},{"taxonomy":"product_cat","embeddable":true,"href":"https:\/\/www.university-press.fau.de\/en\/wp-json\/wp\/v2\/product_cat?post=440"},{"taxonomy":"product_tag","embeddable":true,"href":"https:\/\/www.university-press.fau.de\/en\/wp-json\/wp\/v2\/product_tag?post=440"}],"curies":[{"name":"wp","href":"https:\/\/api.w.org\/{rel}","templated":true}]}}