{"id":443,"date":"2022-09-26T14:32:59","date_gmt":"2022-09-26T12:32:59","guid":{"rendered":"https:\/\/www.university-press.fau.de\/produkt\/a-laser-based-technique-to-evaluate-sound-generation-during-phonation\/"},"modified":"2023-12-12T14:07:04","modified_gmt":"2023-12-12T13:07:04","slug":"978-3-96147-291-8","status":"publish","type":"product","link":"https:\/\/www.university-press.fau.de\/en\/product\/978-3-96147-291-8\/","title":{"rendered":"A laser-based technique to evaluate sound generation during phonation"},"content":{"rendered":"<p>Die Entstehung von aeroakustisch erzeugtem Schall ist messtechnisch nur eingeschr\u00e4nkt zu erfassen, da eine hohe r\u00e4umliche und zeitliche Aufl\u00f6sung des gesamten Str\u00f6mungsfeldes n\u00f6tig ist. Daher konnten komplexe Schallentstehungsmechanismen &#8211; wie bei der menschlichen Stimme &#8211; bis jetzt noch nicht vollst\u00e4ndig wissenschaftlich erfasst werden. Neue Fortschritte auf dem Gebiet der optischen Technologien hat die Aufl\u00f6sungs- und Genauigkeitsgrenzen in der Messtechnik verschoben, sodass aeroakustische Untersuchungen m\u00f6glich werden.<\/p>\n<p>Auf diesen neuesten Entwicklungen basierend wurde im ersten Teil dieser Arbeit das Verfahren der hybriden Akustik-PIV (HAcouPIV) entwickelt. Aktuellste Messtechnik wird hier mit neuartigen numerischen Verfahren aus dem Gebiet der Akustik kombiniert. Mittels Hochgeschwindigkeits-PIV wird die Str\u00f6mungsgeschwindigkeit gemessen und mittels eines numerischen Ansatzes daraus das Druckfeld berechnet. Durch einen St\u00f6ransatz wird dann der Schalldruck von den str\u00f6mungsmechanischen Druckschwankungen getrennt. Im zweiten Teil dieser Arbeit wird dieser HAcouPIV-Ansatz angewandt, um Schallentstehung und \u2013abstrahlung bei der menschlichen Phonation zu untersuchen. Dabei wird erstmalig das akustische Quellfeld auf Basis eines kombinierten Ansatzes aus experimenteller Messung und numerischer Simulation bestimmt.<\/p>\n<p>Ein stark moduliertes Quellfeld, das weit in den supraglottalen Bereich reicht, wurde f\u00fcr normale Phonation festgestellt. Dies wurde sowohl f\u00fcr Breitband-, als auch f\u00fcr harmonische Anteile festgestellt. Die Analyse der vibroakustischen Eigenschaften der Stimmlippenschwingung auf Basis von Laservibrometerdaten offenbarte stark ausgepr\u00e4gte harmonische Anteile auf der Stimmlippenoberfl\u00e4che im Bereich der Glottis. Diese haben m\u00f6glicherweise einen hohen Einfluss auf die Stimmgebung im Rahmen einer Fluid-Struktur-Akustik Interaktion.<\/p>\n<p>Ein hybrider Ansatz aus laserbasierten Messmethoden und numerischen Auswerteverfahren wurde in dieser Arbeit erfolgreich entwickelt und angewandt. Grundlegende Mechanismen der Schallentstehung bei der menschlichen Phonation wurden aufgezeigt und neu beleuchtet. Diese Ergebnisse legen die stimmlippeninduzierte Modulation des glottalen Jets und dessen gesamte Ausdehnung als Hauptkomponente im Str\u00f6mungsfeld f\u00fcr die Schallerzeugung nahe.<\/p>","protected":false},"excerpt":{"rendered":"<p>Die Entstehung von aeroakustisch erzeugtem Schall ist messtechnisch nur eingeschr\u00e4nkt zu erfassen, da eine hohe r\u00e4umliche und zeitliche Aufl\u00f6sung des gesamten Str\u00f6mungsfeldes n\u00f6tig ist. Daher konnten komplexe Schallentstehungsmechanismen &#8211; wie bei der menschlichen Stimme &#8211; bis jetzt noch nicht vollst\u00e4ndig wissenschaftlich erfasst werden. Neue Fortschritte auf dem Gebiet der optischen Technologien hat die Aufl\u00f6sungs- und [&hellip;]<\/p>\n","protected":false},"featured_media":1118,"comment_status":"open","ping_status":"closed","template":"","meta":{"_acf_changed":false},"product_brand":[],"product_cat":[40],"product_tag":[],"class_list":{"0":"post-443","1":"product","2":"type-product","3":"status-publish","4":"has-post-thumbnail","6":"product_cat-einzeltitel","7":"has-post-title","8":"has-post-date","9":"has-post-category","10":"has-post-tag","11":"has-post-comment","12":"has-post-author","13":"","15":"first","16":"instock","17":"taxable","18":"shipping-taxable","19":"purchasable","20":"product-type-simple"},"acf":{"autor":"Lodermeyer, Alexander","orcid":"","ror":"","herausgeber":"","orcid_hrsg":"","rorhrsg":"","bearbeiter":"","sonstige_beteiligte_personen":"","untertitel":"","zusatz":"","jahr":"2020","zeitschrift":"","serie":"","serie_name":"","serie_band":"","serie_jahr":"","serie_titel_band":"","vortrage":"","issn":"","isbn":"","isbn13":"978-3-96147-291-8","seiten":"xxvi, 187","sonstiges":"","band":"","auflage":"","opus":13518,"dspace":"13518","e-isbn_pdf":"978-3-96147-292-5","doi":"https:\/\/doi.org\/10.25593\/978-3-96147-292-5","epub":"","e-isbn_epub":"","doi_epub":"","html":"","e-isbn_html":"","doi_html":"","e-isbn_reader":"","doi_reader":"","digibib":"","urn":"urn:nbn:de:bvb:29-opus4-135181","supplementary_material":"","sprache":["Englisch"],"ausgabe":"Softcover","suche":" 9783961472918 9783961472925  ","lizenz":"BY-4","bemerkung":""},"builder_content":"","_links":{"self":[{"href":"https:\/\/www.university-press.fau.de\/en\/wp-json\/wp\/v2\/product\/443","targetHints":{"allow":["GET"]}}],"collection":[{"href":"https:\/\/www.university-press.fau.de\/en\/wp-json\/wp\/v2\/product"}],"about":[{"href":"https:\/\/www.university-press.fau.de\/en\/wp-json\/wp\/v2\/types\/product"}],"replies":[{"embeddable":true,"href":"https:\/\/www.university-press.fau.de\/en\/wp-json\/wp\/v2\/comments?post=443"}],"wp:featuredmedia":[{"embeddable":true,"href":"https:\/\/www.university-press.fau.de\/en\/wp-json\/wp\/v2\/media\/1118"}],"wp:attachment":[{"href":"https:\/\/www.university-press.fau.de\/en\/wp-json\/wp\/v2\/media?parent=443"}],"wp:term":[{"taxonomy":"product_brand","embeddable":true,"href":"https:\/\/www.university-press.fau.de\/en\/wp-json\/wp\/v2\/product_brand?post=443"},{"taxonomy":"product_cat","embeddable":true,"href":"https:\/\/www.university-press.fau.de\/en\/wp-json\/wp\/v2\/product_cat?post=443"},{"taxonomy":"product_tag","embeddable":true,"href":"https:\/\/www.university-press.fau.de\/en\/wp-json\/wp\/v2\/product_tag?post=443"}],"curies":[{"name":"wp","href":"https:\/\/api.w.org\/{rel}","templated":true}]}}