{"id":448,"date":"2022-09-26T14:33:01","date_gmt":"2022-09-26T12:33:01","guid":{"rendered":"https:\/\/www.university-press.fau.de\/produkt\/traegergestuetzte-sapo-34-zeolithmembranen\/"},"modified":"2023-12-12T14:20:43","modified_gmt":"2023-12-12T13:20:43","slug":"978-3-96147-354-0","status":"publish","type":"product","link":"https:\/\/www.university-press.fau.de\/en\/product\/978-3-96147-354-0\/","title":{"rendered":"Tr\u00e4gergest\u00fctzte SAPO-34 Zeolithmembranen"},"content":{"rendered":"<p>Das generelle, wissenschaftliche Ziel dieser Dissertation ist Methoden f\u00fcr die Herstellung einer tr\u00e4gergest\u00fctzten Zeolithmembranen mit m\u00f6glichst d\u00fcnnen und defektfreien Zeolithschichten zu entwickeln und zu testen. Dazu sollten zwei unterschiedliche Vorgehensweisen zum Defektschluss verfolgt werden. Zum einen die direkte Synthese einer d\u00fcnnen, defektfreien Zeolithmembran mittels einer multiplen in-situ Kristallisation des Zeolithen, wobei die Bekeimung des jeweiligen por\u00f6sen Tr\u00e4germaterials reaktiv im ersten Kristallisationsschritt erfolgt. Zum anderen das postsynthetische Schlie\u00dfen von vorliegenden Defekten innerhalb der Zeolithschicht nach der Membransynthese durch Kohlenstoffintegration, wobei ein organisches Material infiltriert wird und nachfolgend eine Karbonisierung durchgef\u00fchrt wird. Hierbei werden flexible Kohlenstoffnanostrukturen in die Defekte der Zeolithschicht eingebracht was zu einem neuartigen Membrantyp, den kohlenstoffintegrierte Zeolithmembran, kurz CiZM (Carbon integrated Zeolite Membrane) f\u00fchrt. Die Selektivit\u00e4t dieser kohlenstoffintegrierter Zeolithmembranen f\u00fcr die CO2\/N2 Trennung liegt deutlich \u00fcber der Selektivit\u00e4t von reinen Zeolithmembranen mit \u03b1-Al2O3 als Tr\u00e4germaterial.<\/p>","protected":false},"excerpt":{"rendered":"<p>Das generelle, wissenschaftliche Ziel dieser Dissertation ist Methoden f\u00fcr die Herstellung einer tr\u00e4gergest\u00fctzten Zeolithmembranen mit m\u00f6glichst d\u00fcnnen und defektfreien Zeolithschichten zu entwickeln und zu testen. Dazu sollten zwei unterschiedliche Vorgehensweisen zum Defektschluss verfolgt werden. Zum einen die direkte Synthese einer d\u00fcnnen, defektfreien Zeolithmembran mittels einer multiplen in-situ Kristallisation des Zeolithen, wobei die Bekeimung des jeweiligen [&hellip;]<\/p>\n","protected":false},"featured_media":1112,"comment_status":"open","ping_status":"closed","template":"","meta":{"_acf_changed":false},"product_brand":[],"product_cat":[40],"product_tag":[],"class_list":{"0":"post-448","1":"product","2":"type-product","3":"status-publish","4":"has-post-thumbnail","6":"product_cat-einzeltitel","7":"has-post-title","8":"has-post-date","9":"has-post-category","10":"has-post-tag","11":"has-post-comment","12":"has-post-author","13":"","15":"first","16":"instock","17":"taxable","18":"shipping-taxable","19":"purchasable","20":"product-type-simple"},"acf":{"autor":"Sch\u00fclein, Christa Marion","orcid":"","ror":"","herausgeber":"","orcid_hrsg":"","rorhrsg":"","bearbeiter":"","sonstige_beteiligte_personen":"","untertitel":"Ein Modellsystem zur Entwicklung verschiedener Methoden zum Schlie\u00dfen potentieller Defekte in Zeolithschichten","zusatz":"","jahr":"2020","zeitschrift":"","serie":"","serie_name":"","serie_band":"","serie_jahr":"","serie_titel_band":"","vortrage":"","issn":"","isbn":"","isbn13":"978-3-96147-354-0","seiten":"386","sonstiges":"","band":"","auflage":"","opus":"","dspace":"14838","e-isbn_pdf":"978-3-96147-355-7","doi":"https:\/\/doi.org\/10.25593\/978-3-96147-355-7","epub":"","e-isbn_epub":"","doi_epub":"","html":"","e-isbn_html":"","doi_html":"","e-isbn_reader":"","doi_reader":"","digibib":"","urn":"urn:nbn:de:bvb:29-opus4-148384","supplementary_material":"","sprache":["Deutsch"],"ausgabe":"Softcover","suche":" 9783961473540 9783961473557  ","lizenz":"BY-4","bemerkung":""},"builder_content":"","_links":{"self":[{"href":"https:\/\/www.university-press.fau.de\/en\/wp-json\/wp\/v2\/product\/448","targetHints":{"allow":["GET"]}}],"collection":[{"href":"https:\/\/www.university-press.fau.de\/en\/wp-json\/wp\/v2\/product"}],"about":[{"href":"https:\/\/www.university-press.fau.de\/en\/wp-json\/wp\/v2\/types\/product"}],"replies":[{"embeddable":true,"href":"https:\/\/www.university-press.fau.de\/en\/wp-json\/wp\/v2\/comments?post=448"}],"wp:featuredmedia":[{"embeddable":true,"href":"https:\/\/www.university-press.fau.de\/en\/wp-json\/wp\/v2\/media\/1112"}],"wp:attachment":[{"href":"https:\/\/www.university-press.fau.de\/en\/wp-json\/wp\/v2\/media?parent=448"}],"wp:term":[{"taxonomy":"product_brand","embeddable":true,"href":"https:\/\/www.university-press.fau.de\/en\/wp-json\/wp\/v2\/product_brand?post=448"},{"taxonomy":"product_cat","embeddable":true,"href":"https:\/\/www.university-press.fau.de\/en\/wp-json\/wp\/v2\/product_cat?post=448"},{"taxonomy":"product_tag","embeddable":true,"href":"https:\/\/www.university-press.fau.de\/en\/wp-json\/wp\/v2\/product_tag?post=448"}],"curies":[{"name":"wp","href":"https:\/\/api.w.org\/{rel}","templated":true}]}}