{"id":449,"date":"2022-09-26T14:33:01","date_gmt":"2022-09-26T12:33:01","guid":{"rendered":"https:\/\/www.university-press.fau.de\/produkt\/untersuchungen-zum-potenzial-periodisch-offenzelliger-strukturenals-alternative-katalysatortraeger-fuer-exotherme-reaktionen\/"},"modified":"2023-12-12T14:23:44","modified_gmt":"2023-12-12T13:23:44","slug":"978-3-96147-352-6","status":"publish","type":"product","link":"https:\/\/www.university-press.fau.de\/en\/product\/978-3-96147-352-6\/","title":{"rendered":"Untersuchungen zum Potenzial periodisch offenzelliger Strukturenals alternative Katalysatortr\u00e4ger f\u00fcr exotherme Reaktionen"},"content":{"rendered":"<p>Mit der additiven Fertigung ist es m\u00f6glich neuartige Strukturen, sogenannte periodisch offenzellige Strukturen (POCS), herzustellen, welche eine regul\u00e4re und genau einstellbare Geometrie aufweisen. Diese Strukturen k\u00f6nnen als alternative Katalysatortr\u00e4ger in Festbettreaktoren eingesetzt werden und erm\u00f6glichen aufgrund ihrer kontinuierlichen Feststoffmatrix eine Verbesserung des W\u00e4rmetransports gegen\u00fcber klassischen sch\u00fcttungsgef\u00fcllten Festbettreaktoren. In der vorliegenden Arbeit wurde durch gezielte Variation der morphologischen und materialseitigen Eigenschaften von POCS evaluiert, welches Potenzial diese Strukturen zur Verbesserung des W\u00e4rmemanagements in Festbettreaktoren aufweisen. Zu diesem Zweck wurden experimentelle Untersuchungen der W\u00e4rmetransporteigenschaften unter inerten und reaktiven Bedingungen durchgef\u00fchrt.<\/p>","protected":false},"excerpt":{"rendered":"<p>Mit der additiven Fertigung ist es m\u00f6glich neuartige Strukturen, sogenannte periodisch offenzellige Strukturen (POCS), herzustellen, welche eine regul\u00e4re und genau einstellbare Geometrie aufweisen. Diese Strukturen k\u00f6nnen als alternative Katalysatortr\u00e4ger in Festbettreaktoren eingesetzt werden und erm\u00f6glichen aufgrund ihrer kontinuierlichen Feststoffmatrix eine Verbesserung des W\u00e4rmetransports gegen\u00fcber klassischen sch\u00fcttungsgef\u00fcllten Festbettreaktoren. In der vorliegenden Arbeit wurde durch gezielte Variation [&hellip;]<\/p>\n","protected":false},"featured_media":1111,"comment_status":"open","ping_status":"closed","template":"","meta":{"_acf_changed":false},"product_brand":[],"product_cat":[40],"product_tag":[],"class_list":{"0":"post-449","1":"product","2":"type-product","3":"status-publish","4":"has-post-thumbnail","6":"product_cat-einzeltitel","7":"has-post-title","8":"has-post-date","9":"has-post-category","10":"has-post-tag","11":"has-post-comment","12":"has-post-author","13":"","15":"first","16":"instock","17":"taxable","18":"shipping-taxable","19":"purchasable","20":"product-type-simple"},"acf":{"autor":"Busse, Corinna","orcid":"","ror":"","herausgeber":"","orcid_hrsg":"","rorhrsg":"","bearbeiter":"","sonstige_beteiligte_personen":"","untertitel":"","zusatz":"","jahr":"2020","zeitschrift":"","serie":"","serie_name":"","serie_band":"","serie_jahr":"","serie_titel_band":"","vortrage":"","issn":"","isbn":"","isbn13":"978-3-96147-352-6","seiten":"x, 286","sonstiges":"","band":"","auflage":"","opus":"","dspace":"14988","e-isbn_pdf":"978-3-96147-353-3","doi":"https:\/\/doi.org\/10.25593\/978-3-96147-353-3","epub":"","e-isbn_epub":"","doi_epub":"","html":"","e-isbn_html":"","doi_html":"","e-isbn_reader":"","doi_reader":"","digibib":"","urn":"urn:nbn:de:bvb:29-opus4-149882","supplementary_material":"","sprache":["Deutsch"],"ausgabe":"Softcover","suche":" 9783961473526 9783961473533  ","lizenz":"BY-4","bemerkung":""},"builder_content":"","_links":{"self":[{"href":"https:\/\/www.university-press.fau.de\/en\/wp-json\/wp\/v2\/product\/449","targetHints":{"allow":["GET"]}}],"collection":[{"href":"https:\/\/www.university-press.fau.de\/en\/wp-json\/wp\/v2\/product"}],"about":[{"href":"https:\/\/www.university-press.fau.de\/en\/wp-json\/wp\/v2\/types\/product"}],"replies":[{"embeddable":true,"href":"https:\/\/www.university-press.fau.de\/en\/wp-json\/wp\/v2\/comments?post=449"}],"wp:featuredmedia":[{"embeddable":true,"href":"https:\/\/www.university-press.fau.de\/en\/wp-json\/wp\/v2\/media\/1111"}],"wp:attachment":[{"href":"https:\/\/www.university-press.fau.de\/en\/wp-json\/wp\/v2\/media?parent=449"}],"wp:term":[{"taxonomy":"product_brand","embeddable":true,"href":"https:\/\/www.university-press.fau.de\/en\/wp-json\/wp\/v2\/product_brand?post=449"},{"taxonomy":"product_cat","embeddable":true,"href":"https:\/\/www.university-press.fau.de\/en\/wp-json\/wp\/v2\/product_cat?post=449"},{"taxonomy":"product_tag","embeddable":true,"href":"https:\/\/www.university-press.fau.de\/en\/wp-json\/wp\/v2\/product_tag?post=449"}],"curies":[{"name":"wp","href":"https:\/\/api.w.org\/{rel}","templated":true}]}}