{"id":450,"date":"2022-09-26T14:33:02","date_gmt":"2022-09-26T12:33:02","guid":{"rendered":"https:\/\/www.university-press.fau.de\/produkt\/unser-deutsch-ii\/"},"modified":"2025-11-20T14:26:55","modified_gmt":"2025-11-20T13:26:55","slug":"978-3-96147-376-2","status":"publish","type":"product","link":"https:\/\/www.university-press.fau.de\/en\/product\/978-3-96147-376-2\/","title":{"rendered":"Unser Deutsch II"},"content":{"rendered":"<div id=\"result-data\">\n<div id=\"abstract\">\n<p>Die Glossen behandeln vertraute, neue oder fragw\u00fcrdige W\u00f6rter aus allen Bereichen des gegenw\u00e4rtigen Deutsch. Es sind unterhaltsame Gedanken \u00fcber die Vieldeutigkeit, die Bildung und den aktuellen Gebrauch der Alltagssprache. Oft enthalten sie Erkl\u00e4rungen aus sprachwissenschaftlicher Sicht und liefern sprachkritische Kommentare. Die Glossen wurden erstmals 2019 und 2020 im Infobrief des Vereins Deutsche Sprache publiziert.<\/p>\n<\/div>\n<\/div>\n<div id=\"services\" class=\"services-menu\"><\/div>","protected":false},"excerpt":{"rendered":"<p>Die Glossen behandeln vertraute, neue oder fragw\u00fcrdige W\u00f6rter aus allen Bereichen des gegenw\u00e4rtigen Deutsch. Es sind unterhaltsame Gedanken \u00fcber die Vieldeutigkeit, die Bildung und den aktuellen Gebrauch der Alltagssprache. Oft enthalten sie Erkl\u00e4rungen aus sprachwissenschaftlicher Sicht und liefern sprachkritische Kommentare. Die Glossen wurden erstmals 2019 und 2020 im Infobrief des Vereins Deutsche Sprache publiziert.<\/p>","protected":false},"featured_media":1109,"comment_status":"open","ping_status":"closed","template":"","meta":{"_acf_changed":false},"product_brand":[],"product_cat":[40],"product_tag":[],"class_list":{"0":"post-450","1":"product","2":"type-product","3":"status-publish","4":"has-post-thumbnail","6":"product_cat-einzeltitel","7":"has-post-title","8":"has-post-date","9":"has-post-category","10":"has-post-tag","11":"has-post-comment","12":"has-post-author","13":"","15":"first","16":"instock","17":"taxable","18":"shipping-taxable","19":"purchasable","20":"product-type-simple"},"acf":{"autor":"Munske, Horst Haider","orcid":"","ror":"","herausgeber":"","orcid_hrsg":"","rorhrsg":"","bearbeiter":"","sonstige_beteiligte_personen":"","untertitel":"Neue Glossen zum heutigen Wortschatz","zusatz":"","jahr":"2020","zeitschrift":"","serie":"","serie_name":"","serie_band":"","serie_jahr":"","serie_titel_band":"","vortrage":"","issn":"","isbn":"","isbn13":"978-3-96147-376-2","seiten":"184","sonstiges":"","band":"","auflage":"","opus":"","dspace":"15085","e-isbn_pdf":"978-3-96147-377-9","doi":"https:\/\/doi.org\/10.25593\/978-3-96147-377-9","epub":"","e-isbn_epub":"","doi_epub":"","html":"","e-isbn_html":"","doi_html":"","e-isbn_reader":"","doi_reader":"","digibib":"","urn":"urn:nbn:de:bvb:29-opus4-150855","supplementary_material":"","sprache":["Deutsch"],"ausgabe":"Softcover","suche":" 9783961473762 9783961473779  ","lizenz":"BY-4","bemerkung":""},"builder_content":"","_links":{"self":[{"href":"https:\/\/www.university-press.fau.de\/en\/wp-json\/wp\/v2\/product\/450","targetHints":{"allow":["GET"]}}],"collection":[{"href":"https:\/\/www.university-press.fau.de\/en\/wp-json\/wp\/v2\/product"}],"about":[{"href":"https:\/\/www.university-press.fau.de\/en\/wp-json\/wp\/v2\/types\/product"}],"replies":[{"embeddable":true,"href":"https:\/\/www.university-press.fau.de\/en\/wp-json\/wp\/v2\/comments?post=450"}],"wp:featuredmedia":[{"embeddable":true,"href":"https:\/\/www.university-press.fau.de\/en\/wp-json\/wp\/v2\/media\/1109"}],"wp:attachment":[{"href":"https:\/\/www.university-press.fau.de\/en\/wp-json\/wp\/v2\/media?parent=450"}],"wp:term":[{"taxonomy":"product_brand","embeddable":true,"href":"https:\/\/www.university-press.fau.de\/en\/wp-json\/wp\/v2\/product_brand?post=450"},{"taxonomy":"product_cat","embeddable":true,"href":"https:\/\/www.university-press.fau.de\/en\/wp-json\/wp\/v2\/product_cat?post=450"},{"taxonomy":"product_tag","embeddable":true,"href":"https:\/\/www.university-press.fau.de\/en\/wp-json\/wp\/v2\/product_tag?post=450"}],"curies":[{"name":"wp","href":"https:\/\/api.w.org\/{rel}","templated":true}]}}