{"id":452,"date":"2022-09-26T14:33:03","date_gmt":"2022-09-26T12:33:03","guid":{"rendered":"https:\/\/www.university-press.fau.de\/produkt\/chrestien-de-troyes-monsieur-yvains-der-loewenritter-2\/"},"modified":"2024-04-16T06:39:15","modified_gmt":"2024-04-16T04:39:15","slug":"978-3-96147-422-6","status":"publish","type":"product","link":"https:\/\/www.university-press.fau.de\/en\/product\/978-3-96147-422-6\/","title":{"rendered":"Chrestien de Troyes: Monsieur Yvains, der L\u00f6wenritter"},"content":{"rendered":"<p>Ich \u00fcbersetze Vers f\u00fcr Vers; zuweilen versuche ich, einem neuhochdeutschen syntaktischen Verst\u00e4ndnis zu entsprechen, indem ich einen Teil der W\u00f6rter mit der Folgezeile vertausche (nur mit der Folgezeile, nie mit der \u00fcbern\u00e4chsten oder weiteren); selten nehme ich das (pr\u00e4positionale) Subjekt des Satzes \u2013 ohne Ersatz in der Folgezeile \u2013 nach vorn; noch seltener kommt es in die Folgezeile.<\/p>\n<p>Die Textgrundlage des Werkes ist:<\/p>\n<ul>\n<li>Le Chevalier au Lion (Yvain), nach dem Ms. BN fr. 1433. Hg. und \u00fcbers. von David F. Hult. In: Chr\u00e9tien de Troyes: Romans. Hg. von Michel Zink. Paris (Librairie G\u00e9n\u00e9rale Fran\u03c2aise), Yvain S. 705-936.<\/li>\n<li>Kristian von Troyes, Yvain (Der L\u00f6wenritter). Textausgabe mit Einleitung, herausgegeben von Wendelin Foerster, zweite unver\u00e4nderte Auflage mit einem Nachtrag von Alfons Hilka, Halle a. S. (Max Niemeyer) 1926.<\/li>\n<li>Kristian von Troyes, Yvain (Der L\u00f6wenritter), nach W. Foersters letzter Ausgabe in Auswahl bearbeitet und mit Einleitung und Glossar versehen von Rudolf Baehr, 2., verbesserte Auflage, T\u00fcbingen (Max Niemeyer) 1966 (1. Auflage 1958).<\/li>\n<\/ul>\n<p>Dar\u00fcber hinaus die benutzten \u00dcbersetzungen:<\/p>\n<ul>\n<li>Chr\u00e9tien de Troyes, Arthurian Romances, Translated with an Introduction by W. W. Comfort, London\/New York (Everyman\u2019s Library) 1914 (reprinted 1970); Yvain S. 180 \u2013 269. [Vgl. Chr\u00e9tien de Troyes, Yvain, translated by W. W. Comfort, In Parentheses Publications, Old French Series, Cambridge, Ontario 1999 und (unver\u00e4ndert) im Internet: <a href=\"http:\/\/www.yorku.ca\/inpar\/yvain_comfort.pdf\">http:\/\/www.yorku.ca\/inpar\/yvain_comfort.pdf<\/a>].<\/li>\n<li>Chrestien de Troyes, Yvain, \u00fcbersetzt und eingeleitet von Ilse Nolting-Hauff (Text: Wendelin Foerster), M\u00fcnchen 1983 (Wilhelm Fink Verlag), unver\u00e4nderter Nachdruck der 2. Auflage.<\/li>\n<\/ul>","protected":false},"excerpt":{"rendered":"<p>Ich \u00fcbersetze Vers f\u00fcr Vers; zuweilen versuche ich, einem neuhochdeutschen syntaktischen Verst\u00e4ndnis zu entsprechen, indem ich einen Teil der W\u00f6rter mit der Folgezeile vertausche (nur mit der Folgezeile, nie mit der \u00fcbern\u00e4chsten oder weiteren); selten nehme ich das (pr\u00e4positionale) Subjekt des Satzes \u2013 ohne Ersatz in der Folgezeile \u2013 nach vorn; noch seltener kommt es [&hellip;]<\/p>\n","protected":false},"featured_media":1105,"comment_status":"open","ping_status":"closed","template":"","meta":{"_acf_changed":false},"product_brand":[],"product_cat":[40],"product_tag":[39],"class_list":{"0":"post-452","1":"product","2":"type-product","3":"status-publish","4":"has-post-thumbnail","6":"product_cat-einzeltitel","7":"product_tag-nur-als-online-publikation","8":"has-post-title","9":"has-post-date","10":"has-post-category","11":"has-post-tag","12":"has-post-comment","13":"has-post-author","14":"","16":"first","17":"outofstock","18":"taxable","19":"shipping-taxable","20":"product-type-simple"},"acf":{"autor":"Peschel, Dietmar","orcid":"","ror":"","herausgeber":"","orcid_hrsg":"","rorhrsg":"","bearbeiter":"","sonstige_beteiligte_personen":"","untertitel":"","zusatz":"","jahr":"2021","zeitschrift":"","serie":"","serie_name":"","serie_band":"","serie_jahr":"","serie_titel_band":"","vortrage":"","issn":"","isbn":"","isbn13":"978-3-96147-422-6","seiten":"160","sonstiges":"","band":"","auflage":"2., \u00fcberarbeitete Auflage","opus":"","dspace":"16832","e-isbn_pdf":"978-3-96147-422-6","doi":"https:\/\/doi.org\/10.25593\/978-3-96147-422-6","epub":"","e-isbn_epub":"","doi_epub":"","html":"","e-isbn_html":"","doi_html":"","e-isbn_reader":"","doi_reader":"","digibib":"","urn":"urn:nbn:de:bvb:29-opus4-168323","supplementary_material":"","sprache":["Deutsch"],"ausgabe":"Softcover","suche":" 9783961474226 9783961474226  ","lizenz":"BY-4","bemerkung":""},"builder_content":"","_links":{"self":[{"href":"https:\/\/www.university-press.fau.de\/en\/wp-json\/wp\/v2\/product\/452","targetHints":{"allow":["GET"]}}],"collection":[{"href":"https:\/\/www.university-press.fau.de\/en\/wp-json\/wp\/v2\/product"}],"about":[{"href":"https:\/\/www.university-press.fau.de\/en\/wp-json\/wp\/v2\/types\/product"}],"replies":[{"embeddable":true,"href":"https:\/\/www.university-press.fau.de\/en\/wp-json\/wp\/v2\/comments?post=452"}],"wp:featuredmedia":[{"embeddable":true,"href":"https:\/\/www.university-press.fau.de\/en\/wp-json\/wp\/v2\/media\/1105"}],"wp:attachment":[{"href":"https:\/\/www.university-press.fau.de\/en\/wp-json\/wp\/v2\/media?parent=452"}],"wp:term":[{"taxonomy":"product_brand","embeddable":true,"href":"https:\/\/www.university-press.fau.de\/en\/wp-json\/wp\/v2\/product_brand?post=452"},{"taxonomy":"product_cat","embeddable":true,"href":"https:\/\/www.university-press.fau.de\/en\/wp-json\/wp\/v2\/product_cat?post=452"},{"taxonomy":"product_tag","embeddable":true,"href":"https:\/\/www.university-press.fau.de\/en\/wp-json\/wp\/v2\/product_tag?post=452"}],"curies":[{"name":"wp","href":"https:\/\/api.w.org\/{rel}","templated":true}]}}