{"id":453,"date":"2022-09-26T14:33:03","date_gmt":"2022-09-26T12:33:03","guid":{"rendered":"https:\/\/www.university-press.fau.de\/produkt\/patientensteuerung-in-integrierten-versorgungsmodellen\/"},"modified":"2023-12-12T14:36:10","modified_gmt":"2023-12-12T13:36:10","slug":"978-3-96147-425-7","status":"publish","type":"product","link":"https:\/\/www.university-press.fau.de\/en\/product\/978-3-96147-425-7\/","title":{"rendered":"Patientensteuerung in integrierten Versorgungsmodellen"},"content":{"rendered":"<p>Die Gew\u00e4hrleistung einer zeitgem\u00e4\u00dfen Gesundheitsversorgung und die diskriminierungsfreie Teilhabe der Bev\u00f6lkerung daran geh\u00f6ren zu den zentralen politischen Zielen in Deutschland. Dabei sind sich Vertreter von Leistungserbringern, Kostentr\u00e4gern, Politik und Wissenschaft weitgehend einig, dass in diesem Zusammenhang eine funktionierende Patientensteuerung notwendig ist, um die Leistungsf\u00e4higkeit des Gesundheitssystems langfristig zu erhalten, auch wenn insbesondere Patienten Vorbehalte gegen die st\u00e4rkere Anwendung von versorgungssteuernden Managed-Care-Instrumenten haben. Daher stellt sich die Frage, welche Faktoren im deutschen Kontext die Umsetzung solcher Strukturen bef\u00f6rdern k\u00f6nnen und welche Faktoren diese derzeit noch verhindern. Die vorliegende Dissertationsschrift zeigt M\u00f6glichkeiten solcher Patientensteuerung im Rahmen der Integrierten Versorgung auf, wobei Ans\u00e4tze im Einflussbereich von \u00c4rzten und Krankenkassen, aber insbesondere auch in dem von Patienten beleuchtet werden.<\/p>","protected":false},"excerpt":{"rendered":"<p>Die Gew\u00e4hrleistung einer zeitgem\u00e4\u00dfen Gesundheitsversorgung und die diskriminierungsfreie Teilhabe der Bev\u00f6lkerung daran geh\u00f6ren zu den zentralen politischen Zielen in Deutschland. Dabei sind sich Vertreter von Leistungserbringern, Kostentr\u00e4gern, Politik und Wissenschaft weitgehend einig, dass in diesem Zusammenhang eine funktionierende Patientensteuerung notwendig ist, um die Leistungsf\u00e4higkeit des Gesundheitssystems langfristig zu erhalten, auch wenn insbesondere Patienten Vorbehalte gegen [&hellip;]<\/p>\n","protected":false},"featured_media":1104,"comment_status":"open","ping_status":"closed","template":"","meta":{"_acf_changed":false},"product_brand":[],"product_cat":[40],"product_tag":[],"class_list":{"0":"post-453","1":"product","2":"type-product","3":"status-publish","4":"has-post-thumbnail","6":"product_cat-einzeltitel","7":"has-post-title","8":"has-post-date","9":"has-post-category","10":"has-post-tag","11":"has-post-comment","12":"has-post-author","13":"","15":"first","16":"instock","17":"taxable","18":"shipping-taxable","19":"purchasable","20":"product-type-simple"},"acf":{"autor":"Schmidt, Adrian","orcid":"","ror":"","herausgeber":"","orcid_hrsg":"","rorhrsg":"","bearbeiter":"","sonstige_beteiligte_personen":"","untertitel":"","zusatz":"","jahr":"2021","zeitschrift":"","serie":"","serie_name":"","serie_band":"","serie_jahr":"","serie_titel_band":"","vortrage":"","issn":"","isbn":"","isbn13":"978-3-96147-425-7","seiten":"xv, 529","sonstiges":"","band":"","auflage":"","opus":"","dspace":"16901","e-isbn_pdf":"978-3-96147-426-4","doi":"https:\/\/doi.org\/10.25593\/978-3-96147-426-4","epub":"","e-isbn_epub":"","doi_epub":"","html":"","e-isbn_html":"","doi_html":"","e-isbn_reader":"","doi_reader":"","digibib":"","urn":"urn:nbn:de:bvb:29-opus4-169018","supplementary_material":"","sprache":["Deutsch"],"ausgabe":"Softcover","suche":" 9783961474257 9783961474264  ","lizenz":"BY-4","bemerkung":""},"builder_content":"","_links":{"self":[{"href":"https:\/\/www.university-press.fau.de\/en\/wp-json\/wp\/v2\/product\/453","targetHints":{"allow":["GET"]}}],"collection":[{"href":"https:\/\/www.university-press.fau.de\/en\/wp-json\/wp\/v2\/product"}],"about":[{"href":"https:\/\/www.university-press.fau.de\/en\/wp-json\/wp\/v2\/types\/product"}],"replies":[{"embeddable":true,"href":"https:\/\/www.university-press.fau.de\/en\/wp-json\/wp\/v2\/comments?post=453"}],"wp:featuredmedia":[{"embeddable":true,"href":"https:\/\/www.university-press.fau.de\/en\/wp-json\/wp\/v2\/media\/1104"}],"wp:attachment":[{"href":"https:\/\/www.university-press.fau.de\/en\/wp-json\/wp\/v2\/media?parent=453"}],"wp:term":[{"taxonomy":"product_brand","embeddable":true,"href":"https:\/\/www.university-press.fau.de\/en\/wp-json\/wp\/v2\/product_brand?post=453"},{"taxonomy":"product_cat","embeddable":true,"href":"https:\/\/www.university-press.fau.de\/en\/wp-json\/wp\/v2\/product_cat?post=453"},{"taxonomy":"product_tag","embeddable":true,"href":"https:\/\/www.university-press.fau.de\/en\/wp-json\/wp\/v2\/product_tag?post=453"}],"curies":[{"name":"wp","href":"https:\/\/api.w.org\/{rel}","templated":true}]}}