{"id":457,"date":"2022-09-26T14:33:05","date_gmt":"2022-09-26T12:33:05","guid":{"rendered":"https:\/\/www.university-press.fau.de\/produkt\/von-der-abwehr-zum-austausch-entstehung-und-foerderung-von-gender-reflexivitaet-bei-angehenden-fachkraeften-der-sozialen-arbeit\/"},"modified":"2024-07-08T14:28:58","modified_gmt":"2024-07-08T12:28:58","slug":"978-3-96147-495-0","status":"publish","type":"product","link":"https:\/\/www.university-press.fau.de\/en\/product\/978-3-96147-495-0\/","title":{"rendered":"Von der Abwehr zum Austausch &#8211; Entstehung und F\u00f6rderung von Gender-Reflexivit\u00e4t bei angehenden Fachkr\u00e4ften der Sozialen Arbeit"},"content":{"rendered":"<p>In der vorliegenden Arbeit wird der Forschungsfrage nachgegangen, wie angehende Fachkr\u00e4fte der Sozialen Arbeit Reflexivit\u00e4t als Haltung entwickeln. Am Beispiel der komplexen Gender-Thematik wird gefragt, wodurch Lernende eine menschenfreundliche, gendersensible und reflexive Haltung entwickeln. Was genau bringt sie dazu, in Bezug auf Gender-Themen, die Facetten sozialer und kultureller Interpretationen von Geschlechtlichkeit aufmerksam wahrzunehmen, kritisch zu reflektieren und scheinbar Gegebenes in Frage zu stellen? Der vorliegende interdisziplin\u00e4re Beitrag beleuchtet die erforderlichen Kompetenzen f\u00fcr die sp\u00e4tere T\u00e4tigkeit in der Sozialen Arbeit.<\/p>\n<p>Nach einer Ann\u00e4herung an den Begriff der Reflexivit\u00e4t wird die Gender-Thematik im Fachdiskurs dargestellt, der Begriff Gender-Reflexivit\u00e4t diskutiert und gekl\u00e4rt. Das Lehr-Lernsetting im Studium und hier im Kontext einer kirchlichen Hochschule wird mit seinen Besonderheiten und M\u00f6glichkeiten betrachtet. Nach der theoretischen Verortung folgt die Darstellung einer Studie, bei der Studierende nach ihrem Lernweg hin zur Gender-Reflexivit\u00e4t befragt werden. Dies geschieht in leitfadengest\u00fctzten, teilstrukturieren Einzelinterviews sowie einer Gruppendiskussion und wird anhand der Qualitativen Inhaltsanalyse ausgewertet.<\/p>","protected":false},"excerpt":{"rendered":"<p>In der vorliegenden Arbeit wird der Forschungsfrage nachgegangen, wie angehende Fachkr\u00e4fte der Sozialen Arbeit Reflexivit\u00e4t als Haltung entwickeln. Am Beispiel der komplexen Gender-Thematik wird gefragt, wodurch Lernende eine menschenfreundliche, gendersensible und reflexive Haltung entwickeln. Was genau bringt sie dazu, in Bezug auf Gender-Themen, die Facetten sozialer und kultureller Interpretationen von Geschlechtlichkeit aufmerksam wahrzunehmen, kritisch zu [&hellip;]<\/p>\n","protected":false},"featured_media":1099,"comment_status":"open","ping_status":"closed","template":"","meta":{"_acf_changed":false},"product_brand":[],"product_cat":[40],"product_tag":[],"class_list":{"0":"post-457","1":"product","2":"type-product","3":"status-publish","4":"has-post-thumbnail","6":"product_cat-einzeltitel","7":"has-post-title","8":"has-post-date","9":"has-post-category","10":"has-post-tag","11":"has-post-comment","12":"has-post-author","13":"","15":"first","16":"instock","17":"taxable","18":"shipping-taxable","19":"purchasable","20":"product-type-simple"},"acf":{"autor":"Moritzen, Hanna","orcid":"","ror":"","herausgeber":"","orcid_hrsg":"","rorhrsg":"","bearbeiter":"","sonstige_beteiligte_personen":"","untertitel":"Konsequenzen aus einer Analyse an einer kirchlichen Hochschule","zusatz":"","jahr":"2022","zeitschrift":"","serie":"","serie_name":"","serie_band":"","serie_jahr":"","serie_titel_band":"","vortrage":"","issn":"","isbn":"","isbn13":"978-3-96147-495-0","seiten":"333","sonstiges":"","band":"","auflage":"","opus":"","dspace":"18502","e-isbn_pdf":"978-3-96147-496-7","doi":"https:\/\/doi.org\/10.25593\/978-3-96147-496-7","epub":"","e-isbn_epub":"","doi_epub":"","html":"","e-isbn_html":"","doi_html":"","e-isbn_reader":"","doi_reader":"","digibib":"","urn":"urn:nbn:de:bvb:29-opus4-185026","supplementary_material":"","sprache":["Deutsch"],"ausgabe":"Softcover","suche":" 9783961474950 9783961474967  ","lizenz":"BY-4","bemerkung":""},"builder_content":"","_links":{"self":[{"href":"https:\/\/www.university-press.fau.de\/en\/wp-json\/wp\/v2\/product\/457","targetHints":{"allow":["GET"]}}],"collection":[{"href":"https:\/\/www.university-press.fau.de\/en\/wp-json\/wp\/v2\/product"}],"about":[{"href":"https:\/\/www.university-press.fau.de\/en\/wp-json\/wp\/v2\/types\/product"}],"replies":[{"embeddable":true,"href":"https:\/\/www.university-press.fau.de\/en\/wp-json\/wp\/v2\/comments?post=457"}],"wp:featuredmedia":[{"embeddable":true,"href":"https:\/\/www.university-press.fau.de\/en\/wp-json\/wp\/v2\/media\/1099"}],"wp:attachment":[{"href":"https:\/\/www.university-press.fau.de\/en\/wp-json\/wp\/v2\/media?parent=457"}],"wp:term":[{"taxonomy":"product_brand","embeddable":true,"href":"https:\/\/www.university-press.fau.de\/en\/wp-json\/wp\/v2\/product_brand?post=457"},{"taxonomy":"product_cat","embeddable":true,"href":"https:\/\/www.university-press.fau.de\/en\/wp-json\/wp\/v2\/product_cat?post=457"},{"taxonomy":"product_tag","embeddable":true,"href":"https:\/\/www.university-press.fau.de\/en\/wp-json\/wp\/v2\/product_tag?post=457"}],"curies":[{"name":"wp","href":"https:\/\/api.w.org\/{rel}","templated":true}]}}