{"id":458,"date":"2022-09-26T14:33:05","date_gmt":"2022-09-26T12:33:05","guid":{"rendered":"https:\/\/www.university-press.fau.de\/produkt\/religionsunterricht-bilingual-didaktische-perspektiven-und-anregungen-fuer-die-praxis\/"},"modified":"2024-11-07T09:33:06","modified_gmt":"2024-11-07T08:33:06","slug":"978-3-96147-483-7","status":"publish","type":"product","link":"https:\/\/www.university-press.fau.de\/en\/product\/978-3-96147-483-7\/","title":{"rendered":"Religionsunterricht bilingual &#8211; Didaktische Perspektiven und Anregungen f\u00fcr die Praxis"},"content":{"rendered":"<p>Bilingualer Religionsunterricht stellt eine wertvolle Chance f\u00fcr die Sch\u00fclerinnen und Sch\u00fcler, die Lehrkr\u00e4fte und die Schule insgesamt dar &#8211; das zeigen Unterrichtserfahrungen von Lehrkr\u00e4ften ebenso wie empirische Forschungsergebnisse. Der englischsprachige Sachfachunterricht in Religionslehre leistet einen wichtigen Beitrag dazu, dass Jugendliche in einer immer st\u00e4rker globalisierten Welt in religi\u00f6sen, kulturellen, ethischen und lebensweltlichen Fragen international sprachf\u00e4hig werden. Und: Der Religionsunterricht mit seiner spezifischen Aufgabe religi\u00f6ser Bildung profitiert davon, weil sich neue didaktische Zug\u00e4nge ergeben und die Lernmotivation der Sch\u00fclerinnen und Sch\u00fcler steigt. Dieses Buch bietet Perspektiven, Anregungen und Unterst\u00fctzung f\u00fcr den bilingualen Religionsunterricht bis hin zu konkreten, praxiserprobten Unterrichtsentw\u00fcrfen mit dazugeh\u00f6rigen Materialien.<\/p>","protected":false},"excerpt":{"rendered":"<p>Bilingualer Religionsunterricht stellt eine wertvolle Chance f\u00fcr die Sch\u00fclerinnen und Sch\u00fcler, die Lehrkr\u00e4fte und die Schule insgesamt dar &#8211; das zeigen Unterrichtserfahrungen von Lehrkr\u00e4ften ebenso wie empirische Forschungsergebnisse. Der englischsprachige Sachfachunterricht in Religionslehre leistet einen wichtigen Beitrag dazu, dass Jugendliche in einer immer st\u00e4rker globalisierten Welt in religi\u00f6sen, kulturellen, ethischen und lebensweltlichen Fragen international sprachf\u00e4hig [&hellip;]<\/p>\n","protected":false},"featured_media":1098,"comment_status":"open","ping_status":"closed","template":"","meta":{"_acf_changed":false},"product_brand":[],"product_cat":[40],"product_tag":[],"class_list":{"0":"post-458","1":"product","2":"type-product","3":"status-publish","4":"has-post-thumbnail","6":"product_cat-einzeltitel","7":"has-post-title","8":"has-post-date","9":"has-post-category","10":"has-post-tag","11":"has-post-comment","12":"has-post-author","13":"","15":"first","16":"instock","17":"taxable","18":"shipping-taxable","19":"purchasable","20":"product-type-simple"},"acf":{"autor":"","orcid":"","ror":"","herausgeber":"Green, Jens-Peter\/Pirner, Manfred L.\/B\u00fcngener, Jens","orcid_hrsg":"","rorhrsg":"","bearbeiter":"","sonstige_beteiligte_personen":"","untertitel":"","zusatz":"","jahr":"2022","zeitschrift":"","serie":"","serie_name":"","serie_band":"","serie_jahr":"","serie_titel_band":"","vortrage":"","issn":"","isbn":"","isbn13":"978-3-96147-483-7","seiten":"ii, 322","sonstiges":"","band":"","auflage":"","opus":"","dspace":"18701","e-isbn_pdf":"978-3-96147-484-4","doi":"https:\/\/doi.org\/10.25593\/978-3-96147-484-4","epub":"","e-isbn_epub":"","doi_epub":"","html":"","e-isbn_html":"","doi_html":"","e-isbn_reader":"","doi_reader":"","digibib":"","urn":"urn:nbn:de:bvb:29-opus4-187017","supplementary_material":"","sprache":["Deutsch"],"ausgabe":"Softcover","suche":" 9783961474837 9783961474844  ","lizenz":"BY-4","bemerkung":""},"builder_content":"","_links":{"self":[{"href":"https:\/\/www.university-press.fau.de\/en\/wp-json\/wp\/v2\/product\/458","targetHints":{"allow":["GET"]}}],"collection":[{"href":"https:\/\/www.university-press.fau.de\/en\/wp-json\/wp\/v2\/product"}],"about":[{"href":"https:\/\/www.university-press.fau.de\/en\/wp-json\/wp\/v2\/types\/product"}],"replies":[{"embeddable":true,"href":"https:\/\/www.university-press.fau.de\/en\/wp-json\/wp\/v2\/comments?post=458"}],"wp:featuredmedia":[{"embeddable":true,"href":"https:\/\/www.university-press.fau.de\/en\/wp-json\/wp\/v2\/media\/1098"}],"wp:attachment":[{"href":"https:\/\/www.university-press.fau.de\/en\/wp-json\/wp\/v2\/media?parent=458"}],"wp:term":[{"taxonomy":"product_brand","embeddable":true,"href":"https:\/\/www.university-press.fau.de\/en\/wp-json\/wp\/v2\/product_brand?post=458"},{"taxonomy":"product_cat","embeddable":true,"href":"https:\/\/www.university-press.fau.de\/en\/wp-json\/wp\/v2\/product_cat?post=458"},{"taxonomy":"product_tag","embeddable":true,"href":"https:\/\/www.university-press.fau.de\/en\/wp-json\/wp\/v2\/product_tag?post=458"}],"curies":[{"name":"wp","href":"https:\/\/api.w.org\/{rel}","templated":true}]}}