{"id":461,"date":"2022-09-26T14:33:07","date_gmt":"2022-09-26T12:33:07","guid":{"rendered":"https:\/\/www.university-press.fau.de\/produkt\/invasive-computing\/"},"modified":"2023-12-12T15:10:55","modified_gmt":"2023-12-12T14:10:55","slug":"978-3-96147-570-4","status":"publish","type":"product","link":"https:\/\/www.university-press.fau.de\/en\/product\/978-3-96147-570-4\/","title":{"rendered":"Invasive Computing"},"content":{"rendered":"<p>Invasives Rechnen ist ein Paradigma f\u00fcr den Entwurf und die Programmierung zuk\u00fcnftiger paralleler Rechensysteme. F\u00fcr Systeme mit 1.000 oder mehr Kernen auf einem Chip ist eine ressourcengewahre Programmierung von gr\u00f6\u00dfter Bedeutung, um eine hohe Auslastung sowie Rechen-, Energie- und Leistungseffizienz zu erreichen. Invasives Rechnen bietet dem Programmierer bzw. der Programmiererin explizite M\u00f6glichkeiten, die in verschiedenen Phasen der Ausf\u00fchrung gew\u00fcnschten oder erforderlichen Ressourcenanforderungen zu spezifizieren: In einer Invasionsphase fordert eine Anwendung vom Betriebssystem eine Reihe gew\u00fcnschter Prozessor-, Speicher- und Kommunikationsressourcen an. In einer anschlie\u00dfenden Infektionsphase wird die parallele Arbeitslast auf die bereitgestellten Ressourcen verteilt und ausgef\u00fchrt. Nimmt der Grad der Parallelit\u00e4t w\u00e4hrend der Programmausf\u00fchrung ab, k\u00f6nnen die allozierten Ressourcen durch eine R\u00fcckzugsoperation wieder freigegeben werden, und die Anwendung wird wieder sequenziell ausgef\u00fchrt. Um diese Idee der selbstadaptiven und ressourcengewahren Programmierung zu realisieren, mussten nicht nur neue Programmierkonzepte, Sprachen, Compiler und Betriebssysteme entwickelt werden, sondern auch revolution\u00e4re architektonische \u00c4nderungen im Entwurf von MPSoCs (Multiprozessorsystemen auf einem Chip), um Invasions-, Infektions- und R\u00fcckzugsoperationen effizient zu unterst\u00fctzen. Dieses Buch gibt einen umfassenden \u00dcberblick \u00fcber alle Aspekte des invasiven Rechnens.<\/p>","protected":false},"excerpt":{"rendered":"<p>Invasives Rechnen ist ein Paradigma f\u00fcr den Entwurf und die Programmierung zuk\u00fcnftiger paralleler Rechensysteme. F\u00fcr Systeme mit 1.000 oder mehr Kernen auf einem Chip ist eine ressourcengewahre Programmierung von gr\u00f6\u00dfter Bedeutung, um eine hohe Auslastung sowie Rechen-, Energie- und Leistungseffizienz zu erreichen. Invasives Rechnen bietet dem Programmierer bzw. der Programmiererin explizite M\u00f6glichkeiten, die in verschiedenen [&hellip;]<\/p>\n","protected":false},"featured_media":1093,"comment_status":"open","ping_status":"closed","template":"","meta":{"_acf_changed":false},"product_brand":[],"product_cat":[40],"product_tag":[],"class_list":{"0":"post-461","1":"product","2":"type-product","3":"status-publish","4":"has-post-thumbnail","6":"product_cat-einzeltitel","7":"has-post-title","8":"has-post-date","9":"has-post-category","10":"has-post-tag","11":"has-post-comment","12":"has-post-author","13":"","15":"first","16":"instock","17":"taxable","18":"shipping-taxable","19":"purchasable","20":"product-type-simple"},"acf":{"autor":"","orcid":"","ror":"","herausgeber":"Teich, J\u00fcrgen; Henkel, J\u00f6rg; Herkersdorf, Andreas","orcid_hrsg":"","rorhrsg":"","bearbeiter":"","sonstige_beteiligte_personen":"","untertitel":"","zusatz":"","jahr":"2022","zeitschrift":"","serie":"","serie_name":"","serie_band":"","serie_jahr":"","serie_titel_band":"","vortrage":"","issn":"","isbn":"","isbn13":"978-3-96147-570-4","seiten":"ix, 431","sonstiges":"","band":"","auflage":"","opus":"","dspace":"20033","e-isbn_pdf":"978-3-96147-571-1","doi":"https:\/\/doi.org\/10.25593\/978-3-96147-571-1","epub":"","e-isbn_epub":"","doi_epub":"","html":"","e-isbn_html":"","doi_html":"","e-isbn_reader":"","doi_reader":"","digibib":"","urn":"urn:nbn:de:bvb:29-opus4-200331","supplementary_material":"","sprache":["Englisch"],"ausgabe":"Softcover","suche":" 9783961475704 9783961475711  ","lizenz":"BY-4","bemerkung":""},"builder_content":"","_links":{"self":[{"href":"https:\/\/www.university-press.fau.de\/en\/wp-json\/wp\/v2\/product\/461","targetHints":{"allow":["GET"]}}],"collection":[{"href":"https:\/\/www.university-press.fau.de\/en\/wp-json\/wp\/v2\/product"}],"about":[{"href":"https:\/\/www.university-press.fau.de\/en\/wp-json\/wp\/v2\/types\/product"}],"replies":[{"embeddable":true,"href":"https:\/\/www.university-press.fau.de\/en\/wp-json\/wp\/v2\/comments?post=461"}],"wp:featuredmedia":[{"embeddable":true,"href":"https:\/\/www.university-press.fau.de\/en\/wp-json\/wp\/v2\/media\/1093"}],"wp:attachment":[{"href":"https:\/\/www.university-press.fau.de\/en\/wp-json\/wp\/v2\/media?parent=461"}],"wp:term":[{"taxonomy":"product_brand","embeddable":true,"href":"https:\/\/www.university-press.fau.de\/en\/wp-json\/wp\/v2\/product_brand?post=461"},{"taxonomy":"product_cat","embeddable":true,"href":"https:\/\/www.university-press.fau.de\/en\/wp-json\/wp\/v2\/product_cat?post=461"},{"taxonomy":"product_tag","embeddable":true,"href":"https:\/\/www.university-press.fau.de\/en\/wp-json\/wp\/v2\/product_tag?post=461"}],"curies":[{"name":"wp","href":"https:\/\/api.w.org\/{rel}","templated":true}]}}