{"id":4736,"date":"2024-03-08T08:46:32","date_gmt":"2024-03-08T07:46:32","guid":{"rendered":"https:\/\/www.university-press.fau.de\/?post_type=product&#038;p=4736"},"modified":"2025-10-30T15:22:14","modified_gmt":"2025-10-30T14:22:14","slug":"978-3-96147-715-9","status":"publish","type":"product","link":"https:\/\/www.university-press.fau.de\/en\/product\/978-3-96147-715-9\/","title":{"rendered":"Untersuchungen zur Stoffflusssteuerung beim F\u00fcgen durch Umformen von hochfesten Aluminiumlegierungen mittels lokaler Kurzzeitw\u00e4rmebehandlung"},"content":{"rendered":"<p>Mechanical joining processes take an important role in the production of multi-material car bodies. Due to the high strength and usually limited formability of modern high-performance materials, established joining processes are reaching their limits. This applies in particular to the joining of high-strength 7xxx alloys. Heat treatment can be used to adapt the properties of precipitation-hardenable alloys in order to improve their forming characteristics. If the heat treatment is locally limited, the material flow in forming processes can be controlled by the interaction of softened and not-softened areas. The aim of the present work was to fundamentally investigate the control of the material flow during joining by forming of 7xxx aluminum by means of a process-adapted, locally limited short-term heat treatment and to derive a comprehensive understanding of the process. For this purpose, the influence of short-time retrogression annealing of EN AW-7075 T6 aluminum alloy on its mechanical properties was deter-mined, and the process limits when joining the alloy by shear-clinching with die-sided 22MnB5 and HCT780X were identified. By varying the heat treatment parameters, circular and ring-shaped layouts were compared and their influence on the joining process and the joint properties were investigated. Since the material re-ages after retrogression, the work further focusses on the analysis of the joint properties after artificial ageing as well as on the interaction with the heat treatment preceding the joining process.<\/p>","protected":false},"excerpt":{"rendered":"<p>Mechanische F\u00fcgeprozesse nehmen eine wichtige Rolle bei der Herstellung von Fahrzeugkarosserien in Mischbauweise ein. Aufgrund der hohen Festigkeit und der meist eingeschr\u00e4nkten Umformbarkeit moderner Hochleistungswerkstoffe sto\u00dfen etablierte F\u00fcgeverfahren an ihre Grenzen. Dies gilt insbesondere f\u00fcr das F\u00fcgen hochfester AlZnMg-Legierungen der 7000er Serie. Durch eine W\u00e4rmebehandlung k\u00f6nnen die Eigenschaften der ausscheidungsh\u00e4rtbaren Legierungen angepasst und die Umformeigenschaften [&hellip;]<\/p>\n","protected":false},"featured_media":4737,"comment_status":"open","ping_status":"closed","template":"","meta":{"_acf_changed":false},"product_brand":[],"product_cat":[34],"product_tag":[],"class_list":{"0":"post-4736","1":"product","2":"type-product","3":"status-publish","4":"has-post-thumbnail","6":"product_cat-fau-studien-aus-dem-maschinenbau","7":"has-post-title","8":"has-post-date","9":"has-post-category","10":"has-post-tag","11":"has-post-comment","12":"has-post-author","13":"","15":"first","16":"instock","17":"taxable","18":"shipping-taxable","19":"purchasable","20":"product-type-simple"},"acf":{"autor":"Wiesenmayer, Sebastian","orcid":"0000-0001-7540-6919","ror":"00f7hpc57","herausgeber":"","orcid_hrsg":"","rorhrsg":"","bearbeiter":"","sonstige_beteiligte_personen":"","untertitel":"","zusatz":"","jahr":"2024","zeitschrift":"","serie":"","serie_name":false,"serie_band":"","serie_jahr":"","serie_titel_band":"","vortrage":"","issn":"","isbn":"","isbn13":"978-3-96147-715-9","seiten":"xii, 197","sonstiges":"","band":434,"auflage":"","opus":"","dspace":"30699","e-isbn_pdf":"978-3-96147-716-6","doi":"https:\/\/doi.org\/10.25593\/978-3-96147-716-6","epub":"","e-isbn_epub":"","doi_epub":"","html":"","e-isbn_html":"","doi_html":"","e-isbn_reader":"","doi_reader":"","digibib":"","urn":"urn:nbn:de:101:1-2024031217513143463087","supplementary_material":"","sprache":["Deutsch"],"ausgabe":"Softcover","suche":" 9783961477159 9783961477166  ","lizenz":"BY-NC-4","bemerkung":""},"builder_content":"","_links":{"self":[{"href":"https:\/\/www.university-press.fau.de\/en\/wp-json\/wp\/v2\/product\/4736","targetHints":{"allow":["GET"]}}],"collection":[{"href":"https:\/\/www.university-press.fau.de\/en\/wp-json\/wp\/v2\/product"}],"about":[{"href":"https:\/\/www.university-press.fau.de\/en\/wp-json\/wp\/v2\/types\/product"}],"replies":[{"embeddable":true,"href":"https:\/\/www.university-press.fau.de\/en\/wp-json\/wp\/v2\/comments?post=4736"}],"wp:featuredmedia":[{"embeddable":true,"href":"https:\/\/www.university-press.fau.de\/en\/wp-json\/wp\/v2\/media\/4737"}],"wp:attachment":[{"href":"https:\/\/www.university-press.fau.de\/en\/wp-json\/wp\/v2\/media?parent=4736"}],"wp:term":[{"taxonomy":"product_brand","embeddable":true,"href":"https:\/\/www.university-press.fau.de\/en\/wp-json\/wp\/v2\/product_brand?post=4736"},{"taxonomy":"product_cat","embeddable":true,"href":"https:\/\/www.university-press.fau.de\/en\/wp-json\/wp\/v2\/product_cat?post=4736"},{"taxonomy":"product_tag","embeddable":true,"href":"https:\/\/www.university-press.fau.de\/en\/wp-json\/wp\/v2\/product_tag?post=4736"}],"curies":[{"name":"wp","href":"https:\/\/api.w.org\/{rel}","templated":true}]}}