{"id":4950,"date":"2024-04-02T11:48:50","date_gmt":"2024-04-02T09:48:50","guid":{"rendered":"https:\/\/www.university-press.fau.de\/?post_type=product&#038;p=4950"},"modified":"2025-01-15T11:54:26","modified_gmt":"2025-01-15T10:54:26","slug":"978-3-96147-709-8","status":"publish","type":"product","link":"https:\/\/www.university-press.fau.de\/en\/product\/978-3-96147-709-8\/","title":{"rendered":"Protection Concept Optimization Regarding Dynamic Security and Dependability in Multivariate Power Systems"},"content":{"rendered":"<p>Elektrische Energieversorgungssysteme sind Wegbereiter und Motor des Wohlstandes moderner Gesellschaften. Hierbei nehmen diese weltweit eine Schl\u00fcsselrolle zur Erreichung von Klimazielen, bei der Elektrifizierung von Sektoren und dem Anschluss von Erneuerbaren Energien ein. Die gesamte Energiesystemlandschaft steht vor gro\u00dfen Herausforderungen und sieht sich mit zunehmenden Ver\u00e4nderungen, variabler Einspeisung und Integration neuer Technologien konfrontiert. Betriebs- und St\u00f6rungszust\u00e4nde werden dadurch vielf\u00e4ltiger sowie schwerer vorhersehbar und unterscheidbar. Schutzsysteme haben die Aufgabe, Stromnetze vor den Folgen und Auswirkungen von Fehlern zu bewahren. Schutzkonzepte werden jedoch bis heute von Experten erstellt und nur selten nach \u00c4nderungen \u00fcberpr\u00fcft und angepasst. Das Ziel muss es daher sein, die Erstellung, Parametrierung, Bewertung und Optimierung von Schutzkonzepten zu digitalisieren und vollst\u00e4ndig zu automatisieren. Schutzsysteme m\u00fcssen vor System\u00e4nderungen oder dem Auftreten von Sicherheitsl\u00fccken adaptiert werden.<\/p>\n<p>The approach presented in this book consists of six sequential steps and is called Protection Toolchain. The workflow relies on a comprehensive database and a generic data model to process, compute and analyze protection and simulation data. A hybrid binary particle swarm optimization algorithm is proposed to set different protection functions of multiple protective devices of a system-wide power system section in a coordinated manner. Together with a specially designed dynamic evaluation method, applicable and trustworthy protection settings can be generated.<\/p>","protected":false},"excerpt":{"rendered":"<p>Elektrische Energieversorgungssysteme sind Wegbereiter und Motor des Wohlstandes moderner Gesellschaften. Hierbei nehmen diese weltweit eine Schl\u00fcsselrolle zur Erreichung von Klimazielen, bei der Elektrifizierung von Sektoren und dem Anschluss von Erneuerbaren Energien ein. Die gesamte Energiesystemlandschaft steht vor gro\u00dfen Herausforderungen und sieht sich mit zunehmenden Ver\u00e4nderungen, variabler Einspeisung und Integration neuer Technologien konfrontiert. Betriebs- und St\u00f6rungszust\u00e4nde [&hellip;]<\/p>\n","protected":false},"featured_media":4951,"comment_status":"open","ping_status":"closed","template":"","meta":{"_acf_changed":false},"product_brand":[],"product_cat":[49],"product_tag":[],"class_list":{"0":"post-4950","1":"product","2":"type-product","3":"status-publish","4":"has-post-thumbnail","6":"product_cat-fau-forschungen-reihe-b-medizin-naturwissenschaft-technik","7":"has-post-title","8":"has-post-date","9":"has-post-category","10":"has-post-tag","11":"has-post-comment","12":"has-post-author","13":"","15":"first","16":"instock","17":"taxable","18":"shipping-taxable","19":"purchasable","20":"product-type-simple"},"acf":{"autor":"Meyer, Georg Janick","orcid":"0000-0003-3214-1257","ror":"00f7hpc57","herausgeber":"","orcid_hrsg":"","rorhrsg":"","bearbeiter":"","sonstige_beteiligte_personen":"","untertitel":"","zusatz":"","jahr":"2024","zeitschrift":"","serie":"","serie_name":false,"serie_band":"","serie_jahr":"","serie_titel_band":"","vortrage":"","issn":"","isbn":"","isbn13":"978-3-96147-709-8","seiten":"xiv, 312","sonstiges":"","band":44,"auflage":"","opus":30782,"dspace":"30782","e-isbn_pdf":"978-3-96147-710-4","doi":"https:\/\/doi.org\/10.25593\/978-3-96147-710-4","epub":"","e-isbn_epub":"","doi_epub":"","html":"","e-isbn_html":"","doi_html":"","e-isbn_reader":"","doi_reader":"","digibib":"","urn":"urn:nbn:de:101:1-2024032904035077878419","supplementary_material":"","sprache":["Englisch"],"ausgabe":"Softcover","suche":" 9783961477098 9783961477104  ","lizenz":"BY-4","bemerkung":""},"builder_content":"","_links":{"self":[{"href":"https:\/\/www.university-press.fau.de\/en\/wp-json\/wp\/v2\/product\/4950","targetHints":{"allow":["GET"]}}],"collection":[{"href":"https:\/\/www.university-press.fau.de\/en\/wp-json\/wp\/v2\/product"}],"about":[{"href":"https:\/\/www.university-press.fau.de\/en\/wp-json\/wp\/v2\/types\/product"}],"replies":[{"embeddable":true,"href":"https:\/\/www.university-press.fau.de\/en\/wp-json\/wp\/v2\/comments?post=4950"}],"wp:featuredmedia":[{"embeddable":true,"href":"https:\/\/www.university-press.fau.de\/en\/wp-json\/wp\/v2\/media\/4951"}],"wp:attachment":[{"href":"https:\/\/www.university-press.fau.de\/en\/wp-json\/wp\/v2\/media?parent=4950"}],"wp:term":[{"taxonomy":"product_brand","embeddable":true,"href":"https:\/\/www.university-press.fau.de\/en\/wp-json\/wp\/v2\/product_brand?post=4950"},{"taxonomy":"product_cat","embeddable":true,"href":"https:\/\/www.university-press.fau.de\/en\/wp-json\/wp\/v2\/product_cat?post=4950"},{"taxonomy":"product_tag","embeddable":true,"href":"https:\/\/www.university-press.fau.de\/en\/wp-json\/wp\/v2\/product_tag?post=4950"}],"curies":[{"name":"wp","href":"https:\/\/api.w.org\/{rel}","templated":true}]}}