{"id":4960,"date":"2024-04-02T15:36:08","date_gmt":"2024-04-02T13:36:08","guid":{"rendered":"https:\/\/www.university-press.fau.de\/?post_type=product&#038;p=4960"},"modified":"2024-04-23T16:41:27","modified_gmt":"2024-04-23T14:41:27","slug":"friedrich-rueckert-an-der-universitaet-erlangen","status":"publish","type":"product","link":"https:\/\/www.university-press.fau.de\/en\/product\/friedrich-rueckert-an-der-universitaet-erlangen\/","title":{"rendered":"Friedrich R\u00fcckert an der Universit\u00e4t Erlangen"},"content":{"rendered":"","protected":false},"excerpt":{"rendered":"","protected":false},"featured_media":0,"comment_status":"open","ping_status":"closed","template":"","meta":{"_acf_changed":false},"product_brand":[],"product_cat":[50],"product_tag":[37],"class_list":{"0":"post-4960","1":"product","2":"type-product","3":"status-publish","5":"product_cat-schriften-der-universitaetsbibliothek-erlangen-nuernberg-ub","6":"product_tag-vergriffen","7":"has-post-title","8":"has-post-date","9":"has-post-category","10":"has-post-tag","11":"has-post-comment","12":"has-post-author","13":"","15":"first","16":"outofstock","17":"taxable","18":"shipping-taxable","19":"purchasable","20":"product-type-simple"},"acf":{"autor":"","orcid":"","ror":"","herausgeber":"Bobzin, Hartmut","orcid_hrsg":"","rorhrsg":"","bearbeiter":"","sonstige_beteiligte_personen":"","untertitel":"1826 - 1841 ; eine Ausstellung des Lehrstuhls f\u00fcr Orientalische Philologie, des Lehrstuhls f\u00fcr Indogermanistik und Indoiranistik und der Universit\u00e4tsbibliothek, 11. Juni - 3. Juli 1988","zusatz":"","jahr":"1988","zeitschrift":"","serie":"","serie_name":false,"serie_band":"","serie_jahr":"","serie_titel_band":"","vortrage":"","issn":"","isbn":"3922135544","isbn13":"","seiten":"324","sonstiges":"","band":19,"auflage":"","opus":"","dspace":"","e-isbn_pdf":"","doi":"","epub":"","e-isbn_epub":"","doi_epub":"","html":"","e-isbn_html":"","doi_html":"","e-isbn_reader":"","doi_reader":"","digibib":"","urn":"","supplementary_material":"","sprache":["Deutsch"],"ausgabe":"Softcover","suche":"3922135544    ","lizenz":"ohne Angabe","bemerkung":""},"builder_content":"","_links":{"self":[{"href":"https:\/\/www.university-press.fau.de\/en\/wp-json\/wp\/v2\/product\/4960","targetHints":{"allow":["GET"]}}],"collection":[{"href":"https:\/\/www.university-press.fau.de\/en\/wp-json\/wp\/v2\/product"}],"about":[{"href":"https:\/\/www.university-press.fau.de\/en\/wp-json\/wp\/v2\/types\/product"}],"replies":[{"embeddable":true,"href":"https:\/\/www.university-press.fau.de\/en\/wp-json\/wp\/v2\/comments?post=4960"}],"wp:attachment":[{"href":"https:\/\/www.university-press.fau.de\/en\/wp-json\/wp\/v2\/media?parent=4960"}],"wp:term":[{"taxonomy":"product_brand","embeddable":true,"href":"https:\/\/www.university-press.fau.de\/en\/wp-json\/wp\/v2\/product_brand?post=4960"},{"taxonomy":"product_cat","embeddable":true,"href":"https:\/\/www.university-press.fau.de\/en\/wp-json\/wp\/v2\/product_cat?post=4960"},{"taxonomy":"product_tag","embeddable":true,"href":"https:\/\/www.university-press.fau.de\/en\/wp-json\/wp\/v2\/product_tag?post=4960"}],"curies":[{"name":"wp","href":"https:\/\/api.w.org\/{rel}","templated":true}]}}