{"id":4962,"date":"2024-04-03T09:33:19","date_gmt":"2024-04-03T07:33:19","guid":{"rendered":"https:\/\/www.university-press.fau.de\/?post_type=product&#038;p=4962"},"modified":"2025-03-25T14:45:58","modified_gmt":"2025-03-25T13:45:58","slug":"978-3-96147-719-7","status":"publish","type":"product","link":"https:\/\/www.university-press.fau.de\/en\/product\/978-3-96147-719-7\/","title":{"rendered":"Sampling-based Tolerance-Cost Optimization: The Key to Optimal Tolerance Allocation"},"content":{"rendered":"<p>Limiting manufacturing-caused part variations by size, location, orientation, and form tolerances primarily aims to assure the total assembly quality. At the same time, however, the manufacturing conditions and, thus, the manufacturing costs are already predefined in the product development phase. The method of sampling-based tolerance-cost optimization, a combination of statistical tolerance analysis based on sampling techniques and metaheuristic optimization algorithms, enables an automated and optimal allocation of tolerance values and, thus, solves the conflict of objectives between costs and quality. However, limitations in effectiveness and efficiency still prevent its profitable application for solving complex, industry-relevant problems and exploiting hidden cost potentials.<\/p>\n<p>To close the current research gaps, the individual methods involved, in particular the sampling, non-conformance rate estimation and surrogate model-based optimization, are (further) developed and harmonized in one common approach, ensuring that reliable optimization results can be obtained in adequate computing times. Its extension to simultaneous machine selection and allocation with different batch sizes and selective assembly, considering machine-specific part tolerance distributions and geometrical, mutually dependent tolerances, significantly expands the context of use to practical aspects. A final evaluation of the developed framework proves its potential for a profitable application to practical problems and serves to identify further research potentials.<\/p>","protected":false},"excerpt":{"rendered":"<p>Die Einschr\u00e4nkung fertigungsbedingter Einzelteilabweichungen mithilfe von Ma\u00df-, Form- und Lagetoleranzen hat prim\u00e4r die Sicherstellung der Baugruppenqualit\u00e4t zum Ziel. Zugleich werden dadurch jedoch bereits in der Produktentwicklung die Randbedingungen f\u00fcr die Fertigung und somit implizit die Herstellungskosten festgelegt. Die Methode der samplingbasierten Toleranz-Kosten-Optimierung, eine Kombination aus statistischer Toleranzanalyse auf Basis von Samplingverfahren und metaheuristischen Optimierungsalgorithmen, erm\u00f6glicht [&hellip;]<\/p>\n","protected":false},"featured_media":4963,"comment_status":"open","ping_status":"closed","template":"","meta":{"_acf_changed":false},"product_brand":[],"product_cat":[34],"product_tag":[],"class_list":{"0":"post-4962","1":"product","2":"type-product","3":"status-publish","4":"has-post-thumbnail","6":"product_cat-fau-studien-aus-dem-maschinenbau","7":"has-post-title","8":"has-post-date","9":"has-post-category","10":"has-post-tag","11":"has-post-comment","12":"has-post-author","13":"","15":"first","16":"instock","17":"taxable","18":"shipping-taxable","19":"purchasable","20":"product-type-simple"},"acf":{"autor":"Roth, Martin","orcid":"0000-0001-8166-202X","ror":"00f7hpc57","herausgeber":"","orcid_hrsg":"","rorhrsg":"","bearbeiter":"","sonstige_beteiligte_personen":"","untertitel":"","zusatz":"","jahr":"2024","zeitschrift":"","serie":"","serie_name":false,"serie_band":"","serie_jahr":"","serie_titel_band":"","vortrage":"","issn":"","isbn":"","isbn13":"978-3-96147-719-7","seiten":"xxxvii, 337","sonstiges":"","band":436,"auflage":"","opus":"","dspace":"30689","e-isbn_pdf":"978-3-96147-720-3","doi":"https:\/\/doi.org\/10.25593\/978-3-96147-720-3","epub":"","e-isbn_epub":"","doi_epub":"","html":"","e-isbn_html":"","doi_html":"","e-isbn_reader":"","doi_reader":"","digibib":"","urn":"urn:nbn:de:101:1-2024030804112834610351","supplementary_material":"","sprache":["Englisch"],"ausgabe":"Softcover","suche":" 9783961477197 9783961477203  ","lizenz":"BY-NC-4","bemerkung":"1\tFAU Press\r\n1\tHB\r\n4\tBSB \/ DNB\r\n1\tTNZB\r\n1\tTIB\r\n"},"builder_content":"","_links":{"self":[{"href":"https:\/\/www.university-press.fau.de\/en\/wp-json\/wp\/v2\/product\/4962","targetHints":{"allow":["GET"]}}],"collection":[{"href":"https:\/\/www.university-press.fau.de\/en\/wp-json\/wp\/v2\/product"}],"about":[{"href":"https:\/\/www.university-press.fau.de\/en\/wp-json\/wp\/v2\/types\/product"}],"replies":[{"embeddable":true,"href":"https:\/\/www.university-press.fau.de\/en\/wp-json\/wp\/v2\/comments?post=4962"}],"wp:featuredmedia":[{"embeddable":true,"href":"https:\/\/www.university-press.fau.de\/en\/wp-json\/wp\/v2\/media\/4963"}],"wp:attachment":[{"href":"https:\/\/www.university-press.fau.de\/en\/wp-json\/wp\/v2\/media?parent=4962"}],"wp:term":[{"taxonomy":"product_brand","embeddable":true,"href":"https:\/\/www.university-press.fau.de\/en\/wp-json\/wp\/v2\/product_brand?post=4962"},{"taxonomy":"product_cat","embeddable":true,"href":"https:\/\/www.university-press.fau.de\/en\/wp-json\/wp\/v2\/product_cat?post=4962"},{"taxonomy":"product_tag","embeddable":true,"href":"https:\/\/www.university-press.fau.de\/en\/wp-json\/wp\/v2\/product_tag?post=4962"}],"curies":[{"name":"wp","href":"https:\/\/api.w.org\/{rel}","templated":true}]}}