{"id":5108,"date":"2024-04-24T09:24:19","date_gmt":"2024-04-24T07:24:19","guid":{"rendered":"https:\/\/www.university-press.fau.de\/?post_type=product&#038;p=5108"},"modified":"2025-01-03T17:23:24","modified_gmt":"2025-01-03T16:23:24","slug":"978-3-922135-71-5-3","status":"publish","type":"product","link":"https:\/\/www.university-press.fau.de\/en\/product\/978-3-922135-71-5-3\/","title":{"rendered":"Katalog der Graphiksammlung Luthardt der Universit\u00e4t Erlangen-N\u00fcrnberg"},"content":{"rendered":"","protected":false},"excerpt":{"rendered":"","protected":false},"featured_media":0,"comment_status":"open","ping_status":"closed","template":"","meta":{"_acf_changed":false},"product_brand":[],"product_cat":[50],"product_tag":[],"class_list":{"0":"post-5108","1":"product","2":"type-product","3":"status-publish","5":"product_cat-schriften-der-universitaetsbibliothek-erlangen-nuernberg-ub","6":"has-post-title","7":"has-post-date","8":"has-post-category","9":"has-post-tag","10":"has-post-comment","11":"has-post-author","12":"","14":"first","15":"instock","16":"taxable","17":"shipping-taxable","18":"purchasable","19":"product-type-simple"},"acf":{"autor":"","orcid":"","ror":"","herausgeber":"","orcid_hrsg":"","rorhrsg":"","bearbeiter":"Alice R\u00f6ssler","sonstige_beteiligte_personen":"","untertitel":"Band 3: Druckgraphiken des 19. und fr\u00fchen 20. Jahrhunderts, Teil 1","zusatz":"K\u00fcnstler A - Ko","jahr":"1990","zeitschrift":"","serie":"","serie_name":"","serie_band":"","serie_jahr":"","serie_titel_band":"","vortrage":"","issn":"","isbn":"3-922135-71-4","isbn13":"978-3-922135-71-5","seiten":"","sonstiges":"","band":21.3,"auflage":"","opus":"","dspace":"","e-isbn_pdf":"","doi":"","epub":"","e-isbn_epub":"","doi_epub":"","html":"","e-isbn_html":"","doi_html":"","e-isbn_reader":"","doi_reader":"","digibib":"http:\/\/nbn-resolving.de\/urn:nbn:de:bvb:29-bv004252039-0","urn":"urn:nbn:de:bvb:29-bv004252039-0","supplementary_material":"","sprache":["Deutsch"],"ausgabe":"Softcover","suche":"3922135714 9783922135715   ","lizenz":"PDM-1","bemerkung":""},"builder_content":"","_links":{"self":[{"href":"https:\/\/www.university-press.fau.de\/en\/wp-json\/wp\/v2\/product\/5108","targetHints":{"allow":["GET"]}}],"collection":[{"href":"https:\/\/www.university-press.fau.de\/en\/wp-json\/wp\/v2\/product"}],"about":[{"href":"https:\/\/www.university-press.fau.de\/en\/wp-json\/wp\/v2\/types\/product"}],"replies":[{"embeddable":true,"href":"https:\/\/www.university-press.fau.de\/en\/wp-json\/wp\/v2\/comments?post=5108"}],"wp:attachment":[{"href":"https:\/\/www.university-press.fau.de\/en\/wp-json\/wp\/v2\/media?parent=5108"}],"wp:term":[{"taxonomy":"product_brand","embeddable":true,"href":"https:\/\/www.university-press.fau.de\/en\/wp-json\/wp\/v2\/product_brand?post=5108"},{"taxonomy":"product_cat","embeddable":true,"href":"https:\/\/www.university-press.fau.de\/en\/wp-json\/wp\/v2\/product_cat?post=5108"},{"taxonomy":"product_tag","embeddable":true,"href":"https:\/\/www.university-press.fau.de\/en\/wp-json\/wp\/v2\/product_tag?post=5108"}],"curies":[{"name":"wp","href":"https:\/\/api.w.org\/{rel}","templated":true}]}}