{"id":5139,"date":"2024-04-30T14:02:48","date_gmt":"2024-04-30T12:02:48","guid":{"rendered":"https:\/\/www.university-press.fau.de\/?post_type=product&#038;p=5139"},"modified":"2024-06-11T18:49:46","modified_gmt":"2024-06-11T16:49:46","slug":"978-3-96147-729-6","status":"publish","type":"product","link":"https:\/\/www.university-press.fau.de\/en\/product\/978-3-96147-729-6\/","title":{"rendered":"Ultraschallbasiertes Sensorprinzip f\u00fcr die eingriffsfreie Messung des hydrostatischen Drucks"},"content":{"rendered":"<p>In this work, a sensor principle for measuring the static mechanical stress in the pipe wall and thus the hydrostatic pressure based on guided elastic waves is developed. The aim is to use signal components running parasitically in the pipe wall in new flow sensors that are based on the targeted excitation of guided elastic waves in the pipe wall. Ideally, this would eliminate the need to install additional sensors.<br \/>\nTo model the measuring principle, an efficient method for solving the linear boundary value problem of guided wave propagation was implemented and the influence of static mechanical stress based on the acoustoelastic effect was integrated.<br \/>\nAnother focus of the work is the metrological verification of the implemented models and the empirical proof of the usability of the effect for measuring the hydrostatic pressure. Both transmitter-receiver measurements, as envisaged by the developed sensor principle, and multi-channel measurements at distributed receiver locations using a laser Doppler vibrometer were carried out. The accuracy of the models was improved by a specially developed inverse material characterization method. A new approach for the inverse characterization of third-order elasticity constants was also developed. The new sensor principle was successfully demonstrated.<\/p>","protected":false},"excerpt":{"rendered":"<p>In dieser Arbeit wird ein Sensorprinzip zur Messung der statischen mechanischen Spannung in der Rohrwand und damit des hydrostatischen Drucks basierend auf gef\u00fchrten elastischen Wellen entwickelt. Dabei wird auf die Verwendbarkeit von parasit\u00e4r in der Rohrwand laufender Signalanteile in neuen Durchflusssensoren abgezielt, die auf der gezielten Anregung gef\u00fchrter elastischer Wellen in der Rohrwand basieren. Idealerweise [&hellip;]<\/p>\n","protected":false},"featured_media":5140,"comment_status":"open","ping_status":"closed","template":"","meta":{"_acf_changed":false},"product_brand":[],"product_cat":[53],"product_tag":[],"class_list":{"0":"post-5139","1":"product","2":"type-product","3":"status-publish","4":"has-post-thumbnail","6":"product_cat-fau-studien-aus-der-elektrotechnik","7":"has-post-title","8":"has-post-date","9":"has-post-category","10":"has-post-tag","11":"has-post-comment","12":"has-post-author","13":"","15":"first","16":"instock","17":"taxable","18":"shipping-taxable","19":"purchasable","20":"product-type-simple"},"acf":{"autor":"Ponschab, Michael","orcid":"0000-0001-8321-8694","ror":"00f7hpc57","herausgeber":"","orcid_hrsg":"","rorhrsg":"","bearbeiter":"","sonstige_beteiligte_personen":"","untertitel":"","zusatz":"","jahr":"2024","zeitschrift":"","serie":"","serie_name":false,"serie_band":"","serie_jahr":"","serie_titel_band":"","vortrage":"","issn":"","isbn":"","isbn13":"978-3-96147-729-6","seiten":"xii, 187","sonstiges":"","band":24,"auflage":"","opus":"","dspace":"31036","e-isbn_pdf":"978-3-96147-730-2","doi":"https:\/\/www.doi.org\/10.25593\/978-3-96147-730-2","epub":"","e-isbn_epub":"","doi_epub":"","html":"","e-isbn_html":"","doi_html":"","e-isbn_reader":"","doi_reader":"","digibib":"","urn":"urn:nbn:de:101:1-2405100507004.414863988323","supplementary_material":"","sprache":["Deutsch"],"ausgabe":"Softcover","suche":" 9783961477296 9783961477302  ","lizenz":"BY-4","bemerkung":""},"builder_content":"","_links":{"self":[{"href":"https:\/\/www.university-press.fau.de\/en\/wp-json\/wp\/v2\/product\/5139","targetHints":{"allow":["GET"]}}],"collection":[{"href":"https:\/\/www.university-press.fau.de\/en\/wp-json\/wp\/v2\/product"}],"about":[{"href":"https:\/\/www.university-press.fau.de\/en\/wp-json\/wp\/v2\/types\/product"}],"replies":[{"embeddable":true,"href":"https:\/\/www.university-press.fau.de\/en\/wp-json\/wp\/v2\/comments?post=5139"}],"wp:featuredmedia":[{"embeddable":true,"href":"https:\/\/www.university-press.fau.de\/en\/wp-json\/wp\/v2\/media\/5140"}],"wp:attachment":[{"href":"https:\/\/www.university-press.fau.de\/en\/wp-json\/wp\/v2\/media?parent=5139"}],"wp:term":[{"taxonomy":"product_brand","embeddable":true,"href":"https:\/\/www.university-press.fau.de\/en\/wp-json\/wp\/v2\/product_brand?post=5139"},{"taxonomy":"product_cat","embeddable":true,"href":"https:\/\/www.university-press.fau.de\/en\/wp-json\/wp\/v2\/product_cat?post=5139"},{"taxonomy":"product_tag","embeddable":true,"href":"https:\/\/www.university-press.fau.de\/en\/wp-json\/wp\/v2\/product_tag?post=5139"}],"curies":[{"name":"wp","href":"https:\/\/api.w.org\/{rel}","templated":true}]}}