{"id":5190,"date":"2024-05-08T11:59:14","date_gmt":"2024-05-08T09:59:14","guid":{"rendered":"https:\/\/www.university-press.fau.de\/?post_type=product&#038;p=5190"},"modified":"2025-10-14T11:34:20","modified_gmt":"2025-10-14T09:34:20","slug":"978-3-96147-735-7","status":"publish","type":"product","link":"https:\/\/www.university-press.fau.de\/en\/product\/978-3-96147-735-7\/","title":{"rendered":"Entwicklung von Modellen der Oberfl\u00e4chenform f\u00fcr die Messunsicherheitsbestimmung von taktilen Koordinatenmessungen durch Simulation"},"content":{"rendered":"<p>When determining the measurement uncertainty by simulation, the surface form is often also taken into account. For this purpose, the in-fluence of its undersampling is determined during the acquisition of the workpiece surface. This is done by virtual probing. The basis for this is a model adapted to the surface. Different ways to create the surface models are shown. The surface models are based on theoretical models of surface formation during manufacturing or are derived from stylus measurements on representative surfaces. In these surface models, the effects arising during probing (flattening, filter effect of the probe element) are taken into account. The final model is adapted to the measurement parameters and can be used to determine the measurement uncertainty with the virtual coordinate measuring machine (\u2018VCMM\u2019).<\/p>","protected":false},"excerpt":{"rendered":"<p>Bei der Messunsicherheitsermittlung durch Simulation wird h\u00e4ufig auch die Oberfl\u00e4chenform ber\u00fccksichtigt. Daf\u00fcr wird der Einfluss ihrer Unterabtastung bei der Erfassung der Werkst\u00fcckoberfl\u00e4che ermittelt. Dies geschieht durch eine virtuelle Abtastung. Die Grundlage bildet ein an die Oberfl\u00e4che angepasstes Modell. Es wird gezeigt, wie verschiedene Oberfl\u00e4chenmodelle erstellt werden k\u00f6nnen. Die Oberfl\u00e4chenmodelle basieren auf theoretischen Modellen der Oberfl\u00e4chenentstehung [&hellip;]<\/p>\n","protected":false},"featured_media":5192,"comment_status":"open","ping_status":"closed","template":"","meta":{"_acf_changed":false},"product_brand":[],"product_cat":[34],"product_tag":[],"class_list":{"0":"post-5190","1":"product","2":"type-product","3":"status-publish","4":"has-post-thumbnail","6":"product_cat-fau-studien-aus-dem-maschinenbau","7":"has-post-title","8":"has-post-date","9":"has-post-category","10":"has-post-tag","11":"has-post-comment","12":"has-post-author","13":"","15":"first","16":"instock","17":"taxable","18":"shipping-taxable","19":"purchasable","20":"product-type-simple"},"acf":{"autor":"Kistner, Thomas","orcid":"0009-0008-5045-6811","ror":"","herausgeber":"","orcid_hrsg":"","rorhrsg":"","bearbeiter":"","sonstige_beteiligte_personen":"","untertitel":"","zusatz":"","jahr":"2024","zeitschrift":"","serie":"","serie_name":false,"serie_band":"","serie_jahr":"","serie_titel_band":"","vortrage":"","issn":"","isbn":"","isbn13":"978-3-96147-735-7","seiten":"viii, 134","sonstiges":"","band":440,"auflage":"","opus":"","dspace":"31074","e-isbn_pdf":"978-3-96147-736-4","doi":"https:\/\/doi.org\/10.25593\/978-3-96147-736-4","epub":"","e-isbn_epub":"","doi_epub":"","html":"","e-isbn_html":"","doi_html":"","e-isbn_reader":"","doi_reader":"","digibib":"","urn":"urn:nbn:de:101:1-2405100509280.242286609796","supplementary_material":"","sprache":["Deutsch"],"ausgabe":"Softcover","suche":" 9783961477357 9783961477364  ","lizenz":"BY-NC-4","bemerkung":"1\tFAU Press\r\n1\tHB\r\n4\tBSB \/ DNB\r\n1\tTNZB\r\n1\tTIB\r\n"},"builder_content":"","_links":{"self":[{"href":"https:\/\/www.university-press.fau.de\/en\/wp-json\/wp\/v2\/product\/5190","targetHints":{"allow":["GET"]}}],"collection":[{"href":"https:\/\/www.university-press.fau.de\/en\/wp-json\/wp\/v2\/product"}],"about":[{"href":"https:\/\/www.university-press.fau.de\/en\/wp-json\/wp\/v2\/types\/product"}],"replies":[{"embeddable":true,"href":"https:\/\/www.university-press.fau.de\/en\/wp-json\/wp\/v2\/comments?post=5190"}],"wp:featuredmedia":[{"embeddable":true,"href":"https:\/\/www.university-press.fau.de\/en\/wp-json\/wp\/v2\/media\/5192"}],"wp:attachment":[{"href":"https:\/\/www.university-press.fau.de\/en\/wp-json\/wp\/v2\/media?parent=5190"}],"wp:term":[{"taxonomy":"product_brand","embeddable":true,"href":"https:\/\/www.university-press.fau.de\/en\/wp-json\/wp\/v2\/product_brand?post=5190"},{"taxonomy":"product_cat","embeddable":true,"href":"https:\/\/www.university-press.fau.de\/en\/wp-json\/wp\/v2\/product_cat?post=5190"},{"taxonomy":"product_tag","embeddable":true,"href":"https:\/\/www.university-press.fau.de\/en\/wp-json\/wp\/v2\/product_tag?post=5190"}],"curies":[{"name":"wp","href":"https:\/\/api.w.org\/{rel}","templated":true}]}}