{"id":5219,"date":"2024-05-31T12:23:07","date_gmt":"2024-05-31T10:23:07","guid":{"rendered":"https:\/\/www.university-press.fau.de\/?post_type=product&#038;p=5219"},"modified":"2025-03-25T14:45:59","modified_gmt":"2025-03-25T13:45:59","slug":"978-3-96147-739-5","status":"publish","type":"product","link":"https:\/\/www.university-press.fau.de\/en\/product\/978-3-96147-739-5\/","title":{"rendered":"Selbstverst\u00e4rkendes Lernen als Beitrag zur Automatisierung der Anpassungskonstruktion"},"content":{"rendered":"<p>Automation describes the transfer of tasks from humans to machines. In the context of adaptation design, these tasks involve defining the product\u00b4s characteristics to meet new requirements while maintaining the same principal solution. They are particularly challenging if characteristics simultaneously influence competing properties. Here, the best possible compromise must be found. Depending on the context of the adaptation task, they can be automated by optimisation algorithms or by data-driven approaches. However, data-driven approaches require that the underlying database contains all relevant information for recognising the relationships between characteristics and resulting properties. For their part, optimisation algorithms must be brought to convergence whenever the boundary conditions change. For the intersection of adaptation tasks, for which the boundary conditions change regularly due to changes in requirements and at the same time no sufficient database is available, this work presents reinforcement learning as an extension of the current automation possibilities. Reinforcement learning is described as the learning of an agent based on experience with an environment. Here, the environment represents the tasks of the product developers in the context of adaptation design. In which, the agent is trained to take over tasks by adapting characteristics and receiving the product properties as feedback in return. This work does not to develop a new algorithm for reinforcement learning, but takes reinforcement learning into product development, defines the role of the product developers in its use and to research the transferability of the experience gained from one adaptation task to a subsequent one.<\/p>","protected":false},"excerpt":{"rendered":"<p>Die Automatisierung beschreibt die \u00dcbergabe von Aufgaben vom Menschen an eine Maschine. Die Aufgaben der Anpassungskonstruktion umfassen das Festlegen der Merkmalsauspr\u00e4gungen zum Erf\u00fcllen neuer Anforderungen bei gleichbleibender Wirkstruktur. Sie sind herausfordernd, wenn Merkmale gleichzeitig konkurrierende Eigenschaften beeinflussen. Je nach Kontext k\u00f6nnen sie durch Optimierungsalgorithmen oder datengetriebene Ans\u00e4tze automatisiert werden. Datengetriebene Ans\u00e4tze setzen eine Datenbasis voraus, [&hellip;]<\/p>\n","protected":false},"featured_media":5220,"comment_status":"open","ping_status":"closed","template":"","meta":{"_acf_changed":false},"product_brand":[],"product_cat":[34],"product_tag":[],"class_list":{"0":"post-5219","1":"product","2":"type-product","3":"status-publish","4":"has-post-thumbnail","6":"product_cat-fau-studien-aus-dem-maschinenbau","7":"has-post-title","8":"has-post-date","9":"has-post-category","10":"has-post-tag","11":"has-post-comment","12":"has-post-author","13":"","15":"first","16":"instock","17":"taxable","18":"shipping-taxable","19":"purchasable","20":"product-type-simple"},"acf":{"autor":"Dworschak, Fabian","orcid":"0000-0001-6987-4927","ror":"00f7hpc57","herausgeber":"","orcid_hrsg":"","rorhrsg":"","bearbeiter":"","sonstige_beteiligte_personen":"","untertitel":"","zusatz":"","jahr":"2024","zeitschrift":"","serie":"","serie_name":false,"serie_band":"","serie_jahr":"","serie_titel_band":"","vortrage":"","issn":"","isbn":"","isbn13":"978-3-96147-739-5","seiten":"x, 205","sonstiges":"","band":441,"auflage":"","opus":"","dspace":"31211","e-isbn_pdf":"978-3-96147-740-1","doi":"https:\/\/doi.org\/10.25593\/978-3-96147-740-1","epub":"","e-isbn_epub":"","doi_epub":"","html":"","e-isbn_html":"","doi_html":"","e-isbn_reader":"","doi_reader":"","digibib":"","urn":"urn:nbn:de:101:1-2406070504032.254205828479","supplementary_material":"","sprache":["Deutsch"],"ausgabe":"Softcover","suche":" 9783961477395 9783961477401  ","lizenz":"BY-NC-4","bemerkung":"Nur 21 Exemplare\r\n1      FAU Press\r\n1\tHB\r\n4\tBSB \/ DNB\r\n1\tTNZB\r\n1\tTIB"},"builder_content":"","_links":{"self":[{"href":"https:\/\/www.university-press.fau.de\/en\/wp-json\/wp\/v2\/product\/5219","targetHints":{"allow":["GET"]}}],"collection":[{"href":"https:\/\/www.university-press.fau.de\/en\/wp-json\/wp\/v2\/product"}],"about":[{"href":"https:\/\/www.university-press.fau.de\/en\/wp-json\/wp\/v2\/types\/product"}],"replies":[{"embeddable":true,"href":"https:\/\/www.university-press.fau.de\/en\/wp-json\/wp\/v2\/comments?post=5219"}],"wp:featuredmedia":[{"embeddable":true,"href":"https:\/\/www.university-press.fau.de\/en\/wp-json\/wp\/v2\/media\/5220"}],"wp:attachment":[{"href":"https:\/\/www.university-press.fau.de\/en\/wp-json\/wp\/v2\/media?parent=5219"}],"wp:term":[{"taxonomy":"product_brand","embeddable":true,"href":"https:\/\/www.university-press.fau.de\/en\/wp-json\/wp\/v2\/product_brand?post=5219"},{"taxonomy":"product_cat","embeddable":true,"href":"https:\/\/www.university-press.fau.de\/en\/wp-json\/wp\/v2\/product_cat?post=5219"},{"taxonomy":"product_tag","embeddable":true,"href":"https:\/\/www.university-press.fau.de\/en\/wp-json\/wp\/v2\/product_tag?post=5219"}],"curies":[{"name":"wp","href":"https:\/\/api.w.org\/{rel}","templated":true}]}}