{"id":5313,"date":"2024-07-15T12:11:16","date_gmt":"2024-07-15T10:11:16","guid":{"rendered":"https:\/\/www.university-press.fau.de\/?post_type=product&#038;p=5313"},"modified":"2025-03-25T14:45:59","modified_gmt":"2025-03-25T13:45:59","slug":"978-3-96147-747-0","status":"publish","type":"product","link":"https:\/\/www.university-press.fau.de\/en\/product\/978-3-96147-747-0\/","title":{"rendered":"Beitrag zur Messunsicherheitsermittlung f\u00fcr die Messung gro\u00dfer Zahnr\u00e4der zur Erweiterung des virtuellen Koordinatenmessger\u00e4tes der Physikalisch-Technischen Bundesanstalt"},"content":{"rendered":"<p>In this work, influences on the measurement process regarding a large gear ring measurement standard of the German national metrology institute (Physikalisch-Technische Bundesanstalt) using a large coordinate measuring machine (CMM) are investigated. The examinations lead to the detection and definition of present influences on the measurement process and the determination of resulting measurement deviations and uncertainties. This enables to model the influences of this specific measurement task so that adaptions and expansions can be implemented in the virtual CMM, a software tool named VCMM. The resulting virtual measurement samples of the complex measurement process enable to statistically determine the task-specific measurement uncertainty. For modelling these it is necessary to know the impact of the machine and workpiece-specific influences on measurement results in detail. Therefore, systematic and random shares of the measurement deviations can be identified. In the scope of this work, firstly, the measuring machine regarding the parameters of a geometrical definition of the large CMM\u00b4s structure also under thermal influences is considered. Furthermore, the behaviour of the large gear as a workpiece is considered due to thermal and gravitational influences. The findings provide an important contribution to the extension of the virtual measurement process of a large CMM and the determination of the resulting measurement uncertainty for measurements of large workpieces.<\/p>","protected":false},"excerpt":{"rendered":"<p>In der vorliegenden Arbeit werden Einflussfaktoren auf den Messprozess einer gro\u00dfen Verzahnung, dem Gro\u00dfverzahnungsnormal der Physikalisch-Technischen Bundesanstalt (PTB), mit einem Gro\u00df-Koordinatenmessger\u00e4t (Gro\u00df-KMG) untersucht. Dies dient dazu, die vorherrschenden Einflussfaktoren auf den Messprozess zu erkennen, zu beschreiben und die resultierenden Messabweichungen sowie die Messunsicherheiten zu ermitteln. Daraufhin kann eine Modellierung der Auswirkungen dieser Einflussfaktoren erfolgen und [&hellip;]<\/p>\n","protected":false},"featured_media":5314,"comment_status":"open","ping_status":"closed","template":"","meta":{"_acf_changed":false},"product_brand":[],"product_cat":[34],"product_tag":[],"class_list":{"0":"post-5313","1":"product","2":"type-product","3":"status-publish","4":"has-post-thumbnail","6":"product_cat-fau-studien-aus-dem-maschinenbau","7":"has-post-title","8":"has-post-date","9":"has-post-category","10":"has-post-tag","11":"has-post-comment","12":"has-post-author","13":"","15":"first","16":"instock","17":"taxable","18":"shipping-taxable","19":"purchasable","20":"product-type-simple"},"acf":{"autor":"Wiemann, Ann-Kathrin","orcid":"","ror":"","herausgeber":"","orcid_hrsg":"","rorhrsg":"","bearbeiter":"","sonstige_beteiligte_personen":"","untertitel":"","zusatz":"","jahr":"2024","zeitschrift":"","serie":"","serie_name":false,"serie_band":"","serie_jahr":"","serie_titel_band":"","vortrage":"","issn":"","isbn":"","isbn13":"978-3-96147-747-0","seiten":"xxiv, 133","sonstiges":"","band":443,"auflage":"","opus":"","dspace":"31431","e-isbn_pdf":"978-3-96147-748-7","doi":"https:\/\/doi.org\/10.25593\/978-3-96147-748-7","epub":"","e-isbn_epub":"","doi_epub":"","html":"","e-isbn_html":"","doi_html":"","e-isbn_reader":"","doi_reader":"","digibib":"","urn":"urn:nbn:de:101:1-2409101413109.497848809119","supplementary_material":"","sprache":["Deutsch"],"ausgabe":"Softcover","suche":" 9783961477470 9783961477487  ","lizenz":"BY-4","bemerkung":"1 FAU Press, 1 HB, 4 BSB \/ DNB, 1 TNZB, 1 TIB\r\n"},"builder_content":"","_links":{"self":[{"href":"https:\/\/www.university-press.fau.de\/en\/wp-json\/wp\/v2\/product\/5313","targetHints":{"allow":["GET"]}}],"collection":[{"href":"https:\/\/www.university-press.fau.de\/en\/wp-json\/wp\/v2\/product"}],"about":[{"href":"https:\/\/www.university-press.fau.de\/en\/wp-json\/wp\/v2\/types\/product"}],"replies":[{"embeddable":true,"href":"https:\/\/www.university-press.fau.de\/en\/wp-json\/wp\/v2\/comments?post=5313"}],"wp:featuredmedia":[{"embeddable":true,"href":"https:\/\/www.university-press.fau.de\/en\/wp-json\/wp\/v2\/media\/5314"}],"wp:attachment":[{"href":"https:\/\/www.university-press.fau.de\/en\/wp-json\/wp\/v2\/media?parent=5313"}],"wp:term":[{"taxonomy":"product_brand","embeddable":true,"href":"https:\/\/www.university-press.fau.de\/en\/wp-json\/wp\/v2\/product_brand?post=5313"},{"taxonomy":"product_cat","embeddable":true,"href":"https:\/\/www.university-press.fau.de\/en\/wp-json\/wp\/v2\/product_cat?post=5313"},{"taxonomy":"product_tag","embeddable":true,"href":"https:\/\/www.university-press.fau.de\/en\/wp-json\/wp\/v2\/product_tag?post=5313"}],"curies":[{"name":"wp","href":"https:\/\/api.w.org\/{rel}","templated":true}]}}