{"id":5316,"date":"2024-07-19T09:16:08","date_gmt":"2024-07-19T07:16:08","guid":{"rendered":"https:\/\/www.university-press.fau.de\/?post_type=product&#038;p=5316"},"modified":"2026-01-21T16:30:29","modified_gmt":"2026-01-21T15:30:29","slug":"978-3-96147-745-6","status":"publish","type":"product","link":"https:\/\/www.university-press.fau.de\/en\/product\/978-3-96147-745-6\/","title":{"rendered":"Wertebildung im Lehramtsstudium"},"content":{"rendered":"<p>This anthology brings together the outstanding contributions of representatives from universities, schools and other educational institutions who came together in March 2023 as part of the scientific theme day \"Value formation in teacher training\" at the invitation of the Friedrich-Alexander-Universit\u00e4t Erlangen-N\u00fcrnberg in cooperation with the Bavarian State Ministry of Education and Cultural Affairs.\nAs an important instance of socialization, schools have the task of positively influencing the development of adolescents in line with the top educational goals. The formation of values plays a key role in this. The articles shed light on the topic of value formation in teacher education from an overarching academic perspective and on the basis of models, projects, teaching concepts and research projects.<\/p>","protected":false},"excerpt":{"rendered":"<p>Dieser Sammelband vereint die hervorragenden Beitr\u00e4ge von Vertreterinnen und Vertretern aus Universit\u00e4t, Schule und weiteren Bildungseinrichtungen, die sich im M\u00e4rz 2023 im Rahmen des wissenschaftlichen Thementags \u201eWertebildung im Lehramtsstudium\u201c auf Einladung der Friedrich-Alexander-Universit\u00e4t Erlangen-N\u00fcrnberg in Kooperation mit dem Bayerischen Staatsministerium f\u00fcr Unterricht und Kultus zusammenfanden. Schule hat als wichtige Sozialisationsinstanz die Aufgabe, die Entwicklung von [&hellip;]<\/p>\n","protected":false},"featured_media":5321,"comment_status":"open","ping_status":"closed","template":"","meta":{"_acf_changed":false},"product_brand":[],"product_cat":[40],"product_tag":[],"class_list":{"0":"post-5316","1":"product","2":"type-product","3":"status-publish","4":"has-post-thumbnail","6":"product_cat-einzeltitel","7":"has-post-title","8":"has-post-date","9":"has-post-category","10":"has-post-tag","11":"has-post-comment","12":"has-post-author","13":"","15":"first","16":"instock","17":"taxable","18":"shipping-taxable","19":"purchasable","20":"product-type-simple"},"acf":{"autor":"","orcid":"","ror":"","herausgeber":"Kopp, B\u00e4rbel;Schieder-Niewierra, Steffi;Tabbert, Andreas","orcid_hrsg":"","rorhrsg":"00f7hpc57;00f7hpc57;01a44gd51","bearbeiter":"","sonstige_beteiligte_personen":"","untertitel":"Beitr\u00e4ge aus Wissenschaft, Forschung und Schulpraxis","zusatz":"","jahr":"2024","zeitschrift":"","serie":"","serie_name":false,"serie_band":"","serie_jahr":"","serie_titel_band":"","vortrage":"","issn":"","isbn":"","isbn13":"978-3-96147-745-6","seiten":"ii, 201","sonstiges":"","band":"","auflage":"","opus":"","dspace":"31475","e-isbn_pdf":"978-3-96147-746-3","doi":"https:\/\/doi.org\/10.25593\/978-3-96147-746-3","epub":"","e-isbn_epub":"978-3-96147-878-1","doi_epub":"https:\/\/doi.org\/10.25593\/978-3-96147-746-3","html":"","e-isbn_html":"978-3-96147-879-8","doi_html":"https:\/\/doi.org\/10.25593\/978-3-96147-746-3","e-isbn_reader":"","doi_reader":"","digibib":"","urn":"urn:nbn:de:101:1-2409101404208.936245897862","supplementary_material":"","sprache":["Deutsch"],"ausgabe":"Softcover","suche":" 9783961477456 9783961477463 9783961478781 9783961478798","lizenz":"BY-4","bemerkung":"1\tFAU Press\r\n1\tHB\r\n3\tBSB \/ DNB\r\n1 Ex. als kostenloses Rezensionsexemplar an DIPF 31.3.25"},"builder_content":"","_links":{"self":[{"href":"https:\/\/www.university-press.fau.de\/en\/wp-json\/wp\/v2\/product\/5316","targetHints":{"allow":["GET"]}}],"collection":[{"href":"https:\/\/www.university-press.fau.de\/en\/wp-json\/wp\/v2\/product"}],"about":[{"href":"https:\/\/www.university-press.fau.de\/en\/wp-json\/wp\/v2\/types\/product"}],"replies":[{"embeddable":true,"href":"https:\/\/www.university-press.fau.de\/en\/wp-json\/wp\/v2\/comments?post=5316"}],"wp:featuredmedia":[{"embeddable":true,"href":"https:\/\/www.university-press.fau.de\/en\/wp-json\/wp\/v2\/media\/5321"}],"wp:attachment":[{"href":"https:\/\/www.university-press.fau.de\/en\/wp-json\/wp\/v2\/media?parent=5316"}],"wp:term":[{"taxonomy":"product_brand","embeddable":true,"href":"https:\/\/www.university-press.fau.de\/en\/wp-json\/wp\/v2\/product_brand?post=5316"},{"taxonomy":"product_cat","embeddable":true,"href":"https:\/\/www.university-press.fau.de\/en\/wp-json\/wp\/v2\/product_cat?post=5316"},{"taxonomy":"product_tag","embeddable":true,"href":"https:\/\/www.university-press.fau.de\/en\/wp-json\/wp\/v2\/product_tag?post=5316"}],"curies":[{"name":"wp","href":"https:\/\/api.w.org\/{rel}","templated":true}]}}