{"id":5364,"date":"2024-08-23T11:06:20","date_gmt":"2024-08-23T09:06:20","guid":{"rendered":"https:\/\/www.university-press.fau.de\/?post_type=product&#038;p=5364"},"modified":"2025-03-10T16:18:22","modified_gmt":"2025-03-10T15:18:22","slug":"978-3-96147-755-5","status":"publish","type":"product","link":"https:\/\/www.university-press.fau.de\/en\/product\/978-3-96147-755-5\/","title":{"rendered":"Stadt und Land \u2013 wie gestalten wir unseren Lebensraum?"},"content":{"rendered":"<p>Stadt und Land &#8211; wie gestalten wir unseren Lebensraum? Diese Frage betrifft unsere elementaren Lebensgrundlagen. Ein Blick in die lokalen und \u00fcberregionalen Medien gen\u00fcgt, um erkennen zu k\u00f6nnen, wie vielf\u00e4ltig und auch gegenl\u00e4ufig die beteiligten Interessen sein k\u00f6nnen, die hierbei aufeinandersto\u00dfen. Die Komplexit\u00e4t des Themas wird h\u00e4ufig zur Herausforderung, oder auch zur \u00dcberforderung f\u00fcr Menschen, die den eigenen Lebensraum ihren Interessen entsprechend gestaltet und verwaltet sehen m\u00f6chten, aber nicht \u00fcber die n\u00f6tigen Informationen verf\u00fcgen, zu einer differenzierten, interessengerechten Einsch\u00e4tzung zu gelangen. Bei alledem verschr\u00e4nken sich kulturgeographische, umweltpolitische, sozio-\u00f6konomische, lokalhistorische und stadtplanerische Aspekte.<\/p>","protected":false},"excerpt":{"rendered":"<p>Stadt und Land &#8211; wie gestalten wir unseren Lebensraum? Diese Frage betrifft unsere elementaren Lebensgrundlagen. Ein Blick in die lokalen und \u00fcberregionalen Medien gen\u00fcgt, um erkennen zu k\u00f6nnen, wie vielf\u00e4ltig und auch gegenl\u00e4ufig die beteiligten Interessen sein k\u00f6nnen, die hierbei aufeinandersto\u00dfen. Die Komplexit\u00e4t des Themas wird h\u00e4ufig zur Herausforderung, oder auch zur \u00dcberforderung f\u00fcr Menschen, [&hellip;]<\/p>\n","protected":false},"featured_media":5365,"comment_status":"open","ping_status":"closed","template":"","meta":{"_acf_changed":false},"product_brand":[],"product_cat":[42,48],"product_tag":[],"class_list":{"0":"post-5364","1":"product","2":"type-product","3":"status-publish","4":"has-post-thumbnail","6":"product_cat-atzelsberger-gespraeche","7":"product_cat-fau-forschungen-reihe-a-geisteswissenschaften","8":"has-post-title","9":"has-post-date","10":"has-post-category","11":"has-post-tag","12":"has-post-comment","13":"has-post-author","14":"","16":"first","17":"instock","18":"taxable","19":"shipping-taxable","20":"purchasable","21":"product-type-simple"},"acf":{"autor":"","orcid":"","ror":"","herausgeber":"Rohe, Mathias","orcid_hrsg":"0000-0003-0920-5726","rorhrsg":"00f7hpc57","bearbeiter":"","sonstige_beteiligte_personen":"","untertitel":"","zusatz":"","jahr":"2024","zeitschrift":"","serie":["ja"],"serie_name":"Atzelsberger Gespr\u00e4che","serie_band":"","serie_jahr":2022,"serie_titel_band":"","vortrage":"","issn":"","isbn":"","isbn13":"978-3-96147-755-5","seiten":"i, 161","sonstiges":"","band":20,"auflage":"","opus":"","dspace":"31857","e-isbn_pdf":"978-3-96147-756-2","doi":"https:\/\/doi.org\/10.25593\/978-3-96147-756-2","epub":"","e-isbn_epub":"","doi_epub":"","html":"","e-isbn_html":"","doi_html":"","e-isbn_reader":"","doi_reader":"","digibib":"","urn":"urn:nbn:de:101:1-2409101413599.987200213183","supplementary_material":"","sprache":["Deutsch"],"ausgabe":"Softcover","suche":" 9783961477555 9783961477562  ","lizenz":"BY-4","bemerkung":""},"builder_content":"","_links":{"self":[{"href":"https:\/\/www.university-press.fau.de\/en\/wp-json\/wp\/v2\/product\/5364","targetHints":{"allow":["GET"]}}],"collection":[{"href":"https:\/\/www.university-press.fau.de\/en\/wp-json\/wp\/v2\/product"}],"about":[{"href":"https:\/\/www.university-press.fau.de\/en\/wp-json\/wp\/v2\/types\/product"}],"replies":[{"embeddable":true,"href":"https:\/\/www.university-press.fau.de\/en\/wp-json\/wp\/v2\/comments?post=5364"}],"wp:featuredmedia":[{"embeddable":true,"href":"https:\/\/www.university-press.fau.de\/en\/wp-json\/wp\/v2\/media\/5365"}],"wp:attachment":[{"href":"https:\/\/www.university-press.fau.de\/en\/wp-json\/wp\/v2\/media?parent=5364"}],"wp:term":[{"taxonomy":"product_brand","embeddable":true,"href":"https:\/\/www.university-press.fau.de\/en\/wp-json\/wp\/v2\/product_brand?post=5364"},{"taxonomy":"product_cat","embeddable":true,"href":"https:\/\/www.university-press.fau.de\/en\/wp-json\/wp\/v2\/product_cat?post=5364"},{"taxonomy":"product_tag","embeddable":true,"href":"https:\/\/www.university-press.fau.de\/en\/wp-json\/wp\/v2\/product_tag?post=5364"}],"curies":[{"name":"wp","href":"https:\/\/api.w.org\/{rel}","templated":true}]}}