{"id":5672,"date":"2024-12-06T11:03:21","date_gmt":"2024-12-06T10:03:21","guid":{"rendered":"https:\/\/www.university-press.fau.de\/?post_type=product&#038;p=5672"},"modified":"2024-12-18T14:44:59","modified_gmt":"2024-12-18T13:44:59","slug":"978-3-96147-787-6","status":"publish","type":"product","link":"https:\/\/www.university-press.fau.de\/en\/product\/978-3-96147-787-6\/","title":{"rendered":"Entwurf und Validierung eines miniaturisierten, energieeffizienten und lokalisierbaren sEMG-Sensors zur hochgenauen Detektion von K\u00f6rperbewegungen"},"content":{"rendered":"<p>This doctoral thesis introduces an innovative concept for recording human movement sequences using a miniaturized electromyographic (sEMG) sensor with integrated localization functionality. The sensor, optimized for minimal size and weight, enables wireless data transmission and localization via the same radio channel, reducing complexity in clinical applications and installation times. The work is motivated by the growing prevalence of neurological diseases that impair movement, highlighting the need for improved motion analysis. The system offers a 3D\/6D analysis combined with muscle activity data, providing a more efficient alternative to traditional, cumbersome methods. The thesis describes the development and validation of the sensor, which features an RF radar MMIC and sEMG signal processing with interference suppression, enabling accurate movement analysis.<\/p>","protected":false},"excerpt":{"rendered":"<p>Diese Doktorarbeit stellt ein innovatives Konzept zur Aufzeichnung menschlicher Bewegungsabl\u00e4ufe vor, das einen miniaturisierten Elektromyografie (sEMG)-Sensor mit integrierter Lokalisierungsfunktion nutzt. Der Sensor, optimiert f\u00fcr minimale Gr\u00f6\u00dfe und Gewicht, erm\u00f6glicht eine drahtlose Daten\u00fcbertragung und Lokalisierung \u00fcber denselben Funkkanal, was die Komplexit\u00e4t klinischer Anwendungen und die Installationszeiten reduziert. Die Arbeit wird durch den Anstieg neurologischer, mit Bewegungseinschr\u00e4nkungen [&hellip;]<\/p>\n","protected":false},"featured_media":5673,"comment_status":"open","ping_status":"closed","template":"","meta":{"_acf_changed":false},"product_brand":[],"product_cat":[53],"product_tag":[],"class_list":{"0":"post-5672","1":"product","2":"type-product","3":"status-publish","4":"has-post-thumbnail","6":"product_cat-fau-studien-aus-der-elektrotechnik","7":"has-post-title","8":"has-post-date","9":"has-post-category","10":"has-post-tag","11":"has-post-comment","12":"has-post-author","13":"","15":"first","16":"instock","17":"taxable","18":"shipping-taxable","19":"purchasable","20":"product-type-simple"},"acf":{"autor":"Kolpak, Jasmin","orcid":"0009-0003-9348-0487","ror":"00f7hpc57","herausgeber":"","orcid_hrsg":"","rorhrsg":"","bearbeiter":"","sonstige_beteiligte_personen":"","untertitel":"","zusatz":"","jahr":"2024","zeitschrift":"","serie":"","serie_name":false,"serie_band":"","serie_jahr":"","serie_titel_band":"","vortrage":"","issn":"","isbn":"","isbn13":"978-3-96147-787-6","seiten":"xxiii, 136","sonstiges":"","band":27,"auflage":"","opus":"","dspace":"33471","e-isbn_pdf":"978-3-96147-788-3","doi":"https:\/\/doi.org\/10.25593\/978-3-96147-788-3","epub":"","e-isbn_epub":"","doi_epub":"","html":"","e-isbn_html":"","doi_html":"","e-isbn_reader":"","doi_reader":"","digibib":"","urn":"urn:nbn:de:101:1-2412130404171.945161092311","supplementary_material":"","sprache":["Deutsch"],"ausgabe":"Softcover","suche":" 9783961477876 9783961477883  ","lizenz":"BY-4","bemerkung":"1\tFAU Press\r\n1\tHB\r\n4\tBSB \/ DNB\r\n1\tTNZB\r\n1\tTIB\r\n"},"builder_content":"","_links":{"self":[{"href":"https:\/\/www.university-press.fau.de\/en\/wp-json\/wp\/v2\/product\/5672","targetHints":{"allow":["GET"]}}],"collection":[{"href":"https:\/\/www.university-press.fau.de\/en\/wp-json\/wp\/v2\/product"}],"about":[{"href":"https:\/\/www.university-press.fau.de\/en\/wp-json\/wp\/v2\/types\/product"}],"replies":[{"embeddable":true,"href":"https:\/\/www.university-press.fau.de\/en\/wp-json\/wp\/v2\/comments?post=5672"}],"wp:featuredmedia":[{"embeddable":true,"href":"https:\/\/www.university-press.fau.de\/en\/wp-json\/wp\/v2\/media\/5673"}],"wp:attachment":[{"href":"https:\/\/www.university-press.fau.de\/en\/wp-json\/wp\/v2\/media?parent=5672"}],"wp:term":[{"taxonomy":"product_brand","embeddable":true,"href":"https:\/\/www.university-press.fau.de\/en\/wp-json\/wp\/v2\/product_brand?post=5672"},{"taxonomy":"product_cat","embeddable":true,"href":"https:\/\/www.university-press.fau.de\/en\/wp-json\/wp\/v2\/product_cat?post=5672"},{"taxonomy":"product_tag","embeddable":true,"href":"https:\/\/www.university-press.fau.de\/en\/wp-json\/wp\/v2\/product_tag?post=5672"}],"curies":[{"name":"wp","href":"https:\/\/api.w.org\/{rel}","templated":true}]}}