{"id":5809,"date":"2025-02-04T14:44:43","date_gmt":"2025-02-04T13:44:43","guid":{"rendered":"https:\/\/www.university-press.fau.de\/?post_type=product&#038;p=5809"},"modified":"2025-03-25T14:46:00","modified_gmt":"2025-03-25T13:46:00","slug":"978-3-96147-800-2","status":"publish","type":"product","link":"https:\/\/www.university-press.fau.de\/en\/product\/978-3-96147-800-2\/","title":{"rendered":"Untersuchung photonischer Sinterverfahren und Entwicklung eines neuen elektrischen Messverfahrens zur Qualifizierung der Sinterung gedruckter Elektronik"},"content":{"rendered":"<p>The increasing global demand for electrical systems and the use of digital data are driving the need for cost-effective, flexible and green electronics. Printed electronics offer a solution for many of these requirements. Uncertainties regarding reliability and long process times due to the long post-treatment process using convection, as well as a lack of basic understanding of the general processes involved, often hinder its widespread use. Against this background, the basic principles and influencing factors of the sintering of printed electronics are explained at the beginning and photonic sintering processes are evaluated for their use in aerosol-jet printed structures based on targeted, systematic investigations. A further focus of the present work results from the lack of characterization methods, which make a meaningful electrical analysis of printed structures difficult. The development of a new electrical measurement method will enable the targeted analysis of electrical conductivity in the future, considering the special material characteristics of printed electronics.<\/p>","protected":false},"excerpt":{"rendered":"<p>Der weltweit zunehmende Bedarf an elektrischen Systemen und die Nutzung digitaler Daten treiben die Forderung nach kosteng\u00fcnstiger, flexibler und gr\u00fcner Elektronik immer weiter voran. Die gedruckte Elektronik bietet hierbei eine L\u00f6sung f\u00fcr eine Vielzahl der Anforderungen. Unsicherheiten bez\u00fcglich der Zuverl\u00e4ssigkeit und lange Prozesszeiten aufgrund des langen Nachbehandlungsprozesses mittels Konvektion sowie ein mangelndes Grundverst\u00e4ndnis der generell [&hellip;]<\/p>\n","protected":false},"featured_media":5810,"comment_status":"open","ping_status":"closed","template":"","meta":{"_acf_changed":false},"product_brand":[],"product_cat":[34],"product_tag":[],"class_list":{"0":"post-5809","1":"product","2":"type-product","3":"status-publish","4":"has-post-thumbnail","6":"product_cat-fau-studien-aus-dem-maschinenbau","7":"has-post-title","8":"has-post-date","9":"has-post-category","10":"has-post-tag","11":"has-post-comment","12":"has-post-author","13":"","15":"first","16":"instock","17":"taxable","18":"shipping-taxable","19":"purchasable","20":"product-type-simple"},"acf":{"autor":"Neermann, Simone","orcid":"0009-0004-8409-5349","ror":"00f7hpc57","herausgeber":"","orcid_hrsg":"","rorhrsg":"","bearbeiter":"","sonstige_beteiligte_personen":"","untertitel":"","zusatz":"","jahr":"2025","zeitschrift":"","serie":"","serie_name":false,"serie_band":"","serie_jahr":"","serie_titel_band":"","vortrage":"","issn":"","isbn":"","isbn13":"978-3-96147-800-2","seiten":"xix, 145","sonstiges":"","band":457,"auflage":"","opus":"","dspace":"34896","e-isbn_pdf":"978-3-96147-801-9","doi":"https:\/\/doi.org\/10.25593\/978-3-96147-801-9","epub":"","e-isbn_epub":"","doi_epub":"","html":"","e-isbn_html":"","doi_html":"","e-isbn_reader":"","doi_reader":"","digibib":"","urn":" urn:nbn:de:101:1-2502070500400.592311373859","supplementary_material":"","sprache":["Deutsch"],"ausgabe":"Softcover","suche":" 9783961478002 9783961478019  ","lizenz":"BY-NC-4","bemerkung":""},"builder_content":"","_links":{"self":[{"href":"https:\/\/www.university-press.fau.de\/en\/wp-json\/wp\/v2\/product\/5809","targetHints":{"allow":["GET"]}}],"collection":[{"href":"https:\/\/www.university-press.fau.de\/en\/wp-json\/wp\/v2\/product"}],"about":[{"href":"https:\/\/www.university-press.fau.de\/en\/wp-json\/wp\/v2\/types\/product"}],"replies":[{"embeddable":true,"href":"https:\/\/www.university-press.fau.de\/en\/wp-json\/wp\/v2\/comments?post=5809"}],"wp:featuredmedia":[{"embeddable":true,"href":"https:\/\/www.university-press.fau.de\/en\/wp-json\/wp\/v2\/media\/5810"}],"wp:attachment":[{"href":"https:\/\/www.university-press.fau.de\/en\/wp-json\/wp\/v2\/media?parent=5809"}],"wp:term":[{"taxonomy":"product_brand","embeddable":true,"href":"https:\/\/www.university-press.fau.de\/en\/wp-json\/wp\/v2\/product_brand?post=5809"},{"taxonomy":"product_cat","embeddable":true,"href":"https:\/\/www.university-press.fau.de\/en\/wp-json\/wp\/v2\/product_cat?post=5809"},{"taxonomy":"product_tag","embeddable":true,"href":"https:\/\/www.university-press.fau.de\/en\/wp-json\/wp\/v2\/product_tag?post=5809"}],"curies":[{"name":"wp","href":"https:\/\/api.w.org\/{rel}","templated":true}]}}