{"id":5913,"date":"2025-04-16T10:49:06","date_gmt":"2025-04-16T08:49:06","guid":{"rendered":"https:\/\/www.university-press.fau.de\/?post_type=product&#038;p=5913"},"modified":"2025-08-19T09:29:36","modified_gmt":"2025-08-19T07:29:36","slug":"978-3-96147-806-4","status":"publish","type":"product","link":"https:\/\/www.university-press.fau.de\/en\/product\/978-3-96147-806-4\/","title":{"rendered":"Characterization of Liquids for Hydrogen Storage and Transport by Surface Light Scattering"},"content":{"rendered":"<p>This thesis contains an extensive characterization of liquids relevant to hydrogen storage and transport with respect to their thermophysical properties over a broad range of process-relevant conditions. Surface light scattering (SLS) has been employed to simultaneously study the viscosity and interfacial tension of several hydrogen carrier liquids. A particular focus has been put on the investigation of the technically relevant bicyclic liquid organic hydrogen carrier (LOHC) systems based on diphenylmethane (DPM) or benzyltoluene (BT) at temperatures up to 573 K as well as in the presence of molecular hydrogen at pressures up to 8 MPa. Based on systematic experimental investigations involving additionally capillary viscometry, the influence of the degree of hydrogenation, LOHC composition, and process-relevant byproducts on the viscosity and interfacial tension of the DPM- and the BT-based LOHC systems is identified. Meaningful correlations, mixing rules, and prediction schemes for the viscosity and interfacial tension based on the present data are discussed and provided. The experimental results for the thermophysical properties provide a basis for an improved understanding of the structure-property relationships of bicyclic hydrocarbons that have thus far been scarcely studied.\nIn the context of this work, the applicability of the SLS method was further extended using a new approach for the evaluation of SLS signals recorded from propagating capillary waves close to their transition to overdamped behavior. This development allows for an accurate account of all signal contributions present in this regime and, thus, for a reliable determination of viscosity and interfacial tension at the corresponding state points. Further metrological aspects regarding the capabilities and limitations of SLS are additionally highlighted.<br \/>\nIm Rahmen dieser Arbeit wurde die Anwendbarkeit der SLS-Methode durch einen neuen Ansatz f\u00fcr die Auswertung von SLS-Signalen erweitert, die von fortschreitenden Kapillarwellen nahe ihres \u00dcbergangs zu \u00fcberged\u00e4mpftem Verhalten aufgezeichnet wurden. Diese Entwicklung erm\u00f6glicht eine genaue Ber\u00fccksichtigung aller in diesem Regime vorhandenen Signalbeitr\u00e4ge und damit eine zuverl\u00e4ssige Bestimmung von Viskosit\u00e4t und Grenzfl\u00e4chenspannung an den entsprechenden Zustandspunkten. Weitere messtechnische Aspekte hinsichtlich der M\u00f6glichkeiten und Grenzen von SLS werden dar\u00fcber hinaus beleuchtet.<\/p>","protected":false},"excerpt":{"rendered":"<p>Diese Arbeit enth\u00e4lt eine umfassende Charakterisierung von Fl\u00fcssigkeiten, die f\u00fcr die Speicherung und den Transport von Wasserstoff relevant sind, hinsichtlich ihrer thermophysikalischen Eigenschaften in einem breiten Spektrum prozessrelevanter Bedingungen. Mit Hilfe der Oberfl\u00e4chenlichtstreuung (surface light scattering, SLS) wurden simultan die Viskosit\u00e4t und Grenzfl\u00e4chenspannung mehrerer Wasserstofftr\u00e4gerfl\u00fcssigkeiten untersucht. Ein besonderer Schwerpunkt lag dabei auf der Untersuchung der [&hellip;]<\/p>\n","protected":false},"featured_media":5914,"comment_status":"open","ping_status":"closed","template":"","meta":{"_acf_changed":false},"product_brand":[],"product_cat":[85],"product_tag":[],"class_list":{"0":"post-5913","1":"product","2":"type-product","3":"status-publish","4":"has-post-thumbnail","6":"product_cat-fau-studies-chemical-and-biological-engineering","7":"has-post-title","8":"has-post-date","9":"has-post-category","10":"has-post-tag","11":"has-post-comment","12":"has-post-author","13":"","15":"first","16":"instock","17":"taxable","18":"shipping-taxable","19":"purchasable","20":"product-type-simple"},"acf":{"autor":"Kerscher, Manuel","orcid":"0009-0002-0174-993X","ror":"00f7hpc57","herausgeber":"","orcid_hrsg":"","rorhrsg":"","bearbeiter":"","sonstige_beteiligte_personen":"","untertitel":"","zusatz":"","jahr":"2025","zeitschrift":"","serie":"","serie_name":false,"serie_band":"","serie_jahr":"","serie_titel_band":"","vortrage":"","issn":"","isbn":"","isbn13":"978-3-96147-806-4","seiten":"xviii, 216","sonstiges":"","band":6,"auflage":"","opus":"","dspace":"35582","e-isbn_pdf":"978-3-96147-807-1","doi":"","epub":"","e-isbn_epub":"","doi_epub":"","html":"","e-isbn_html":"","doi_html":"","e-isbn_reader":"","doi_reader":"","digibib":"","urn":"urn:nbn:de:101:1-2503280437372.950690938673","supplementary_material":"","sprache":["Deutsch"],"ausgabe":"Softcover","suche":" 9783961478064 9783961478071  ","lizenz":"BY-4","bemerkung":"1\tFAU Press\r\n1\tHB\r\n4\tBSB \/ DNB\r\n1\tTNZB\r\n1\tTIB"},"builder_content":"","_links":{"self":[{"href":"https:\/\/www.university-press.fau.de\/en\/wp-json\/wp\/v2\/product\/5913","targetHints":{"allow":["GET"]}}],"collection":[{"href":"https:\/\/www.university-press.fau.de\/en\/wp-json\/wp\/v2\/product"}],"about":[{"href":"https:\/\/www.university-press.fau.de\/en\/wp-json\/wp\/v2\/types\/product"}],"replies":[{"embeddable":true,"href":"https:\/\/www.university-press.fau.de\/en\/wp-json\/wp\/v2\/comments?post=5913"}],"wp:featuredmedia":[{"embeddable":true,"href":"https:\/\/www.university-press.fau.de\/en\/wp-json\/wp\/v2\/media\/5914"}],"wp:attachment":[{"href":"https:\/\/www.university-press.fau.de\/en\/wp-json\/wp\/v2\/media?parent=5913"}],"wp:term":[{"taxonomy":"product_brand","embeddable":true,"href":"https:\/\/www.university-press.fau.de\/en\/wp-json\/wp\/v2\/product_brand?post=5913"},{"taxonomy":"product_cat","embeddable":true,"href":"https:\/\/www.university-press.fau.de\/en\/wp-json\/wp\/v2\/product_cat?post=5913"},{"taxonomy":"product_tag","embeddable":true,"href":"https:\/\/www.university-press.fau.de\/en\/wp-json\/wp\/v2\/product_tag?post=5913"}],"curies":[{"name":"wp","href":"https:\/\/api.w.org\/{rel}","templated":true}]}}