{"id":5971,"date":"2025-05-28T15:13:46","date_gmt":"2025-05-28T13:13:46","guid":{"rendered":"https:\/\/www.university-press.fau.de\/?post_type=product&#038;p=5971"},"modified":"2025-05-28T15:13:47","modified_gmt":"2025-05-28T13:13:47","slug":"978-3-96147-810-1","status":"publish","type":"product","link":"https:\/\/www.university-press.fau.de\/en\/product\/978-3-96147-810-1\/","title":{"rendered":"German perspective on 6G &#8211; Use Cases, Technical Building Blocks and Requirements"},"content":{"rendered":"<p>Die Arbeitsgruppe &#8222;WG:Roadmap&#8220; der 6G-Plattform, gef\u00f6rdert durch das Bundesministerium f\u00fcr Bildung und Forschung (BMBF), hat sich zum Ziel gesetzt, aufkommende Anwendungsszenarien, neue Technologien und zuk\u00fcnftige Anforderungen zu identifizieren, die die Forschung, Entwicklung und Standardisierung von 6G in Deutschland und Europa pr\u00e4gen. Zu diesem Zweck hat die Arbeitsgruppe eine Vielzahl von 6G-Anwendungsf\u00e4llen aus verschiedenen akademischen Institutionen und Industrieunternehmen im Rahmen der 6G-Plattform zusammengetragen, einer Analyse unterzogen und eine Harmonisierung vorgenommen. Im Folgenden werden die aktuellen Ergebnisse der Arbeitsgruppe pr\u00e4sentiert. Das vorliegende Dokument liefert einen \u00dcberblick \u00fcber die identifizierten 6G-Anwendungsf\u00e4lle, die Gruppierung dieser in Anwendungsfamilien, bestehende und neuartige technologische Bausteine, die zur Realisierung dieser Anwendungsf\u00e4lle erforderlich sind, sowie die damit verbundenen neuen Anforderungen an die Realisierung. Die in diesem Whitepaper pr\u00e4sentierten Anwendungsf\u00e4lle repr\u00e4sentieren das deutsche 6G-Programm und bieten Einblick in die Perspektiven deutscher Industrieunternehmen, Netzbetreibern und weiterer Akteure im Bereich Telekommunikation. Dabei ist zu ber\u00fccksichtigen, dass sich die Bed\u00fcrfnisse dieser Akteure von denen in L\u00e4ndern mit anderen wirtschaftlichen Priorit\u00e4ten unterscheiden k\u00f6nnen. Des Weiteren erfolgt die Darstellung in diesem Whitepaper in Anlehnung an die f\u00fchrenden europ\u00e4ischen 6G-Projekte, wie beispielsweise 6G-SNS und 6G-IA. Dies steht im Einklang mit dem Ziel der Arbeitsgruppe, einen ersten Einblick in eine deutsch-europ\u00e4ische 6G-Vision zu geben.<\/p>","protected":false},"excerpt":{"rendered":"<p>Die Arbeitsgruppe &#8222;WG:Roadmap&#8220; der 6G-Plattform, gef\u00f6rdert durch das Bundesministerium f\u00fcr Bildung und Forschung (BMBF), hat sich zum Ziel gesetzt, aufkommende Anwendungsszenarien, neue Technologien und zuk\u00fcnftige Anforderungen zu identifizieren, die die Forschung, Entwicklung und Standardisierung von 6G in Deutschland und Europa pr\u00e4gen. Zu diesem Zweck hat die Arbeitsgruppe eine Vielzahl von 6G-Anwendungsf\u00e4llen aus verschiedenen akademischen Institutionen [&hellip;]<\/p>\n","protected":false},"featured_media":5972,"comment_status":"open","ping_status":"closed","template":"","meta":{"_acf_changed":false},"product_brand":[],"product_cat":[53],"product_tag":[],"class_list":{"0":"post-5971","1":"product","2":"type-product","3":"status-publish","4":"has-post-thumbnail","6":"product_cat-fau-studien-aus-der-elektrotechnik","7":"has-post-title","8":"has-post-date","9":"has-post-category","10":"has-post-tag","11":"has-post-comment","12":"has-post-author","13":"","15":"first","16":"instock","17":"taxable","18":"shipping-taxable","19":"purchasable","20":"product-type-simple"},"acf":{"autor":"","orcid":"","ror":"","herausgeber":"Franchi, Norman; Dressler, Falko; Ergen\u00e7, Do\u011fanalp; Guter, Paulus; Lassen, Vincent; L\u00fcbke, Maximilian; Veihelmann, Tobias","orcid_hrsg":"0000-0002-2777-4722 ; 0000-0002-1989-1750 ; 0000-0003-4640-031X ; ; ; 0000-0001-6527-8925 ; 0009-0002-1479-5134","rorhrsg":"00f7hpc57 ; 03v4gjf40 ; 03v4gjf40 ; 00f7hpc57 ; 00f7hpc57 ; 00f7hpc57 ; 00f7hpc57","bearbeiter":"","sonstige_beteiligte_personen":"Baradie, Shaden (aut )\/ Bassbouss, Louay (aut) \/ Bathelt, Andreas (aut) \/ Eichhorn, Fabian (aut) \/ Fink, Lucas (aut) \/ Frisch, Andreas (aut) \/ Gautam, Pramesh (aut) \/ Heckmann, Tilo (aut) \/ Houdeau, Detlef (aut) \/ Kottkamp, Meik (aut) \/ Lindenschmitt, Daniel (aut) \/ Lyczkowski, Eike (aut) \/ Mertes, Jan (aut) \/ Nota, Andrea (aut) \/ Nitzold, Walter P. ( aut) \/ Plachy, Jan (aut) \/ Rau, Daniel (aut) \/ Rihan, Mohamed (aut) \/ Rosemann, Philipp (aut) \/ Rosemann, Philipp (aut) \/ Schmitz, Marius (aut) \/ Sch\u00f6sser, Anton (aut) \/ von Schoettler, Frank (aut) \/ Schulz, Philipp (aut) \/ Thom\u00e4, Reiner (aut) \/ Turbic, Kenan (aut) \/ Underberg, Lisa (aut) \/ Utkovski, Zoran (aut) \/ Wegener, Mojan (aut) \/ W\u00fcbben, Dirk (aut)","untertitel":"Insights by the 6G Platform Germany","zusatz":"White Paper","jahr":"2025","zeitschrift":"","serie":"","serie_name":false,"serie_band":"","serie_jahr":"","serie_titel_band":"","vortrage":"","issn":"","isbn":"","isbn13":"978-3-96147-810-1","seiten":"x, 152","sonstiges":"","band":28,"auflage":"2. edition","opus":"","dspace":"36161","e-isbn_pdf":"978-3-96147-811-8","doi":"https:\/\/doi.org\/10.25593\/978-3-96147-811-8","epub":"","e-isbn_epub":"","doi_epub":"","html":"","e-isbn_html":"","doi_html":"","e-isbn_reader":"","doi_reader":"","digibib":"","urn":"urn:nbn:de:101:1-2505160512218.841592884818","supplementary_material":"","sprache":["Englisch"],"ausgabe":"Softcover","suche":" 9783961478101 9783961478118  ","lizenz":"BY-4","bemerkung":""},"builder_content":"","_links":{"self":[{"href":"https:\/\/www.university-press.fau.de\/en\/wp-json\/wp\/v2\/product\/5971","targetHints":{"allow":["GET"]}}],"collection":[{"href":"https:\/\/www.university-press.fau.de\/en\/wp-json\/wp\/v2\/product"}],"about":[{"href":"https:\/\/www.university-press.fau.de\/en\/wp-json\/wp\/v2\/types\/product"}],"replies":[{"embeddable":true,"href":"https:\/\/www.university-press.fau.de\/en\/wp-json\/wp\/v2\/comments?post=5971"}],"wp:featuredmedia":[{"embeddable":true,"href":"https:\/\/www.university-press.fau.de\/en\/wp-json\/wp\/v2\/media\/5972"}],"wp:attachment":[{"href":"https:\/\/www.university-press.fau.de\/en\/wp-json\/wp\/v2\/media?parent=5971"}],"wp:term":[{"taxonomy":"product_brand","embeddable":true,"href":"https:\/\/www.university-press.fau.de\/en\/wp-json\/wp\/v2\/product_brand?post=5971"},{"taxonomy":"product_cat","embeddable":true,"href":"https:\/\/www.university-press.fau.de\/en\/wp-json\/wp\/v2\/product_cat?post=5971"},{"taxonomy":"product_tag","embeddable":true,"href":"https:\/\/www.university-press.fau.de\/en\/wp-json\/wp\/v2\/product_tag?post=5971"}],"curies":[{"name":"wp","href":"https:\/\/api.w.org\/{rel}","templated":true}]}}