{"id":6033,"date":"2025-06-30T11:21:57","date_gmt":"2025-06-30T09:21:57","guid":{"rendered":"https:\/\/www.university-press.fau.de\/?post_type=product&#038;p=6033"},"modified":"2025-09-09T08:59:02","modified_gmt":"2025-09-09T06:59:02","slug":"978-3-96147-824-8","status":"publish","type":"product","link":"https:\/\/www.university-press.fau.de\/en\/product\/978-3-96147-824-8\/","title":{"rendered":"Integration von Kurzzeitspeichern zur Erh\u00f6hung der Energieeffizienz von elektrischen Antriebsstr\u00e4ngen"},"content":{"rendered":"<p>Im Rahmen dieser Arbeit wurde eine Methodik entwickelt, um die Energieeffizienz verschiedener Antriebstopologien einfacher und genauer gegen\u00fcber dem Stand der Technik vorausberechnen zu k\u00f6nnen. Neben der Energieeffizienz werden zudem noch die CO2-Einsparungen und die Kosteneffizienz von Systemen betrachtet, so dass im Zuge der Auslegung eine gesamtheitliche Analyse eines Antriebssystems durchgef\u00fchrt werden kann. Hierf\u00fcr wurde ein Berechnungsprogramm entwickelt, welches mit der Eingabe von wenigen und zug\u00e4nglichen Daten eine automatisierte Berechnung erm\u00f6glicht.<br \/>\nZur Berechnung der Verluste eines Antriebsstranges wurden die einzelnen Verlustmechanismen beziehungsweise die Einfl\u00fcsse von Betriebsstrategien auf die Verluste untersucht.<br \/>\nDer Hauptaspekt der Arbeit liegt auf der Integration von Kurzzeitspeichern zur Erh\u00f6hung der Energieeffizienz in elektrischen Antriebsstr\u00e4ngen. Hierf\u00fcr wurde im Rahmen dieser Arbeit ein Konzept entwickelt. Dieses Konzept wurde anschlie\u00dfend soweit ausgearbeitet, dass es am Pr\u00fcfstand messtechnisch verifiziert werden konnte. Mit Hilfe des entwickelten Systems kann Bremsenergie im Antriebssystem selbst gespeichert werden und somit bei darauffolgenden Beschleunigungsphasen wieder genutzt werden. Dies sorgt vor allem bei bestehenden Antriebssystemen ohne Netzr\u00fcckspeisung f\u00fcr erhebliche Effizienzsteigerungen. Durch diese Ma\u00dfnahme kann nicht nur die Energieeffizienz, sondern auch die Kosteneffizienz erheblich gesteigert werden. Daneben kann noch eine deutliche Verbesserung der CO2-Bilanz erreicht werden. Zus\u00e4tzlich zu den energetischen Aspekten werden auch die Einsparungen beziehungsweise wirtschaftlichen Aspekte im Berechnungsprogramm ber\u00fccksichtigt.<\/p>","protected":false},"excerpt":{"rendered":"<p>Im Rahmen dieser Arbeit wurde eine Methodik entwickelt, um die Energieeffizienz verschiedener Antriebstopologien einfacher und genauer gegen\u00fcber dem Stand der Technik vorausberechnen zu k\u00f6nnen. Neben der Energieeffizienz werden zudem noch die CO2-Einsparungen und die Kosteneffizienz von Systemen betrachtet, so dass im Zuge der Auslegung eine gesamtheitliche Analyse eines Antriebssystems durchgef\u00fchrt werden kann. Hierf\u00fcr wurde ein [&hellip;]<\/p>\n","protected":false},"featured_media":6037,"comment_status":"open","ping_status":"closed","template":"","meta":{"_acf_changed":false},"product_brand":[],"product_cat":[34],"product_tag":[],"class_list":{"0":"post-6033","1":"product","2":"type-product","3":"status-publish","4":"has-post-thumbnail","6":"product_cat-fau-studien-aus-dem-maschinenbau","7":"has-post-title","8":"has-post-date","9":"has-post-category","10":"has-post-tag","11":"has-post-comment","12":"has-post-author","13":"","15":"first","16":"instock","17":"taxable","18":"shipping-taxable","19":"purchasable","20":"product-type-simple"},"acf":{"autor":"H\u00f6rlin, Sebastian","orcid":"0009-0004-5624-2516","ror":"00f7hpc57","herausgeber":"","orcid_hrsg":"","rorhrsg":"","bearbeiter":"","sonstige_beteiligte_personen":"","untertitel":"","zusatz":"","jahr":"2025","zeitschrift":"","serie":"","serie_name":false,"serie_band":"","serie_jahr":"","serie_titel_band":"","vortrage":"","issn":"","isbn":"","isbn13":"978-3-96147-824-8","seiten":"xxiii, 155","sonstiges":"","band":463,"auflage":"","opus":"","dspace":"24219","e-isbn_pdf":"978-3-96147-825-5","doi":"https:\/\/doi.org\/10.25593\/978-3-96147-825-5","epub":"","e-isbn_epub":"","doi_epub":"","html":"","e-isbn_html":"","doi_html":"","e-isbn_reader":"","doi_reader":"","digibib":"","urn":"urn:nbn:de:101:1-2507040653454.070533770255","supplementary_material":"","sprache":["Deutsch"],"ausgabe":"Softcover","suche":" 9783961478248 9783961478255  ","lizenz":"BY-NC-4","bemerkung":""},"builder_content":"","_links":{"self":[{"href":"https:\/\/www.university-press.fau.de\/en\/wp-json\/wp\/v2\/product\/6033","targetHints":{"allow":["GET"]}}],"collection":[{"href":"https:\/\/www.university-press.fau.de\/en\/wp-json\/wp\/v2\/product"}],"about":[{"href":"https:\/\/www.university-press.fau.de\/en\/wp-json\/wp\/v2\/types\/product"}],"replies":[{"embeddable":true,"href":"https:\/\/www.university-press.fau.de\/en\/wp-json\/wp\/v2\/comments?post=6033"}],"wp:featuredmedia":[{"embeddable":true,"href":"https:\/\/www.university-press.fau.de\/en\/wp-json\/wp\/v2\/media\/6037"}],"wp:attachment":[{"href":"https:\/\/www.university-press.fau.de\/en\/wp-json\/wp\/v2\/media?parent=6033"}],"wp:term":[{"taxonomy":"product_brand","embeddable":true,"href":"https:\/\/www.university-press.fau.de\/en\/wp-json\/wp\/v2\/product_brand?post=6033"},{"taxonomy":"product_cat","embeddable":true,"href":"https:\/\/www.university-press.fau.de\/en\/wp-json\/wp\/v2\/product_cat?post=6033"},{"taxonomy":"product_tag","embeddable":true,"href":"https:\/\/www.university-press.fau.de\/en\/wp-json\/wp\/v2\/product_tag?post=6033"}],"curies":[{"name":"wp","href":"https:\/\/api.w.org\/{rel}","templated":true}]}}