{"id":6073,"date":"2025-07-28T11:39:55","date_gmt":"2025-07-28T09:39:55","guid":{"rendered":"https:\/\/www.university-press.fau.de\/?post_type=product&#038;p=6073"},"modified":"2025-12-02T10:20:52","modified_gmt":"2025-12-02T09:20:52","slug":"978-3-96147-820-0","status":"publish","type":"product","link":"https:\/\/www.university-press.fau.de\/en\/product\/978-3-96147-820-0\/","title":{"rendered":"Methode zur Ber\u00fccksichtigung von Schwankungen der tribologischen Halbzeugeigenschaften f\u00fcr die umformtechnische Herstellung von Karosseriebauteilen im Serienprozess"},"content":{"rendered":"<p>In recent years, environmentally friendly products and a sustainable production have become increasingly important in our society. As a result, it is important to avoid rejects due to quality defects producing car body parts using forming technology. Causal for the occurrence of quality defects include fluctuations of the properties of semi-finished products, which influence the forming process but are not sufficiently considered in the design of car body parts. One reason for this is that fluctuations regarding the semi-finished product properties which influences friction has not yet been sufficiently investigated. The aim of the work is therefore to develop a comprehensive understanding of the process, from which a method for considering fluctuations regarding the for the tribology relevant semi-finished product properties in the forming production of car body parts in the series process is derived. For this purpose, inline measuring systems are first qualified, which are used to record the semi-finished product properties on the running strip. Following a characterization of the fluctuations, the findings are used for numerical investigations and validated using real car body parts from the series production process. The investigations show that the friction behaviour is essentially influenced by an inhomogeneous lubricant distribution on the surface of the semi-finished product. The consideration of the real tribological conditions present in the series production process therefore leads to an improvement in the prediction accuracy in the forming simulation.<\/p>","protected":false},"excerpt":{"rendered":"<p>In den vergangenen Jahren haben umweltfreundliche Produkte sowie eine nachhaltige Produktion einen zunehmenden Stellenwert in unserer Gesellschaft eingenommen. Demzufolge gilt es, Ausschuss aufgrund von Qualit\u00e4tsm\u00e4ngeln bei umformtechnisch hergestellten Karosseriebauteilen zu vermeiden. Urs\u00e4chlich f\u00fcr das Auftreten von Qualit\u00e4tsm\u00e4ngeln sind unter anderem Schwankungen der Halbzeugeigenschaften, welche den Umformprozess beeinflussen, jedoch bei der Auslegung der Bauteile nur unzureichend [&hellip;]<\/p>\n","protected":false},"featured_media":6074,"comment_status":"open","ping_status":"closed","template":"","meta":{"_acf_changed":false},"product_brand":[],"product_cat":[34],"product_tag":[],"class_list":{"0":"post-6073","1":"product","2":"type-product","3":"status-publish","4":"has-post-thumbnail","6":"product_cat-fau-studien-aus-dem-maschinenbau","7":"has-post-title","8":"has-post-date","9":"has-post-category","10":"has-post-tag","11":"has-post-comment","12":"has-post-author","13":"","15":"first","16":"instock","17":"taxable","18":"shipping-taxable","19":"purchasable","20":"product-type-simple"},"acf":{"autor":"Hansen, Barbara","orcid":"0009-0005-3652-5030","ror":"00f7hpc57","herausgeber":"","orcid_hrsg":"","rorhrsg":"","bearbeiter":"","sonstige_beteiligte_personen":"","untertitel":"","zusatz":"","jahr":"2025","zeitschrift":"","serie":"","serie_name":false,"serie_band":"","serie_jahr":"","serie_titel_band":"","vortrage":"","issn":"","isbn":"","isbn13":"978-3-96147-820-0","seiten":"x, 163 ","sonstiges":"","band":462,"auflage":"","opus":"","dspace":"37107","e-isbn_pdf":"978-3-96147-821-7","doi":"https:\/\/doi.org\/10.25593\/978-3-96147-821-7","epub":"","e-isbn_epub":"","doi_epub":"","html":"","e-isbn_html":"","doi_html":"","e-isbn_reader":"","doi_reader":"","digibib":"","urn":"urn:nbn:de:101:1-2508010509064.883364807203","supplementary_material":"","sprache":["Deutsch"],"ausgabe":"Softcover","suche":" 9783961478200 9783961478217  ","lizenz":"BY-NC-4","bemerkung":"1\tFAU Press\r\n1\tHB\r\n4\tBSB \/ DNB\r\n1\tTNZB\r\n1\tTIB"},"builder_content":"","_links":{"self":[{"href":"https:\/\/www.university-press.fau.de\/en\/wp-json\/wp\/v2\/product\/6073","targetHints":{"allow":["GET"]}}],"collection":[{"href":"https:\/\/www.university-press.fau.de\/en\/wp-json\/wp\/v2\/product"}],"about":[{"href":"https:\/\/www.university-press.fau.de\/en\/wp-json\/wp\/v2\/types\/product"}],"replies":[{"embeddable":true,"href":"https:\/\/www.university-press.fau.de\/en\/wp-json\/wp\/v2\/comments?post=6073"}],"wp:featuredmedia":[{"embeddable":true,"href":"https:\/\/www.university-press.fau.de\/en\/wp-json\/wp\/v2\/media\/6074"}],"wp:attachment":[{"href":"https:\/\/www.university-press.fau.de\/en\/wp-json\/wp\/v2\/media?parent=6073"}],"wp:term":[{"taxonomy":"product_brand","embeddable":true,"href":"https:\/\/www.university-press.fau.de\/en\/wp-json\/wp\/v2\/product_brand?post=6073"},{"taxonomy":"product_cat","embeddable":true,"href":"https:\/\/www.university-press.fau.de\/en\/wp-json\/wp\/v2\/product_cat?post=6073"},{"taxonomy":"product_tag","embeddable":true,"href":"https:\/\/www.university-press.fau.de\/en\/wp-json\/wp\/v2\/product_tag?post=6073"}],"curies":[{"name":"wp","href":"https:\/\/api.w.org\/{rel}","templated":true}]}}