{"id":6078,"date":"2025-07-31T09:11:29","date_gmt":"2025-07-31T07:11:29","guid":{"rendered":"https:\/\/www.university-press.fau.de\/?post_type=product&#038;p=6078"},"modified":"2025-12-23T14:41:57","modified_gmt":"2025-12-23T13:41:57","slug":"978-3-96147-830-9","status":"publish","type":"product","link":"https:\/\/www.university-press.fau.de\/en\/product\/978-3-96147-830-9\/","title":{"rendered":"Erarbeitung und Qualifizierung einer W\u00e4rmebehandlungsstrategie zur Stoffflusssteuerung in der Blechmassivumformung"},"content":{"rendered":"<p>Mobility has always been a fundamental human desire and a driver of prosperity and progress. Due to current developments, this is increasingly becoming the focus of social change. As a result, there is a contradictory requirement for components in the drivetrain to be lighter and at the same time more durable, bringing established manufacturing techniques to their limits. The new process class of Sheet-Bulk Metal Forming can extend the process limits by combining the advantages of both processes. The material flow control was identified as a major challenge in an associated orbital forming process. The use of aluminum alloys and their strength-related characteristics in particular requires suitable measures for a material flow control, such as local short-term heat treatment. However, a holistic investigation of the cause-effect relationships in the three-dimensional stress and strain state of Sheet-Bulk Metal Forming is still missing. Therefore, the aim of this work is to develop and qualify a heat-treatment strategy for controlling the material flow in Sheet-Bulk Metal Forming processes by means of a local gradation of the mechanical properties of precipitation-hardenable aluminum alloys. On the basis of a stress and material flow-based process model and a holistic characterization of the mechanical properties, the material flow control is evaluated and transferred to an industrial relevant demonstrator geometry.<\/p>","protected":false},"excerpt":{"rendered":"<p>Mobilit\u00e4t ist seit jeher ein Grundbed\u00fcrfnis der Menschheit und Treiber von Wohlstand und Fortschritt. Aufgrund aktueller Entwicklungen steht diese mehr denn je im Mittelpunkt des gesellschaftlichen Wandels. Folglich erw\u00e4chst speziell f\u00fcr Komponenten im Antriebsstrang die gegens\u00e4tzliche Anforderung nach geringerem Gewicht und gleichzeitigt h\u00f6herer Belastbarkeit, welche etablierte Fertigungsverfahren an ihre Grenzen bringt. Die neuartige Verfahrensklasse der [&hellip;]<\/p>\n","protected":false},"featured_media":6080,"comment_status":"open","ping_status":"closed","template":"","meta":{"_acf_changed":false},"product_brand":[],"product_cat":[34],"product_tag":[],"class_list":{"0":"post-6078","1":"product","2":"type-product","3":"status-publish","4":"has-post-thumbnail","6":"product_cat-fau-studien-aus-dem-maschinenbau","7":"has-post-title","8":"has-post-date","9":"has-post-category","10":"has-post-tag","11":"has-post-comment","12":"has-post-author","13":"","15":"first","16":"instock","17":"taxable","18":"shipping-taxable","19":"purchasable","20":"product-type-simple"},"acf":{"autor":"Hetzel, Andreas ","orcid":"0000-0002-5309-1386","ror":"00f7hpc57","herausgeber":"","orcid_hrsg":"","rorhrsg":"","bearbeiter":"","sonstige_beteiligte_personen":"","untertitel":"","zusatz":"","jahr":"2025","zeitschrift":"","serie":"","serie_name":false,"serie_band":"","serie_jahr":"","serie_titel_band":"","vortrage":"","issn":"","isbn":"","isbn13":"978-3-96147-830-9","seiten":"xiii, 203 ","sonstiges":"","band":465,"auflage":"","opus":"","dspace":"37093","e-isbn_pdf":"978-3-96147-831-6","doi":"https:\/\/doi.org\/10.25593\/978-3-96147-831-6","epub":"","e-isbn_epub":"","doi_epub":"","html":"","e-isbn_html":"","doi_html":"","e-isbn_reader":"","doi_reader":"","digibib":"","urn":"urn:nbn:de:101:1-2508010504271.324780991754","supplementary_material":"","sprache":["Deutsch"],"ausgabe":"Softcover","suche":" 9783961478309 9783961478316  ","lizenz":"BY-NC-4","bemerkung":"1\tFAU Press\r\n1\tHB\r\n4\tBSB \/ DNB\r\n1\tTNZB\r\n1\tTIB\r\n"},"builder_content":"","_links":{"self":[{"href":"https:\/\/www.university-press.fau.de\/en\/wp-json\/wp\/v2\/product\/6078","targetHints":{"allow":["GET"]}}],"collection":[{"href":"https:\/\/www.university-press.fau.de\/en\/wp-json\/wp\/v2\/product"}],"about":[{"href":"https:\/\/www.university-press.fau.de\/en\/wp-json\/wp\/v2\/types\/product"}],"replies":[{"embeddable":true,"href":"https:\/\/www.university-press.fau.de\/en\/wp-json\/wp\/v2\/comments?post=6078"}],"wp:featuredmedia":[{"embeddable":true,"href":"https:\/\/www.university-press.fau.de\/en\/wp-json\/wp\/v2\/media\/6080"}],"wp:attachment":[{"href":"https:\/\/www.university-press.fau.de\/en\/wp-json\/wp\/v2\/media?parent=6078"}],"wp:term":[{"taxonomy":"product_brand","embeddable":true,"href":"https:\/\/www.university-press.fau.de\/en\/wp-json\/wp\/v2\/product_brand?post=6078"},{"taxonomy":"product_cat","embeddable":true,"href":"https:\/\/www.university-press.fau.de\/en\/wp-json\/wp\/v2\/product_cat?post=6078"},{"taxonomy":"product_tag","embeddable":true,"href":"https:\/\/www.university-press.fau.de\/en\/wp-json\/wp\/v2\/product_tag?post=6078"}],"curies":[{"name":"wp","href":"https:\/\/api.w.org\/{rel}","templated":true}]}}