{"id":6084,"date":"2025-08-04T17:08:44","date_gmt":"2025-08-04T15:08:44","guid":{"rendered":"https:\/\/www.university-press.fau.de\/?post_type=product&#038;p=6084"},"modified":"2025-12-02T09:45:45","modified_gmt":"2025-12-02T08:45:45","slug":"978-3-96147-834-7","status":"publish","type":"product","link":"https:\/\/www.university-press.fau.de\/en\/product\/978-3-96147-834-7\/","title":{"rendered":"Erarbeitung eines Prozessverst\u00e4ndnisses f\u00fcr die thermisch gest\u00fctzte Herstellung funktionsangepasster Aluminiumbauteile"},"content":{"rendered":"<p>Stetig anwachsende Komfort- und Sicherheitsbed\u00fcrfnisse, gepaart mit dem Anspruch der Umweltneutralit\u00e4t und Ressourcenschonung, stellen neue Herausforderungen an die Fortbewegung von morgen. Der anforderungsgerechte Werkstoffeinsatz und die Reduktion der Fahrzeugmasse erm\u00f6glichen die Herstellung agiler und zugleich sicherer Fahrzeuge und gestatten die Verringerung der erforderlichen Fortbewegungsenergie. Aluminiumlegierungen finden aufgrund ihres breiten mechanischen Eigenschaftsspektrums, der geringen Dichte sowie der vollst\u00e4ndigen Recycelbarkeit zunehmend Einsatz im Mobilit\u00e4tssektor. Allerdings stellt die Verwendung von Aluminiumlegierungen neue Herausforderungen an die Fertigungstechnologie. So ist die Umformbarkeit hochfester Aluminiumlegierungen stark limitiert. Thermisch unterst\u00fctzte Formgebungsmethoden haben bewiesen, dass sie die versagensfreie Umformung kompliziert geformter Bauteile erm\u00f6glichen. Dabei hat sich der Prozess der Abschreckumformung als besonders vorteilhaft herauskristallisiert. Durch die nicht-isotherme Umformoperation besteht die M\u00f6glichkeit, die Bauteileigenschaften bereits w\u00e4hrend der Formgebungsoperation ma\u00dfgeschneidert anzupassen.<br \/>\nDas \u00fcbergeordnete Ziel der wissenschaftlichen Untersuchungen war es, ein grundlegendes Prozessverst\u00e4ndnis f\u00fcr die Herstellung von Aluminiumbauteilen mit lokal optimierten Eigenschaften im Rahmen einer ma\u00dfgeschneiderten Abschreckumformung zu generieren. Im Mittelpunkt standen dabei die Definition relevanter Randbedingungen des Umform- und Abschreckprozesses, die Identifizierung und Validierung einer neuen Messmethode zur zeitgebundenen Erfassung mikrostruktureller Gef\u00fcgever\u00e4nderungen sowie die Prozessanalyse und -bewertung anhand mehrerer Demonstratorbauteile mit beanspruchungsoptimierten Funktionseigenschaften.<\/p>","protected":false},"excerpt":{"rendered":"<p>Stetig anwachsende Komfort- und Sicherheitsbed\u00fcrfnisse, gepaart mit dem Anspruch der Umweltneutralit\u00e4t und Ressourcenschonung, stellen neue Herausforderungen an die Fortbewegung von morgen. Der anforderungsgerechte Werkstoffeinsatz und die Reduktion der Fahrzeugmasse erm\u00f6glichen die Herstellung agiler und zugleich sicherer Fahrzeuge und gestatten die Verringerung der erforderlichen Fortbewegungsenergie. Aluminiumlegierungen finden aufgrund ihres breiten mechanischen Eigenschaftsspektrums, der geringen Dichte sowie [&hellip;]<\/p>\n","protected":false},"featured_media":6085,"comment_status":"open","ping_status":"closed","template":"","meta":{"_acf_changed":false},"product_brand":[],"product_cat":[34],"product_tag":[],"class_list":{"0":"post-6084","1":"product","2":"type-product","3":"status-publish","4":"has-post-thumbnail","6":"product_cat-fau-studien-aus-dem-maschinenbau","7":"has-post-title","8":"has-post-date","9":"has-post-category","10":"has-post-tag","11":"has-post-comment","12":"has-post-author","13":"","15":"first","16":"instock","17":"taxable","18":"shipping-taxable","19":"purchasable","20":"product-type-simple"},"acf":{"autor":"Rigas, Nikolaos","orcid":"0000-0002-9419-7566","ror":"00f7hpc57","herausgeber":"","orcid_hrsg":"","rorhrsg":"","bearbeiter":"","sonstige_beteiligte_personen":"","untertitel":"","zusatz":"","jahr":"2025","zeitschrift":"","serie":"","serie_name":false,"serie_band":"","serie_jahr":"","serie_titel_band":"","vortrage":"","issn":"","isbn":"","isbn13":"978-3-96147-834-7","seiten":"xi, 193","sonstiges":"","band":467,"auflage":"","opus":"","dspace":"37143","e-isbn_pdf":"978-3-96147-835-4","doi":"https:\/\/doi.org\/10.25593\/978-3-96147-835-4","epub":"","e-isbn_epub":"","doi_epub":"","html":"","e-isbn_html":"","doi_html":"","e-isbn_reader":"","doi_reader":"","digibib":"","urn":" urn:nbn:de:101:1-2508191603039.356747607930","supplementary_material":"","sprache":["Deutsch"],"ausgabe":"Softcover","suche":" 9783961478347 9783961478354  ","lizenz":"BY-NC-4","bemerkung":"1\tFAU Press\r\n1\tHB\r\n4\tBSB \/ DNB\r\n1\tTNZB\r\n1\tTIB"},"builder_content":"","_links":{"self":[{"href":"https:\/\/www.university-press.fau.de\/en\/wp-json\/wp\/v2\/product\/6084","targetHints":{"allow":["GET"]}}],"collection":[{"href":"https:\/\/www.university-press.fau.de\/en\/wp-json\/wp\/v2\/product"}],"about":[{"href":"https:\/\/www.university-press.fau.de\/en\/wp-json\/wp\/v2\/types\/product"}],"replies":[{"embeddable":true,"href":"https:\/\/www.university-press.fau.de\/en\/wp-json\/wp\/v2\/comments?post=6084"}],"wp:featuredmedia":[{"embeddable":true,"href":"https:\/\/www.university-press.fau.de\/en\/wp-json\/wp\/v2\/media\/6085"}],"wp:attachment":[{"href":"https:\/\/www.university-press.fau.de\/en\/wp-json\/wp\/v2\/media?parent=6084"}],"wp:term":[{"taxonomy":"product_brand","embeddable":true,"href":"https:\/\/www.university-press.fau.de\/en\/wp-json\/wp\/v2\/product_brand?post=6084"},{"taxonomy":"product_cat","embeddable":true,"href":"https:\/\/www.university-press.fau.de\/en\/wp-json\/wp\/v2\/product_cat?post=6084"},{"taxonomy":"product_tag","embeddable":true,"href":"https:\/\/www.university-press.fau.de\/en\/wp-json\/wp\/v2\/product_tag?post=6084"}],"curies":[{"name":"wp","href":"https:\/\/api.w.org\/{rel}","templated":true}]}}