{"id":6173,"date":"2025-10-31T07:45:20","date_gmt":"2025-10-31T06:45:20","guid":{"rendered":"https:\/\/www.university-press.fau.de\/?post_type=product&#038;p=6173"},"modified":"2026-03-23T08:48:36","modified_gmt":"2026-03-23T07:48:36","slug":"978-3-96147-838-5","status":"publish","type":"product","link":"https:\/\/www.university-press.fau.de\/en\/product\/978-3-96147-838-5\/","title":{"rendered":"Die Dorfordnungen des Amtes Rodach"},"content":{"rendered":"<p>Village ordinances, a typical manifestation of rural legal sources, had a lasting impact on village life throughout the early modern period. This book examines 42 village ordinances of the Amt Rodach, an administrative unit in the former Principality of Saxe-Coburg, dating from the late 16th to the early 19th century. They contain detailed codes of conduct designed to regulate social and economic coexistence in early modern villages in the spirit of \"good policey.\" The Thirty Years' War also played a major role in this context; its catastrophic consequences for the population of the Coburg region led to a veritable wave of standardization in the second half of the 17th century. The presentation of some classic regulatory areas (village assemblies, field and land management, fire protection, and fruit theft) also provides in-depth insight into the living conditions in the early modern cosmos of the peasant community. The work is supplemented by an edition of several selected village ordinances.<\/p>","protected":false},"excerpt":{"rendered":"<p>Dorfordnungen haben den d\u00f6rflichen Raum in der gesamten Fr\u00fchen Neuzeit als typische Erscheinungsform l\u00e4ndlicher Rechtsquellen nachhaltig gepr\u00e4gt. Das vorliegende Buch untersucht 42 Dorfordnungen des Amtes Rodach als Verwaltungseinheit im ehemaligen F\u00fcrstentum Sachsen-Coburg aus der Zeit zwischen dem ausgehenden 16. bis zum beginnenden 19. Jahrhundert. Sie enthalten detaillierte Verhaltensvorschriften, um das soziale und wirtschaftliche Miteinander im [&hellip;]<\/p>\n","protected":false},"featured_media":6174,"comment_status":"open","ping_status":"closed","template":"","meta":{"_acf_changed":false},"product_brand":[],"product_cat":[56],"product_tag":[],"class_list":{"0":"post-6173","1":"product","2":"type-product","3":"status-publish","4":"has-post-thumbnail","6":"product_cat-fau-studien-aus-der-rechtswissenschaft","7":"has-post-title","8":"has-post-date","9":"has-post-category","10":"has-post-tag","11":"has-post-comment","12":"has-post-author","13":"","15":"first","16":"instock","17":"taxable","18":"shipping-taxable","19":"purchasable","20":"product-type-simple"},"acf":{"autor":"Nickmann, Stefanie","orcid":"0009-0007-4091-0657","ror":"00f7hpc57","herausgeber":"","orcid_hrsg":"","rorhrsg":"","bearbeiter":"","sonstige_beteiligte_personen":"","untertitel":"","zusatz":"","jahr":"2025","zeitschrift":"","serie":"","serie_name":false,"serie_band":"","serie_jahr":"","serie_titel_band":"","vortrage":"","issn":"","isbn":"","isbn13":"978-3-96147-838-5","seiten":"x, 300","sonstiges":"","band":3,"auflage":"","opus":"","dspace":"37637","e-isbn_pdf":"978-3-96147-839-2","doi":"https:\/\/doi.org\/10.25593\/978-3-96147-839-2","epub":"","e-isbn_epub":"","doi_epub":"","html":"","e-isbn_html":"","doi_html":"","e-isbn_reader":"","doi_reader":"","digibib":"","urn":"urn:nbn:de:101:1-2511070403225.132789803609","supplementary_material":"","sprache":["Deutsch"],"ausgabe":"Softcover","suche":" 9783961478385 9783961478392  ","lizenz":"BY-4","bemerkung":"1  Rezensionsex. Zeitschrift f\u00fcr Neuere Rechtsgeschichte "},"builder_content":"","_links":{"self":[{"href":"https:\/\/www.university-press.fau.de\/en\/wp-json\/wp\/v2\/product\/6173","targetHints":{"allow":["GET"]}}],"collection":[{"href":"https:\/\/www.university-press.fau.de\/en\/wp-json\/wp\/v2\/product"}],"about":[{"href":"https:\/\/www.university-press.fau.de\/en\/wp-json\/wp\/v2\/types\/product"}],"replies":[{"embeddable":true,"href":"https:\/\/www.university-press.fau.de\/en\/wp-json\/wp\/v2\/comments?post=6173"}],"wp:featuredmedia":[{"embeddable":true,"href":"https:\/\/www.university-press.fau.de\/en\/wp-json\/wp\/v2\/media\/6174"}],"wp:attachment":[{"href":"https:\/\/www.university-press.fau.de\/en\/wp-json\/wp\/v2\/media?parent=6173"}],"wp:term":[{"taxonomy":"product_brand","embeddable":true,"href":"https:\/\/www.university-press.fau.de\/en\/wp-json\/wp\/v2\/product_brand?post=6173"},{"taxonomy":"product_cat","embeddable":true,"href":"https:\/\/www.university-press.fau.de\/en\/wp-json\/wp\/v2\/product_cat?post=6173"},{"taxonomy":"product_tag","embeddable":true,"href":"https:\/\/www.university-press.fau.de\/en\/wp-json\/wp\/v2\/product_tag?post=6173"}],"curies":[{"name":"wp","href":"https:\/\/api.w.org\/{rel}","templated":true}]}}