{"id":6203,"date":"2025-11-05T16:06:19","date_gmt":"2025-11-05T15:06:19","guid":{"rendered":"https:\/\/www.university-press.fau.de\/?post_type=product&#038;p=6203"},"modified":"2026-04-15T10:58:54","modified_gmt":"2026-04-15T08:58:54","slug":"978-3-96147-858-3","status":"publish","type":"product","link":"https:\/\/www.university-press.fau.de\/en\/product\/978-3-96147-858-3\/","title":{"rendered":"Teilhabe von Pflegekr\u00e4ften mit Migrationsgeschichte"},"content":{"rendered":"<p>To ensure adequate healthcare provision in urban and rural areas, the nursing and care sector in Germany increasingly relies on international workers. The study \"Gesundheit! Inclusion in the nursing and care sector\" (2022-2025) focused on how to shape the employment of these care workers and nurses to achieve sustainability drawing from interdisciplinary perspectives of political science, public health and human geography. Empirical data provided evidence on preparation for Germany and the recruitment from abroad, the arrival at the workplace and at the place of residence as well as retention. Results show that, in addition to an appreciative and non-discriminatory workplace and fostering opportunities for further individual development, a special emphasis should be given to everyday life beyond the workplace. Inclusion is facilitated through participation in social life as well as through access to adequate housing or the access to everyday mobility. Based on the findings, recommendations were developed in the course of a participatory process.<\/p>","protected":false},"excerpt":{"rendered":"<p>Um die Gesundheitsversorgung fl\u00e4chendeckend in Stadt und Land sicherzustellen, ist der Pflegesektor in Deutschland in zunehmendem Umfang auf Arbeitskr\u00e4fte aus dem Ausland angewiesen. Aus interdisziplin\u00e4ren Perspektiven aus Politikwissenschaft, Public Health und Humangeographie fokussierte die Studie \u201eGesundheit! Teilhabe im Pflegesektor\u201c (2022-2025), wie es gelingen kann, Besch\u00e4ftigung von Pflegekr\u00e4ften mit Migrationsgeschichte nachhaltig zu gestalten. Empirische Erhebungen liefern [&hellip;]<\/p>\n","protected":false},"featured_media":6204,"comment_status":"open","ping_status":"closed","template":"","meta":{"_acf_changed":false},"product_brand":[],"product_cat":[47],"product_tag":[],"class_list":{"0":"post-6203","1":"product","2":"type-product","3":"status-publish","4":"has-post-thumbnail","6":"product_cat-erlanger-migrations-und-integrationsstudien","7":"has-post-title","8":"has-post-date","9":"has-post-category","10":"has-post-tag","11":"has-post-comment","12":"has-post-author","13":"","15":"first","16":"instock","17":"taxable","18":"shipping-taxable","19":"purchasable","20":"product-type-simple"},"acf":{"autor":"Weidinger, Tobias; Bendel, Petra; Kordel, Stefan; Wagner, Theresa; Bekyol, Yasemin","orcid":"0000-0003-1411-2268; 0009-0007-2488-6976; 0000-0002-0903-3779; 0009-0007-8387-5820; 0009-0003-8644-463X","ror":"00f7hpc57; 00f7hpc57; 00f7hpc57; 00f7hpc57; 00f7hpc57","herausgeber":"","orcid_hrsg":"","rorhrsg":"","bearbeiter":"","sonstige_beteiligte_personen":"","untertitel":"","zusatz":"","jahr":"2025","zeitschrift":"","serie":"","serie_name":false,"serie_band":"","serie_jahr":"","serie_titel_band":"","vortrage":"","issn":"","isbn":"","isbn13":"978-3-96147-858-3","seiten":"ix, 226","sonstiges":"","band":12,"auflage":"","opus":"","dspace":"37936","e-isbn_pdf":"978-3-96147-859-0","doi":"https:\/\/doi.org\/10.25593\/978-3-96147-859-0","epub":"","e-isbn_epub":"","doi_epub":"","html":"","e-isbn_html":"","doi_html":"","e-isbn_reader":"","doi_reader":"","digibib":"","urn":"urn:nbn:de:101:1-2511070418100.294123374120","supplementary_material":"","sprache":["Deutsch"],"ausgabe":"Softcover","suche":" 9783961478583 9783961478590  ","lizenz":"BY-4","bemerkung":""},"builder_content":"","_links":{"self":[{"href":"https:\/\/www.university-press.fau.de\/en\/wp-json\/wp\/v2\/product\/6203","targetHints":{"allow":["GET"]}}],"collection":[{"href":"https:\/\/www.university-press.fau.de\/en\/wp-json\/wp\/v2\/product"}],"about":[{"href":"https:\/\/www.university-press.fau.de\/en\/wp-json\/wp\/v2\/types\/product"}],"replies":[{"embeddable":true,"href":"https:\/\/www.university-press.fau.de\/en\/wp-json\/wp\/v2\/comments?post=6203"}],"wp:featuredmedia":[{"embeddable":true,"href":"https:\/\/www.university-press.fau.de\/en\/wp-json\/wp\/v2\/media\/6204"}],"wp:attachment":[{"href":"https:\/\/www.university-press.fau.de\/en\/wp-json\/wp\/v2\/media?parent=6203"}],"wp:term":[{"taxonomy":"product_brand","embeddable":true,"href":"https:\/\/www.university-press.fau.de\/en\/wp-json\/wp\/v2\/product_brand?post=6203"},{"taxonomy":"product_cat","embeddable":true,"href":"https:\/\/www.university-press.fau.de\/en\/wp-json\/wp\/v2\/product_cat?post=6203"},{"taxonomy":"product_tag","embeddable":true,"href":"https:\/\/www.university-press.fau.de\/en\/wp-json\/wp\/v2\/product_tag?post=6203"}],"curies":[{"name":"wp","href":"https:\/\/api.w.org\/{rel}","templated":true}]}}