{"id":6216,"date":"2025-11-13T14:51:07","date_gmt":"2025-11-13T13:51:07","guid":{"rendered":"https:\/\/www.university-press.fau.de\/?post_type=product&#038;p=6216"},"modified":"2026-02-03T11:51:04","modified_gmt":"2026-02-03T10:51:04","slug":"978-3-96147-850-7","status":"publish","type":"product","link":"https:\/\/www.university-press.fau.de\/en\/product\/978-3-96147-850-7\/","title":{"rendered":"Entsch\u00e4digung von NS-Unrecht an deutschen Sinti und Roma in Bayern"},"content":{"rendered":"<p>Based on the digitalization and scientific evaluation of over 660 compensation files from the\nAssociation of German Sinti and Roma \u2013 Bavarian State Association, this book brings together the\nfindings of historical research on the practice of compensation for German Sinti and Roma in Bavaria\nfor the period from 1949 to 1974 as well as perspectives, expertise and experiences from the\npractice of compensation work with victims and relatives from the mid-1970s to the present day.<\/p>","protected":false},"excerpt":{"rendered":"<p>Auf Grundlage der Digitalisierung und wissenschaftlichen Auswertung von \u00fcber 660 Entsch\u00e4digungsakten aus dem Bestand des Verbandes Deutscher Sinti und Roma &#8211; Landesverband Bayern e.V. b\u00fcndelt dieses Buch Erkenntnisse historischer Forschung \u00fcber die Entsch\u00e4digungspraxis an deutschen Sinti und Roma in Bayern f\u00fcr die Zeit von 1949 bis 1974 sowie Perspektiven, Expertise und Erfahrungen aus der Praxis [&hellip;]<\/p>\n","protected":false},"featured_media":6217,"comment_status":"open","ping_status":"closed","template":"","meta":{"_acf_changed":false},"product_brand":[],"product_cat":[55],"product_tag":[],"class_list":{"0":"post-6216","1":"product","2":"type-product","3":"status-publish","4":"has-post-thumbnail","6":"product_cat-fau-studien-aus-der-philosophischen-fakultaet","7":"has-post-title","8":"has-post-date","9":"has-post-category","10":"has-post-tag","11":"has-post-comment","12":"has-post-author","13":"","15":"first","16":"instock","17":"taxable","18":"shipping-taxable","19":"purchasable","20":"product-type-simple"},"acf":{"autor":"B\u00fchl-Gramer, Charlotte; Schneeberger, Erich; Leonard St\u00f6cklein; Jacumet, Julia; Frohmader, Hannah; Metz, Markus; Berger, Michelle; Reinhardt, Marcella; H\u00f6hne, Thomas; B\u00fchl-Gramer, Charlotte; Schneeberger, Erich","orcid":"0009-0005-6670-7097 ; ; 0009-0009-2720-2570 ; ; ; ; ; ;","ror":"00f7hpc57 ; ; 00f7hpc57 ; 00f7hpc57 ; 00f7hpc57 ; ; ; ;","herausgeber":"B\u00fchl-Gramer, Charlotte; Schneeberger, Erich","orcid_hrsg":"0009-0005-6670-7097 ;","rorhrsg":"00f7hpc57 ;","bearbeiter":"","sonstige_beteiligte_personen":"St\u00f6cklein, Leonard (Redaktionelle Betreuung)","untertitel":"Historische Forschung, Entsch\u00e4digungsarbeit und Erfahrungen","zusatz":"","jahr":"2025","zeitschrift":"","serie":"","serie_name":false,"serie_band":"","serie_jahr":"","serie_titel_band":"","vortrage":"","issn":"","isbn":"","isbn13":"978-3-96147-850-7","seiten":"vi, 300","sonstiges":"","band":32,"auflage":"","opus":"","dspace":"38005","e-isbn_pdf":"978-3-96147-851-4","doi":"https:\/\/doi.org\/10.25593\/978-3-96147-851-4","epub":"","e-isbn_epub":"","doi_epub":"","html":"","e-isbn_html":"","doi_html":"","e-isbn_reader":"","doi_reader":"","digibib":"","urn":"urn:nbn:de:101:1-2511210407442.346112722575","supplementary_material":"","sprache":["Deutsch"],"ausgabe":"Softcover","suche":" 9783961478507 9783961478514  ","lizenz":"BY-4","bemerkung":"1\tFAU Press\r\n1\tHB\r\n3\tBSB \/ DNB\r\n1\tBelegex. Prof. Ferrari"},"builder_content":"","_links":{"self":[{"href":"https:\/\/www.university-press.fau.de\/en\/wp-json\/wp\/v2\/product\/6216","targetHints":{"allow":["GET"]}}],"collection":[{"href":"https:\/\/www.university-press.fau.de\/en\/wp-json\/wp\/v2\/product"}],"about":[{"href":"https:\/\/www.university-press.fau.de\/en\/wp-json\/wp\/v2\/types\/product"}],"replies":[{"embeddable":true,"href":"https:\/\/www.university-press.fau.de\/en\/wp-json\/wp\/v2\/comments?post=6216"}],"wp:featuredmedia":[{"embeddable":true,"href":"https:\/\/www.university-press.fau.de\/en\/wp-json\/wp\/v2\/media\/6217"}],"wp:attachment":[{"href":"https:\/\/www.university-press.fau.de\/en\/wp-json\/wp\/v2\/media?parent=6216"}],"wp:term":[{"taxonomy":"product_brand","embeddable":true,"href":"https:\/\/www.university-press.fau.de\/en\/wp-json\/wp\/v2\/product_brand?post=6216"},{"taxonomy":"product_cat","embeddable":true,"href":"https:\/\/www.university-press.fau.de\/en\/wp-json\/wp\/v2\/product_cat?post=6216"},{"taxonomy":"product_tag","embeddable":true,"href":"https:\/\/www.university-press.fau.de\/en\/wp-json\/wp\/v2\/product_tag?post=6216"}],"curies":[{"name":"wp","href":"https:\/\/api.w.org\/{rel}","templated":true}]}}