{"id":6237,"date":"2025-11-25T10:16:03","date_gmt":"2025-11-25T09:16:03","guid":{"rendered":"https:\/\/www.university-press.fau.de\/?post_type=product&#038;p=6237"},"modified":"2026-02-20T09:23:01","modified_gmt":"2026-02-20T08:23:01","slug":"978-3-96147-844-6","status":"publish","type":"product","link":"https:\/\/www.university-press.fau.de\/en\/product\/978-3-96147-844-6\/","title":{"rendered":"Anders unterbringen. Alternative Konzepte f\u00fcr Gefl\u00fcchtete auf kommunaler Ebene \u2013 eine empirische Typologie"},"content":{"rendered":"<p>Die Unterbringung von Gefl\u00fcchteten in Deutschland bewegt sich im Spannungsfeld zwischen menschenrechtlichen Verpflichtungen und politischen Realit\u00e4ten. W\u00e4hrend Kommunen mit strukturellen, finanziellen und planerischen Herausforderungen konfrontiert sind, w\u00e4chst die Forderung nach nachhaltigen Wohn- und Unterbringungskonzepten. Diese Studie untersucht alternative Unterbringungsmodelle f\u00fcr Gefl\u00fcchtete auf kommunaler Ebene aus politikwissenschaftlicher Perspektive. Durch eine explorative Desktop-Analyse werden bestehende Konzepte systematisch erfasst, typologisch geordnet und interdisziplin\u00e4r kontextualisiert. Damit liefert diese Arbeit eine empirische Grundlage f\u00fcr das Forschungsprojekt &gt;Mehr als vier W\u00e4nde&lt; der FAU und Universit\u00e4t Hildesheim. Die Ergebnisse leisten einen Beitrag zur Debatte \u00fcber migrationssensible Wohnraumstrategien und bieten praxisnahe Impulse f\u00fcr Forschung, Politik und kommunale Akteur*innen. Die entwickelte Typologie dient als Grundlage zur Weiterentwicklung nachhaltiger, innovativer Wohnkonzepte f\u00fcr Gefl\u00fcchtete.<\/p>","protected":false},"excerpt":{"rendered":"<p>Die Unterbringung von Gefl\u00fcchteten in Deutschland bewegt sich im Spannungsfeld zwischen menschenrechtlichen Verpflichtungen und politischen Realit\u00e4ten. W\u00e4hrend Kommunen mit strukturellen, finanziellen und planerischen Herausforderungen konfrontiert sind, w\u00e4chst die Forderung nach nachhaltigen Wohn- und Unterbringungskonzepten. Diese Studie untersucht alternative Unterbringungsmodelle f\u00fcr Gefl\u00fcchtete auf kommunaler Ebene aus politikwissenschaftlicher Perspektive. Durch eine explorative Desktop-Analyse werden bestehende Konzepte systematisch [&hellip;]<\/p>\n","protected":false},"featured_media":6238,"comment_status":"open","ping_status":"closed","template":"","meta":{"_acf_changed":false},"product_brand":[],"product_cat":[47],"product_tag":[],"class_list":{"0":"post-6237","1":"product","2":"type-product","3":"status-publish","4":"has-post-thumbnail","6":"product_cat-erlanger-migrations-und-integrationsstudien","7":"has-post-title","8":"has-post-date","9":"has-post-category","10":"has-post-tag","11":"has-post-comment","12":"has-post-author","13":"","15":"first","16":"instock","17":"taxable","18":"shipping-taxable","19":"purchasable","20":"product-type-simple"},"acf":{"autor":"Haferkamp, Yasemin","orcid":"0009-0009-3249-1717","ror":"00f7hpc57","herausgeber":"","orcid_hrsg":"","rorhrsg":"","bearbeiter":"","sonstige_beteiligte_personen":"","untertitel":"","zusatz":"","jahr":"2025","zeitschrift":"","serie":"","serie_name":false,"serie_band":"","serie_jahr":"","serie_titel_band":"","vortrage":"","issn":"","isbn":"","isbn13":"978-3-96147-844-6","seiten":"iii, 83","sonstiges":"","band":11,"auflage":"","opus":"","dspace":"38036","e-isbn_pdf":"978-3-96147-845-3","doi":"https:\/\/doi.org\/10.25593\/978-3-96147-845-3","epub":"","e-isbn_epub":"","doi_epub":"","html":"","e-isbn_html":"","doi_html":"","e-isbn_reader":"","doi_reader":"","digibib":"","urn":"urn:nbn:de:101:1-2511280403343.835021065900","supplementary_material":"","sprache":["Deutsch"],"ausgabe":"Softcover","suche":" 9783961478446 9783961478453  ","lizenz":"BY-4","bemerkung":"1\tFAU Press\r\n1\tHB\r\n3\tBSB \/ DNB\r\n"},"builder_content":"","_links":{"self":[{"href":"https:\/\/www.university-press.fau.de\/en\/wp-json\/wp\/v2\/product\/6237","targetHints":{"allow":["GET"]}}],"collection":[{"href":"https:\/\/www.university-press.fau.de\/en\/wp-json\/wp\/v2\/product"}],"about":[{"href":"https:\/\/www.university-press.fau.de\/en\/wp-json\/wp\/v2\/types\/product"}],"replies":[{"embeddable":true,"href":"https:\/\/www.university-press.fau.de\/en\/wp-json\/wp\/v2\/comments?post=6237"}],"wp:featuredmedia":[{"embeddable":true,"href":"https:\/\/www.university-press.fau.de\/en\/wp-json\/wp\/v2\/media\/6238"}],"wp:attachment":[{"href":"https:\/\/www.university-press.fau.de\/en\/wp-json\/wp\/v2\/media?parent=6237"}],"wp:term":[{"taxonomy":"product_brand","embeddable":true,"href":"https:\/\/www.university-press.fau.de\/en\/wp-json\/wp\/v2\/product_brand?post=6237"},{"taxonomy":"product_cat","embeddable":true,"href":"https:\/\/www.university-press.fau.de\/en\/wp-json\/wp\/v2\/product_cat?post=6237"},{"taxonomy":"product_tag","embeddable":true,"href":"https:\/\/www.university-press.fau.de\/en\/wp-json\/wp\/v2\/product_tag?post=6237"}],"curies":[{"name":"wp","href":"https:\/\/api.w.org\/{rel}","templated":true}]}}