{"id":6278,"date":"2025-12-16T15:52:14","date_gmt":"2025-12-16T14:52:14","guid":{"rendered":"https:\/\/www.university-press.fau.de\/?post_type=product&#038;p=6278"},"modified":"2026-01-23T09:30:03","modified_gmt":"2026-01-23T08:30:03","slug":"978-3-96147-860-6","status":"publish","type":"product","link":"https:\/\/www.university-press.fau.de\/en\/product\/978-3-96147-860-6\/","title":{"rendered":"Schuld und Schulden"},"content":{"rendered":"<p>Schuld und Schulden \u2013 gl\u00fccklich diejenigen, die beides nicht dr\u00fcckt. Wie aber umgehen mit Schuld, wie mit Schulden? Trotz etymologischer N\u00e4he beider Begriffe decken sie unterschiedliche Dimensionen menschlicher Existenz ab. Man kann Menschen um Entschuldigung bitten \u2013 eine sehr pers\u00f6nliche, mit menschlichen Basisgef\u00fchlen und ethischen Normen verwobene Angelegenheit \u2013, und eher \u00f6konomisch-technische Entschuldungsverfahren anstreben. Gibt es gute und schlechte Schulden, und falls ja, welches sind die Kriterien f\u00fcr die jeweilige Einsch\u00e4tzung? Und nicht zuletzt: Wie gehen Menschen damit um, einen Schuldenberg bew\u00e4ltigen zu m\u00fcssen? Auch hier k\u00f6nnen Scham und Schuld wirkm\u00e4chtig werden und die Probleml\u00f6sung beeinflussen. Ein weitgespannter Rahmen tut sich auf, der aus unterschiedlichen Disziplinen und Blickwinkeln beleuchtet sein will.<\/p>","protected":false},"excerpt":{"rendered":"<p>Schuld und Schulden \u2013 gl\u00fccklich diejenigen, die beides nicht dr\u00fcckt. Wie aber umgehen mit Schuld, wie mit Schulden? Trotz etymologischer N\u00e4he beider Begriffe decken sie unterschiedliche Dimensionen menschlicher Existenz ab. Man kann Menschen um Entschuldigung bitten \u2013 eine sehr pers\u00f6nliche, mit menschlichen Basisgef\u00fchlen und ethischen Normen verwobene Angelegenheit \u2013, und eher \u00f6konomisch-technische Entschuldungsverfahren anstreben. Gibt [&hellip;]<\/p>\n","protected":false},"featured_media":6279,"comment_status":"open","ping_status":"closed","template":"","meta":{"_acf_changed":false},"product_brand":[],"product_cat":[42,48],"product_tag":[],"class_list":{"0":"post-6278","1":"product","2":"type-product","3":"status-publish","4":"has-post-thumbnail","6":"product_cat-atzelsberger-gespraeche","7":"product_cat-fau-forschungen-reihe-a-geisteswissenschaften","8":"has-post-title","9":"has-post-date","10":"has-post-category","11":"has-post-tag","12":"has-post-comment","13":"has-post-author","14":"","16":"first","17":"instock","18":"taxable","19":"shipping-taxable","20":"purchasable","21":"product-type-simple"},"acf":{"autor":"Rohe, Mathias; B\u00fcttner, Almut; B\u00fcttner, Thiess; Krajewski, Markus; Stemmler, Mark","orcid":"0000-0003-0920-5726; ; 0000-0001-7490-0122; 0000-0002-8342-7389; 0000-0003-4321-1302","ror":"00f7hpc57; ; 00f7hpc57; 00f7hpc57; 00f7hpc57","herausgeber":"Rohe, Mathias","orcid_hrsg":"0000-0003-0920-5726","rorhrsg":"00f7hpc57","bearbeiter":"","sonstige_beteiligte_personen":"","untertitel":"","zusatz":"","jahr":"2025","zeitschrift":"","serie":["ja"],"serie_name":"Atzelsberger Gespr\u00e4che","serie_band":"","serie_jahr":2023,"serie_titel_band":"","vortrage":"","issn":"","isbn":"","isbn13":"978-3-96147-860-6","seiten":"68","sonstiges":"","band":21,"auflage":"","opus":"","dspace":"38346","e-isbn_pdf":"978-3-96147-861-3","doi":"https:\/\/doi.org\/10.25593\/978-3-96147-861-3","epub":"","e-isbn_epub":"","doi_epub":"","html":"","e-isbn_html":"","doi_html":"","e-isbn_reader":"","doi_reader":"","digibib":"","urn":"urn:nbn:de:101:1-2601230404485.640181146621","supplementary_material":"","sprache":["Deutsch"],"ausgabe":"Softcover","suche":" 9783961478606 9783961478613  ","lizenz":"BY-4","bemerkung":""},"builder_content":"","_links":{"self":[{"href":"https:\/\/www.university-press.fau.de\/en\/wp-json\/wp\/v2\/product\/6278","targetHints":{"allow":["GET"]}}],"collection":[{"href":"https:\/\/www.university-press.fau.de\/en\/wp-json\/wp\/v2\/product"}],"about":[{"href":"https:\/\/www.university-press.fau.de\/en\/wp-json\/wp\/v2\/types\/product"}],"replies":[{"embeddable":true,"href":"https:\/\/www.university-press.fau.de\/en\/wp-json\/wp\/v2\/comments?post=6278"}],"wp:featuredmedia":[{"embeddable":true,"href":"https:\/\/www.university-press.fau.de\/en\/wp-json\/wp\/v2\/media\/6279"}],"wp:attachment":[{"href":"https:\/\/www.university-press.fau.de\/en\/wp-json\/wp\/v2\/media?parent=6278"}],"wp:term":[{"taxonomy":"product_brand","embeddable":true,"href":"https:\/\/www.university-press.fau.de\/en\/wp-json\/wp\/v2\/product_brand?post=6278"},{"taxonomy":"product_cat","embeddable":true,"href":"https:\/\/www.university-press.fau.de\/en\/wp-json\/wp\/v2\/product_cat?post=6278"},{"taxonomy":"product_tag","embeddable":true,"href":"https:\/\/www.university-press.fau.de\/en\/wp-json\/wp\/v2\/product_tag?post=6278"}],"curies":[{"name":"wp","href":"https:\/\/api.w.org\/{rel}","templated":true}]}}