{"id":6306,"date":"2026-01-07T13:43:12","date_gmt":"2026-01-07T12:43:12","guid":{"rendered":"https:\/\/www.university-press.fau.de\/?post_type=product&#038;p=6306"},"modified":"2026-04-01T09:18:27","modified_gmt":"2026-04-01T07:18:27","slug":"978-3-96147-864-4","status":"publish","type":"product","link":"https:\/\/www.university-press.fau.de\/en\/product\/978-3-96147-864-4\/","title":{"rendered":"Einblicke in Themen der vergleichenden Extremismusforschung"},"content":{"rendered":"<p>The present volume offers insights into the field of comparative extremism research \u2013 a broad and increasingly significant area of inquiry in light of growing societal polarization. The contributions assembled here are the outcome of a two-semester engagement with extremist phenomena. In the winter semester 2024\/25, participants in the master\u2019s seminar Comparative Extremism Research at Friedrich-Alexander-Universit\u00e4t Erlangen-N\u00fcrnberg first familiarized themselves with the key concepts, methods, and debates in the discipline. Particular attention was given to the normative premises underlying extremism research and to critical perspectives on them, as well as to the analysis of contemporary manifestations of extremism. Building on this foundation, the summer semester 2025 featured a writing workshop in which the students\u2019 papers were developed\u2014through close supervision and iterative feedback\u2014into contributions ready for publication.<\/p>","protected":false},"excerpt":{"rendered":"<p>Der vorliegende Band gibt Einblicke in die vergleichende Extremismusforschung \u2013 einem breiten und, aufgrund gesellschaftlicher Polarisierungstendenzen, wichtiger werdenden Forschungsfeld. Die hier versammelten Beitr\u00e4ge sind das Ergebnis einer zwei Semester dauernden Auseinandersetzung mit extremistischen Ph\u00e4nomenen. Teilnehmende des Masterseminars \u201eVergleichende Extremismusforschung\u201c im Wintersemester 2024\/25 an der Friedrich-Alexander-Universit\u00e4t Erlangen-N\u00fcrnberg arbeiteten sich zun\u00e4chst in die vergleichende Extremismusforschung ein. Dar\u00fcber [&hellip;]<\/p>\n","protected":false},"featured_media":6307,"comment_status":"open","ping_status":"closed","template":"","meta":{"_acf_changed":false},"product_brand":[],"product_cat":[40],"product_tag":[],"class_list":{"0":"post-6306","1":"product","2":"type-product","3":"status-publish","4":"has-post-thumbnail","6":"product_cat-einzeltitel","7":"has-post-title","8":"has-post-date","9":"has-post-category","10":"has-post-tag","11":"has-post-comment","12":"has-post-author","13":"","15":"first","16":"instock","17":"taxable","18":"shipping-taxable","19":"purchasable","20":"product-type-simple"},"acf":{"autor":"Winkelmann, Thorsten; Klingler, Dominik; Spiegl, Daniel; Wernitz, Leopold; Ahles, Nico; Heblik, Michelle; Eidt, C.-Sophi\u00e9","orcid":"0009-0003-7755-5266","ror":"00f7hpc57","herausgeber":"Winkelmann, Thorsten","orcid_hrsg":"0009-0003-7755-5266","rorhrsg":"00f7hpc57","bearbeiter":"","sonstige_beteiligte_personen":"","untertitel":"","zusatz":"","jahr":"2025","zeitschrift":"","serie":"","serie_name":false,"serie_band":"","serie_jahr":"","serie_titel_band":"","vortrage":"","issn":"","isbn":"","isbn13":"978-3-96147-864-4","seiten":"i, 264","sonstiges":"","band":"","auflage":"","opus":"","dspace":"38438","e-isbn_pdf":"978-3-96147-865-1","doi":"https:\/\/doi.org\/10.25593\/978-3-96147-865-1","epub":"","e-isbn_epub":"","doi_epub":"","html":"","e-isbn_html":"","doi_html":"","e-isbn_reader":"","doi_reader":"","digibib":"","urn":"urn:nbn:de:101:1-2601090408475.573626216296","supplementary_material":"","sprache":["Deutsch"],"ausgabe":"Softcover","suche":" 9783961478644 9783961478651  ","lizenz":"BY-4","bemerkung":"1x FUP\r\n1x HB\r\n3x DNB\/BSB\r\n"},"builder_content":"","_links":{"self":[{"href":"https:\/\/www.university-press.fau.de\/en\/wp-json\/wp\/v2\/product\/6306","targetHints":{"allow":["GET"]}}],"collection":[{"href":"https:\/\/www.university-press.fau.de\/en\/wp-json\/wp\/v2\/product"}],"about":[{"href":"https:\/\/www.university-press.fau.de\/en\/wp-json\/wp\/v2\/types\/product"}],"replies":[{"embeddable":true,"href":"https:\/\/www.university-press.fau.de\/en\/wp-json\/wp\/v2\/comments?post=6306"}],"wp:featuredmedia":[{"embeddable":true,"href":"https:\/\/www.university-press.fau.de\/en\/wp-json\/wp\/v2\/media\/6307"}],"wp:attachment":[{"href":"https:\/\/www.university-press.fau.de\/en\/wp-json\/wp\/v2\/media?parent=6306"}],"wp:term":[{"taxonomy":"product_brand","embeddable":true,"href":"https:\/\/www.university-press.fau.de\/en\/wp-json\/wp\/v2\/product_brand?post=6306"},{"taxonomy":"product_cat","embeddable":true,"href":"https:\/\/www.university-press.fau.de\/en\/wp-json\/wp\/v2\/product_cat?post=6306"},{"taxonomy":"product_tag","embeddable":true,"href":"https:\/\/www.university-press.fau.de\/en\/wp-json\/wp\/v2\/product_tag?post=6306"}],"curies":[{"name":"wp","href":"https:\/\/api.w.org\/{rel}","templated":true}]}}