{"id":6466,"date":"2026-04-24T09:32:14","date_gmt":"2026-04-24T07:32:14","guid":{"rendered":"https:\/\/www.university-press.fau.de\/?post_type=product&#038;p=6466"},"modified":"2026-04-24T09:32:15","modified_gmt":"2026-04-24T07:32:15","slug":"978-3-96147-912-2","status":"publish","type":"product","link":"https:\/\/www.university-press.fau.de\/en\/product\/978-3-96147-912-2\/","title":{"rendered":"Atmosph\u00e4risches Plasmaspritzen zur Kupfermetallisierung leistungselektronischer Halbleiterbauelemente"},"content":{"rendered":"<p>Atmospheric plasma spraying is an innovative manufacturing technology that offers a cost-effective and flexible alternative to conventional Copper metallization in power electronics. It enables the flexible deposition of thermo-mechanical bond-buffers. During the spraying process, spherical copper powder is applied at high particle temperatures and low velocities,\nresulting in a lamellar, transversely isotropic coating structure in which copper oxides are embedded. A thermal post-treatment with hydrogen homogenizes the coating and reduces oxide content, thereby enhancing electrical properties. Throughout the process chain, the high thermal input induces thermo-mechanical stresses in the semiconductor chip, which results\nin strong chip warpage. The post-treatment mitigates these effects by promoting grain recrystallization. For successful ultrasonic wire bonding of thick copper wires, both cohesion and adhesion of the plasma-sprayed coating play a crucial role. However, hydrogen embrittlement reduces cohesion, leading to delamination and internal fractures within the coating. Adhesion, in contrast, is primarily influenced by the surface roughness of the semiconductor chip, which is determined by its cell structure. By optimizing process parameters, it is possible to achieve reliable and durable aluminum wire bonds on plasma-sprayed copper metallization which double the lifetime of a wire-bonded power module without changing the manufacturing chain.<\/p>","protected":false},"excerpt":{"rendered":"<p>Das atmosph\u00e4rische Plasmaspritzen ist eine Fertigungstechnologie, die eine flexible Alternative zu herk\u00f6mmlichen Kupfermetallisierungen in der Leistungselektronik bietet. Sie erm\u00f6glicht die Aufbringung thermo-mechanischer Bondbuffer. Beim Aufspritzen von sph\u00e4rischem Kupferpulver mit hohen Partikeltemperaturen und niedrigen Geschwindigkeiten entsteht eine lamellare, transversal-isotrope Beschichtungsstruktur, in der Kupferoxide eingeschlossen sind. Eine thermische Nachbehandlung mit Wasserstoff homogenisiert die Beschichtung und reduziert die [&hellip;]<\/p>\n","protected":false},"featured_media":6467,"comment_status":"open","ping_status":"closed","template":"","meta":{"_acf_changed":false},"product_brand":[],"product_cat":[34],"product_tag":[],"class_list":{"0":"post-6466","1":"product","2":"type-product","3":"status-publish","4":"has-post-thumbnail","6":"product_cat-fau-studien-aus-dem-maschinenbau","7":"has-post-title","8":"has-post-date","9":"has-post-category","10":"has-post-tag","11":"has-post-comment","12":"has-post-author","13":"","15":"first","16":"instock","17":"taxable","18":"shipping-taxable","19":"purchasable","20":"product-type-simple"},"acf":{"autor":"Ockel, Manuela","orcid":"0000-0002-1050-4603","ror":"00f7hpc57","herausgeber":"","orcid_hrsg":"","rorhrsg":"","bearbeiter":"","sonstige_beteiligte_personen":"","untertitel":"","zusatz":"","jahr":"2026","zeitschrift":"","serie":"","serie_name":false,"serie_band":"","serie_jahr":"","serie_titel_band":"","vortrage":"","issn":"","isbn":"","isbn13":"978-3-96147-912-2","seiten":"xxviii, 168 Seiten","sonstiges":"","band":474,"auflage":"","opus":"","dspace":"39485","e-isbn_pdf":"978-3-96147-913-9","doi":"https:\/\/doi.org\/10.25593\/978-3-96147-913-9","epub":"","e-isbn_epub":"","doi_epub":"","html":"","e-isbn_html":"","doi_html":"","e-isbn_reader":"","doi_reader":"","digibib":"","urn":"","supplementary_material":"","sprache":["Deutsch"],"ausgabe":"Softcover","suche":" 9783961479122 9783961479139  ","lizenz":"BY-NC-4","bemerkung":"1\tFAU Press\r\n1\tHB\r\n4\tBSB \/ DNB\r\n1\tTNZB\r\n1\tTIB"},"builder_content":"","_links":{"self":[{"href":"https:\/\/www.university-press.fau.de\/en\/wp-json\/wp\/v2\/product\/6466","targetHints":{"allow":["GET"]}}],"collection":[{"href":"https:\/\/www.university-press.fau.de\/en\/wp-json\/wp\/v2\/product"}],"about":[{"href":"https:\/\/www.university-press.fau.de\/en\/wp-json\/wp\/v2\/types\/product"}],"replies":[{"embeddable":true,"href":"https:\/\/www.university-press.fau.de\/en\/wp-json\/wp\/v2\/comments?post=6466"}],"wp:featuredmedia":[{"embeddable":true,"href":"https:\/\/www.university-press.fau.de\/en\/wp-json\/wp\/v2\/media\/6467"}],"wp:attachment":[{"href":"https:\/\/www.university-press.fau.de\/en\/wp-json\/wp\/v2\/media?parent=6466"}],"wp:term":[{"taxonomy":"product_brand","embeddable":true,"href":"https:\/\/www.university-press.fau.de\/en\/wp-json\/wp\/v2\/product_brand?post=6466"},{"taxonomy":"product_cat","embeddable":true,"href":"https:\/\/www.university-press.fau.de\/en\/wp-json\/wp\/v2\/product_cat?post=6466"},{"taxonomy":"product_tag","embeddable":true,"href":"https:\/\/www.university-press.fau.de\/en\/wp-json\/wp\/v2\/product_tag?post=6466"}],"curies":[{"name":"wp","href":"https:\/\/api.w.org\/{rel}","templated":true}]}}