{"id":6474,"date":"2026-04-29T15:20:02","date_gmt":"2026-04-29T13:20:02","guid":{"rendered":"https:\/\/www.university-press.fau.de\/?post_type=product&#038;p=6474"},"modified":"2026-04-29T15:20:02","modified_gmt":"2026-04-29T13:20:02","slug":"978-3-96147-910-8","status":"publish","type":"product","link":"https:\/\/www.university-press.fau.de\/en\/product\/978-3-96147-910-8\/","title":{"rendered":"Business and Human Rights Leading Cases"},"content":{"rendered":"<p>In the growing field of Business and Human Rights (BHR) references are often made to \u201cleading cases\u201d of the field, in other words, cases which shaped the development of the field by addressing core questions, highlighting important challenges and establishing key principles. This volume contains eight leading cases which have contributed to the legal discourse surrounding business and human rights, particularly in areas involving extraterritorial jurisdiction, parent company liability, mandatory human rights due diligence, environmental responsibility, and access to remedies for affected com-munities. These cases represent pivotal legal turning points, setting jurisprudential standards and challenging traditional doctrines in the context of globalization and transnational corporate activity. The book is designed to serve as a practical guide for researchers, practitioners, NGOs, and public institutions who seek to understand the legal reasoning behind these decisions and use them as precedents, reference points, or even counter-models in their work.<\/p>","protected":false},"excerpt":{"rendered":"<p>Im wachsenden Feld Wirtschaft und Menschenrechte wird h\u00e4ufig auf Leitentscheidungen (Leading Cases) dieses Bereichs Bezug genommen, d. h. auf F\u00e4lle, die die Entwicklung des Bereichs gepr\u00e4gt haben, indem sie zentrale Fragen behandelt, wichtige Herausforderungen aufgezeigt und grundlegende Prinzipien festgelegt haben. Dieser Band enth\u00e4lt acht wegweisende F\u00e4lle, die zur juristischen Debatte \u00fcber Wirtschaft und Menschenrechte beigetragen [&hellip;]<\/p>\n","protected":false},"featured_media":6475,"comment_status":"open","ping_status":"closed","template":"","meta":{"_acf_changed":false},"product_brand":[],"product_cat":[59],"product_tag":[],"class_list":{"0":"post-6474","1":"product","2":"type-product","3":"status-publish","4":"has-post-thumbnail","6":"product_cat-fau-studien-zu-menschenrechten","7":"has-post-title","8":"has-post-date","9":"has-post-category","10":"has-post-tag","11":"has-post-comment","12":"has-post-author","13":"","15":"first","16":"instock","17":"taxable","18":"shipping-taxable","19":"purchasable","20":"product-type-simple"},"acf":{"autor":"Dey, Shuvra; Hadassa Sobral Viana, Lya; Bertholdi, Juliana; Davaanyam, Otgontuya; Singh, Bruna; Bittencourt Bodenmuller de Oliveira, Gabriel; Menezes Lourega Belli, Anna Cl\u00e1udia; Demlie Gezahegn, Bantayehu; Vasudev, Eklavya; Stefanello Pires, Julia; Regalia, Stephanie; Fl\u00fcgel Assad, Beatriz; Almeida de Moraes, Patricia; Rau, Sabrina; Voigt, Claudia; Otieno Okeyo, Nelson","orcid":"","ror":"","herausgeber":"Krajewski, Markus; Pamplona, Danielle Anne","orcid_hrsg":"0000-0002-8342-7389; 0000-0002-2864-8365","rorhrsg":"00f7hpc57\/Friedrich-Alexander-Universit\u00e4t; 02x1vjk79\/Pontif\u00edcia","bearbeiter":"","sonstige_beteiligte_personen":"","untertitel":"Empresas e Direitos Humanos Casos Importantes","zusatz":"","jahr":"2026","zeitschrift":"","serie":"","serie_name":false,"serie_band":"","serie_jahr":"","serie_titel_band":"","vortrage":"","issn":"","isbn":"","isbn13":"978-3-96147-910-8","seiten":"iv, 200","sonstiges":"","band":11,"auflage":"","opus":"","dspace":"39410","e-isbn_pdf":"978-3-96147-911-5","doi":"https:\/\/doi.org\/10.25593\/978-3-96147-911-5","epub":"","e-isbn_epub":"","doi_epub":"","html":"","e-isbn_html":"","doi_html":"","e-isbn_reader":"","doi_reader":"","digibib":"","urn":"urn:nbn:de:101:1-2604240557218.563887166001","supplementary_material":"","sprache":["Englisch","Portugiesisch"],"ausgabe":"Softcover","suche":" 9783961479108 9783961479115  ","lizenz":"BY-4","bemerkung":"1 FAU Press\r\n1 HB\r\n3 BSB \/ DNB"},"builder_content":"","_links":{"self":[{"href":"https:\/\/www.university-press.fau.de\/en\/wp-json\/wp\/v2\/product\/6474","targetHints":{"allow":["GET"]}}],"collection":[{"href":"https:\/\/www.university-press.fau.de\/en\/wp-json\/wp\/v2\/product"}],"about":[{"href":"https:\/\/www.university-press.fau.de\/en\/wp-json\/wp\/v2\/types\/product"}],"replies":[{"embeddable":true,"href":"https:\/\/www.university-press.fau.de\/en\/wp-json\/wp\/v2\/comments?post=6474"}],"wp:featuredmedia":[{"embeddable":true,"href":"https:\/\/www.university-press.fau.de\/en\/wp-json\/wp\/v2\/media\/6475"}],"wp:attachment":[{"href":"https:\/\/www.university-press.fau.de\/en\/wp-json\/wp\/v2\/media?parent=6474"}],"wp:term":[{"taxonomy":"product_brand","embeddable":true,"href":"https:\/\/www.university-press.fau.de\/en\/wp-json\/wp\/v2\/product_brand?post=6474"},{"taxonomy":"product_cat","embeddable":true,"href":"https:\/\/www.university-press.fau.de\/en\/wp-json\/wp\/v2\/product_cat?post=6474"},{"taxonomy":"product_tag","embeddable":true,"href":"https:\/\/www.university-press.fau.de\/en\/wp-json\/wp\/v2\/product_tag?post=6474"}],"curies":[{"name":"wp","href":"https:\/\/api.w.org\/{rel}","templated":true}]}}