{"id":710,"date":"2022-09-30T12:19:57","date_gmt":"2022-09-30T10:19:57","guid":{"rendered":"https:\/\/www.university-press.fau.de\/?post_type=product&#038;p=710"},"modified":"2023-11-20T13:55:18","modified_gmt":"2023-11-20T12:55:18","slug":"978-3-941871-06-9","status":"publish","type":"product","link":"https:\/\/www.university-press.fau.de\/en\/product\/978-3-941871-06-9\/","title":{"rendered":"Jugendkriminalit\u00e4t &#8211; eine neue Herausforderung?"},"content":{"rendered":"<div id=\"result-data\">\n<div id=\"abstract\">\n<p>Bei den allj\u00e4hrlichen Atzelsberger Gespr\u00e4chen werden immer wieder auch aktuelle grunds\u00e4tzliche Probleme thematisiert und von fachkundigen Referenten \u2013 ausgewiesenen Wissenschaftlern und erfahrenen Praktikern \u2013 behandelt. Am 8. Juli 2010 wurde in Schlo\u00df Atzelsberg nach \u201eJugendkriminalit\u00e4t \u2013 eine neue Herausforderung?\u201c gefragt. Zu Wort kamen Vertreter der Psychologie, der Kriminologie und des Strafrechts sowie der P\u00e4dagogik. Dar\u00fcber hinaus wurden Einblicke in die Arbeit eines besonders mit Jugendkriminalit\u00e4t befa\u00dften Staatsanwalts gewonnen und der Leiter eines von einem Amoklauf betroffenen Gymnasiums geh\u00f6rt.<\/p>\n<\/div>\n<\/div>\n<div id=\"services\" class=\"services-menu\"><\/div>","protected":false},"excerpt":{"rendered":"<p>Bei den allj\u00e4hrlichen Atzelsberger Gespr\u00e4chen werden immer wieder auch aktuelle grunds\u00e4tzliche Probleme thematisiert und von fachkundigen Referenten \u2013 ausgewiesenen Wissenschaftlern und erfahrenen Praktikern \u2013 behandelt. Am 8. Juli 2010 wurde in Schlo\u00df Atzelsberg nach \u201eJugendkriminalit\u00e4t \u2013 eine neue Herausforderung?\u201c gefragt. Zu Wort kamen Vertreter der Psychologie, der Kriminologie und des Strafrechts sowie der P\u00e4dagogik. Dar\u00fcber [&hellip;]<\/p>\n","protected":false},"featured_media":1198,"comment_status":"open","ping_status":"closed","template":"","meta":{"_acf_changed":false},"product_brand":[],"product_cat":[41,42],"product_tag":[],"class_list":{"0":"post-710","1":"product","2":"type-product","3":"status-publish","4":"has-post-thumbnail","6":"product_cat-erlanger-forschungen-reihe-a-geisteswissenschaften","7":"product_cat-atzelsberger-gespraeche","8":"has-post-title","9":"has-post-date","10":"has-post-category","11":"has-post-tag","12":"has-post-comment","13":"has-post-author","14":"","16":"first","17":"instock","18":"taxable","19":"shipping-taxable","20":"purchasable","21":"product-type-simple"},"acf":{"autor":"","orcid":"","ror":"","herausgeber":"Helmut Neuhaus","orcid_hrsg":"","rorhrsg":"","bearbeiter":"","sonstige_beteiligte_personen":"","untertitel":"","zusatz":"","jahr":"2011","zeitschrift":"","serie":["ja"],"serie_name":"Atzelsberger Gespr\u00e4che","serie_band":"","serie_jahr":2010,"serie_titel_band":"","vortrage":"","issn":"","isbn":"","isbn13":"978-3-941871-06-9","seiten":"136","sonstiges":"Ill.","band":123,"auflage":"","opus":1789,"dspace":"1789","e-isbn_pdf":"978-3-941871-06-9","doi":"","epub":"","e-isbn_epub":"","doi_epub":"","html":"","e-isbn_html":"","doi_html":"","e-isbn_reader":"","doi_reader":"","digibib":"","urn":"urn:nbn:de:bvb:29-opus-26777","supplementary_material":"","sprache":["Deutsch"],"ausgabe":"Softcover","suche":" 9783941871069 9783941871069  ","lizenz":"ohne Angabe","bemerkung":""},"builder_content":"","_links":{"self":[{"href":"https:\/\/www.university-press.fau.de\/en\/wp-json\/wp\/v2\/product\/710","targetHints":{"allow":["GET"]}}],"collection":[{"href":"https:\/\/www.university-press.fau.de\/en\/wp-json\/wp\/v2\/product"}],"about":[{"href":"https:\/\/www.university-press.fau.de\/en\/wp-json\/wp\/v2\/types\/product"}],"replies":[{"embeddable":true,"href":"https:\/\/www.university-press.fau.de\/en\/wp-json\/wp\/v2\/comments?post=710"}],"wp:featuredmedia":[{"embeddable":true,"href":"https:\/\/www.university-press.fau.de\/en\/wp-json\/wp\/v2\/media\/1198"}],"wp:attachment":[{"href":"https:\/\/www.university-press.fau.de\/en\/wp-json\/wp\/v2\/media?parent=710"}],"wp:term":[{"taxonomy":"product_brand","embeddable":true,"href":"https:\/\/www.university-press.fau.de\/en\/wp-json\/wp\/v2\/product_brand?post=710"},{"taxonomy":"product_cat","embeddable":true,"href":"https:\/\/www.university-press.fau.de\/en\/wp-json\/wp\/v2\/product_cat?post=710"},{"taxonomy":"product_tag","embeddable":true,"href":"https:\/\/www.university-press.fau.de\/en\/wp-json\/wp\/v2\/product_tag?post=710"}],"curies":[{"name":"wp","href":"https:\/\/api.w.org\/{rel}","templated":true}]}}