{"id":718,"date":"2022-09-30T12:30:47","date_gmt":"2022-09-30T10:30:47","guid":{"rendered":"https:\/\/www.university-press.fau.de\/?post_type=product&#038;p=718"},"modified":"2024-03-22T11:22:26","modified_gmt":"2024-03-22T10:22:26","slug":"978-3-944057-02-6","status":"publish","type":"product","link":"https:\/\/www.university-press.fau.de\/en\/product\/978-3-944057-02-6\/","title":{"rendered":"Demokratie &#8211; Hoffnung und Krise"},"content":{"rendered":"<p>Mit dem Thema &#8222;Demokratie&#8220; griffen die Atzelsberger Gesp\u00e4che des Jahres 2012 wieder einen h\u00f6chst aktuellen Gegenstand auf. Neben der Frage der Qualit\u00e4t einer Demokratie und des Instrumentariums zu ihrer Bewertung behandelten sie den Zusammenhang von wirtschaftlicher Entwicklung und Demokratie, den Begriff und die Realit\u00e4t der &#8222;Postdemokratie&#8220; sowie Geschichte, Form und Prognose von Demokratie in arabischen Staaten.<\/p>","protected":false},"excerpt":{"rendered":"<p>Mit dem Thema &#8222;Demokratie&#8220; griffen die Atzelsberger Gesp\u00e4che des Jahres 2012 wieder einen h\u00f6chst aktuellen Gegenstand auf. Neben der Frage der Qualit\u00e4t einer Demokratie und des Instrumentariums zu ihrer Bewertung behandelten sie den Zusammenhang von wirtschaftlicher Entwicklung und Demokratie, den Begriff und die Realit\u00e4t der &#8222;Postdemokratie&#8220; sowie Geschichte, Form und Prognose von Demokratie in arabischen [&hellip;]<\/p>\n","protected":false},"featured_media":961,"comment_status":"open","ping_status":"closed","template":"","meta":{"_acf_changed":false},"product_brand":[],"product_cat":[41,42],"product_tag":[],"class_list":{"0":"post-718","1":"product","2":"type-product","3":"status-publish","4":"has-post-thumbnail","6":"product_cat-erlanger-forschungen-reihe-a-geisteswissenschaften","7":"product_cat-atzelsberger-gespraeche","8":"has-post-title","9":"has-post-date","10":"has-post-category","11":"has-post-tag","12":"has-post-comment","13":"has-post-author","14":"","16":"first","17":"instock","18":"taxable","19":"shipping-taxable","20":"purchasable","21":"product-type-simple"},"acf":{"autor":"","orcid":"","ror":"","herausgeber":"Helmut Neuhaus","orcid_hrsg":"","rorhrsg":"","bearbeiter":"","sonstige_beteiligte_personen":"","untertitel":"","zusatz":"","jahr":"2013","zeitschrift":"","serie":["ja"],"serie_name":"Atzelsberger Gespr\u00e4che","serie_band":"","serie_jahr":2012,"serie_titel_band":"","vortrage":"","issn":"","isbn":"","isbn13":"978-3-944057-02-6","seiten":"144","sonstiges":"Ill., graph. Darst., Kt.","band":127,"auflage":"","opus":3344,"dspace":"3344","e-isbn_pdf":"978-3-944057-02-6","doi":"","epub":"","e-isbn_epub":"","doi_epub":"","html":"","e-isbn_html":"","doi_html":"","e-isbn_reader":"","doi_reader":"","digibib":"","urn":"urn:nbn:de:bvb:29-opus-46292","supplementary_material":"","sprache":["Deutsch"],"ausgabe":"Softcover","suche":" 9783944057026 9783944057026  ","lizenz":"ohne Angabe","bemerkung":""},"builder_content":"","_links":{"self":[{"href":"https:\/\/www.university-press.fau.de\/en\/wp-json\/wp\/v2\/product\/718","targetHints":{"allow":["GET"]}}],"collection":[{"href":"https:\/\/www.university-press.fau.de\/en\/wp-json\/wp\/v2\/product"}],"about":[{"href":"https:\/\/www.university-press.fau.de\/en\/wp-json\/wp\/v2\/types\/product"}],"replies":[{"embeddable":true,"href":"https:\/\/www.university-press.fau.de\/en\/wp-json\/wp\/v2\/comments?post=718"}],"wp:featuredmedia":[{"embeddable":true,"href":"https:\/\/www.university-press.fau.de\/en\/wp-json\/wp\/v2\/media\/961"}],"wp:attachment":[{"href":"https:\/\/www.university-press.fau.de\/en\/wp-json\/wp\/v2\/media?parent=718"}],"wp:term":[{"taxonomy":"product_brand","embeddable":true,"href":"https:\/\/www.university-press.fau.de\/en\/wp-json\/wp\/v2\/product_brand?post=718"},{"taxonomy":"product_cat","embeddable":true,"href":"https:\/\/www.university-press.fau.de\/en\/wp-json\/wp\/v2\/product_cat?post=718"},{"taxonomy":"product_tag","embeddable":true,"href":"https:\/\/www.university-press.fau.de\/en\/wp-json\/wp\/v2\/product_tag?post=718"}],"curies":[{"name":"wp","href":"https:\/\/api.w.org\/{rel}","templated":true}]}}